{"id":8050,"date":"2018-10-15T17:01:08","date_gmt":"2018-10-15T15:01:08","guid":{"rendered":"https:\/\/www.gioconaturalmente.com\/shop\/senza%20categoria\/pg035\/"},"modified":"2024-11-28T14:58:11","modified_gmt":"2024-11-28T13:58:11","slug":"pg035","status":"publish","type":"product","link":"https:\/\/www.gioconaturalmente.com\/en\/shop\/decorazioni-per-bambini\/tappeti-gioco-per-bambini\/pg035\/","title":{"rendered":"Sacco Portagiochi e Tappeto Golden Cherry \u2013 Ciliegie Play&#038;Go"},"content":{"rendered":"","protected":false},"excerpt":{"rendered":"<p>Tutti sappiamo quanto sia difficile tenere in ordine i giocattoli dei bambini, specialmente la Lego, ma da oggi con la sacca tappeto gioco di Play&amp;Go sar\u00e0 un gioco da ragazzi. E&#8217; la soluzione perfetta per contenere bambole, costruzioni, veicoli e molto altro ancora. La sacca \u00e8 funzionale, semplice e pratica. Si potr\u00e0 usare anche come tappeto gioco dal diametro di 140 cm baster\u00e0 aprirlo stendendolo sul pavimento. Una volta stanchi di giocare baster\u00e0 tirar la coulisse e tutti i giochi spariranno al loro interno come per magia. Finalmente una soluzione a misura di bambino e di design.<\/p>\n<p><strong>Fantasia Ciliegie<\/strong><br \/>\n<i>Sacco e tappeto gioco di design realizzato in 70% cotone e 30% polyester. <\/i><\/p>\n<h4>Facilmente trasportabile, pratico e multifunzione.<\/h4>\n","protected":false},"featured_media":16827,"template":"","meta":{"_crdt_document":""},"product_cat":[161,524],"product_tag":[102,80,1244,1242,1243,131,1241,360,146,100],"class_list":["post-8050","product","type-product","status-publish","has-post-thumbnail","hentry","product_cat-sacchi-e-tappeti-gioco-per-bambini","product_cat-tappeti-gioco-per-bambini","product_tag-1-3-anni","product_tag-3-6-anni","product_tag-cesto","product_tag-cesto-portagiochi","product_tag-decorazioni-cameretta","product_tag-playgo","product_tag-sacco","product_tag-tappeto","product_tag-tappeto-gioco","product_tag-unisex"],"_links":{"self":[{"href":"https:\/\/www.gioconaturalmente.com\/en\/wp-json\/wp\/v2\/product\/8050","targetHints":{"allow":["GET"]}}],"collection":[{"href":"https:\/\/www.gioconaturalmente.com\/en\/wp-json\/wp\/v2\/product"}],"about":[{"href":"https:\/\/www.gioconaturalmente.com\/en\/wp-json\/wp\/v2\/types\/product"}],"wp:featuredmedia":[{"embeddable":true,"href":"https:\/\/www.gioconaturalmente.com\/en\/wp-json\/wp\/v2\/media\/16827"}],"wp:attachment":[{"href":"https:\/\/www.gioconaturalmente.com\/en\/wp-json\/wp\/v2\/media?parent=8050"}],"wp:term":[{"taxonomy":"product_cat","embeddable":true,"href":"https:\/\/www.gioconaturalmente.com\/en\/wp-json\/wp\/v2\/product_cat?post=8050"},{"taxonomy":"product_tag","embeddable":true,"href":"https:\/\/www.gioconaturalmente.com\/en\/wp-json\/wp\/v2\/product_tag?post=8050"}],"curies":[{"name":"wp","href":"https:\/\/api.w.org\/{rel}","templated":true}]}}