{"id":8037,"date":"2018-10-15T17:01:08","date_gmt":"2018-10-15T15:01:08","guid":{"rendered":"https:\/\/www.gioconaturalmente.com\/shop\/senza%20categoria\/pg042\/"},"modified":"2024-11-28T14:58:12","modified_gmt":"2024-11-28T13:58:12","slug":"pg042","status":"publish","type":"product","link":"https:\/\/www.gioconaturalmente.com\/en\/shop\/decorazioni-per-bambini\/ceste-per-bambini\/pg042\/","title":{"rendered":"Sacco Portagiochi e Tappeto \u2013 Collezione Soft \u2013 Lama Play&#038;Go"},"content":{"rendered":"","protected":false},"excerpt":{"rendered":"<p>Scopri l\u2019ultima novit\u00e0 di Play&#038;Go: la linea morbida 3in1. Un esclusivo tappeto gioco per bambini che \u00e8 allo stesso tempo portaoggetti e borsa per il cambio del bambino. La sacca ha un diametro di 120 cm ed \u00e8 realizzata in jersey di cotone morbido e di alta qualit\u00e0 per donare al piccolo il massimo del divertimento e del comfort. Perfetta per un uso quotidiano, pratica e funzionale. Dotata di una tracolla regolabile e rimovibile che ne garantisce un grande comfort nell\u2019uso. Potrai appenderla anche al passeggino. Provala ed innamorati di questo tappeto gioco 3in1 unico nel suo genere. Fantasia orso lama.<\/p>\n<p><strong>Dimensione aperto 120 cm. Esterno 100% jersey di cotone. Imbottitura: 100% polyester<\/strong><br \/><i>Il tappeto morbido Play &#038; Go non \u00e8 un giocattolo. Dopo aver aperto il tappetino, utilizzare sempre la linguetta di sicurezza per nascondere la corda. <\/i><\/p>\n<h4>Soluzione ideale per chi cerca un prodotto multifunzione, borsa cambio, tappeto gioco e cesto portagiochi.<\/h4>\n","protected":false},"featured_media":13737,"template":"","meta":{"_crdt_document":""},"product_cat":[163,161,524],"product_tag":[102,80,1255,1244,1242,1243,131,1256,1241,360,146,100],"class_list":["post-8037","product","type-product","status-publish","has-post-thumbnail","hentry","product_cat-ceste-per-bambini","product_cat-sacchi-e-tappeti-gioco-per-bambini","product_cat-tappeti-gioco-per-bambini","product_tag-1-3-anni","product_tag-3-6-anni","product_tag-borsa-cambio","product_tag-cesto","product_tag-cesto-portagiochi","product_tag-decorazioni-cameretta","product_tag-playgo","product_tag-portapannolini","product_tag-sacco","product_tag-tappeto","product_tag-tappeto-gioco","product_tag-unisex"],"_links":{"self":[{"href":"https:\/\/www.gioconaturalmente.com\/en\/wp-json\/wp\/v2\/product\/8037","targetHints":{"allow":["GET"]}}],"collection":[{"href":"https:\/\/www.gioconaturalmente.com\/en\/wp-json\/wp\/v2\/product"}],"about":[{"href":"https:\/\/www.gioconaturalmente.com\/en\/wp-json\/wp\/v2\/types\/product"}],"wp:featuredmedia":[{"embeddable":true,"href":"https:\/\/www.gioconaturalmente.com\/en\/wp-json\/wp\/v2\/media\/13737"}],"wp:attachment":[{"href":"https:\/\/www.gioconaturalmente.com\/en\/wp-json\/wp\/v2\/media?parent=8037"}],"wp:term":[{"taxonomy":"product_cat","embeddable":true,"href":"https:\/\/www.gioconaturalmente.com\/en\/wp-json\/wp\/v2\/product_cat?post=8037"},{"taxonomy":"product_tag","embeddable":true,"href":"https:\/\/www.gioconaturalmente.com\/en\/wp-json\/wp\/v2\/product_tag?post=8037"}],"curies":[{"name":"wp","href":"https:\/\/api.w.org\/{rel}","templated":true}]}}