{"id":7977,"date":"2018-10-15T17:01:08","date_gmt":"2018-10-15T15:01:08","guid":{"rendered":"https:\/\/www.gioconaturalmente.com\/shop\/senza%20categoria\/pg036\/"},"modified":"2024-11-28T14:58:14","modified_gmt":"2024-11-28T13:58:14","slug":"pg036","status":"publish","type":"product","link":"https:\/\/www.gioconaturalmente.com\/en\/shop\/decorazioni-per-bambini\/ceste-per-bambini\/pg036\/","title":{"rendered":"Sacco Portagiochi e Tappeto Outdoor Surf Play&#038;Go"},"content":{"rendered":"","protected":false},"excerpt":{"rendered":"<p>Tutti sappiamo quanto sia difficile tenere in ordine i giocattoli dei bambini, specialmente la Lego, ma da oggi con la sacca tappeto gioco di Play&#038;Go sar\u00e0 un gioco da ragazzi. E&#8217; la soluzione perfetta per contenere bambole, costruzioni, veicoli e molto altro ancora. La sacca \u00e8 funzionale, semplice e pratica. Si potr\u00e0 usare anche come tappeto gioco dal diametro di 140 cm baster\u00e0 aprirlo stendendolo sul pavimento. Una volta stanchi di giocare baster\u00e0 tirar la coulisse e tutti i giochi spariranno al loro interno come per magia. Finalmente una soluzione a misura di bambino e di design. Questa sacca ha la peculiarit\u00e0 di essere impermeabile e potr\u00e0 essere usata con comodit\u00e0 al mare o all&#8217;aria aperta. <\/p>\n<p><strong>E\u2019 realizzato per il 90% in polyester e il 10% TPU, \u00e8 grazie al 10% in TPU che il tappeto ha una consistenza morbida e setosa. Questo materiale lo rende resistente all\u2019acqua e nel contempo leggero e piacevole alla mano.<\/strong><br \/><i>E\u2019 dotato di un laccio regolabile per poterlo portare a spalla senza nessuna difficolt\u00e0.<\/i><\/p>\n<h4>E\u2019 la soluzione perfetta per I tuoi giochi da spiaggia, I tuoi asciugamani, per andare a fare un bellissimo picninc o per andare al parco.<\/h4>\n","protected":false},"featured_media":16835,"template":"","meta":{"_crdt_document":""},"product_cat":[163,161,524],"product_tag":[102,80,1244,1242,1243,1253,131,1241,360,146,100],"class_list":["post-7977","product","type-product","status-publish","has-post-thumbnail","hentry","product_cat-ceste-per-bambini","product_cat-sacchi-e-tappeti-gioco-per-bambini","product_cat-tappeti-gioco-per-bambini","product_tag-1-3-anni","product_tag-3-6-anni","product_tag-cesto","product_tag-cesto-portagiochi","product_tag-decorazioni-cameretta","product_tag-giochi-per-il-mare","product_tag-playgo","product_tag-sacco","product_tag-tappeto","product_tag-tappeto-gioco","product_tag-unisex"],"_links":{"self":[{"href":"https:\/\/www.gioconaturalmente.com\/en\/wp-json\/wp\/v2\/product\/7977","targetHints":{"allow":["GET"]}}],"collection":[{"href":"https:\/\/www.gioconaturalmente.com\/en\/wp-json\/wp\/v2\/product"}],"about":[{"href":"https:\/\/www.gioconaturalmente.com\/en\/wp-json\/wp\/v2\/types\/product"}],"wp:featuredmedia":[{"embeddable":true,"href":"https:\/\/www.gioconaturalmente.com\/en\/wp-json\/wp\/v2\/media\/16835"}],"wp:attachment":[{"href":"https:\/\/www.gioconaturalmente.com\/en\/wp-json\/wp\/v2\/media?parent=7977"}],"wp:term":[{"taxonomy":"product_cat","embeddable":true,"href":"https:\/\/www.gioconaturalmente.com\/en\/wp-json\/wp\/v2\/product_cat?post=7977"},{"taxonomy":"product_tag","embeddable":true,"href":"https:\/\/www.gioconaturalmente.com\/en\/wp-json\/wp\/v2\/product_tag?post=7977"}],"curies":[{"name":"wp","href":"https:\/\/api.w.org\/{rel}","templated":true}]}}