{"id":49658,"date":"2025-06-17T13:47:08","date_gmt":"2025-06-17T11:47:08","guid":{"rendered":"https:\/\/www.gioconaturalmente.com\/?post_type=product&#038;p=49658"},"modified":"2025-06-17T13:53:01","modified_gmt":"2025-06-17T11:53:01","slug":"macchina-fotografica-expert-farbe-color-citron","status":"publish","type":"product","link":"https:\/\/www.gioconaturalmente.com\/en\/shop\/idee-regalo-per-bambini\/regali-per-la-crescita\/macchina-fotografica-expert-farbe-color-citron\/","title":{"rendered":"Macchina fotografica Expert citron"},"content":{"rendered":"<p>La macchina fotografica Expert citron di Hoppstar \u00e8 il regalo perfetto per\u00a0 incoraggiare la creativit\u00e0 e le capacit\u00e0 motorie dei bambini. Macchina fotografica dal design robusto progettata per resistere a urti e rotture.\u00a0 Dotata di una custodia in silicone intercambiabile che aiuta a proteggere la macchina nell&#8217;uso.<\/p>\n<p>Dimensioni compatte di 8,5 x 5,8 x 4,3 cm e un peso di soli 95 grammi. Questa macchina fotografica \u00e8 facile da maneggiare anche per le manine pi\u00f9 piccole. Dotata di una fotocamera da 40 MP e una fotocamera selfie aggiuntiva. I bambini potranno catturare immagini di alta qualit\u00e0 e scattare selfie divertenti.<\/p>\n<p>Il display IPS da 2.0&#8243; consente ai bambini di visualizzare le loro foto e i loro video con chiarezza e dettaglio. Cos\u00ec come la batteria da 750 mAh garantisce un&#8217;autonomia di utilizzo fino a 1000 foto o 2 ore di ripresa video. Inoltre, la macchina fotografica \u00e8 dotata di una batteria ricaricabile e viene fornita con un cavo di ricarica USB per una facile ricarica.<\/p>\n<p>Questa macchina fotografica offre una serie di funzioni avanzate, tra cui la messa a fuoco automatica, il bilanciamento del bianco automatico e il bilanciamento ISO automatico. Queste caratteristiche consentono ai bambini di scattare foto perfettamente bilanciate e luminose. Oltre a quanto sopra la correzione automatica del colore e della luminosit\u00e0 garantisce risultati ottimali senza sforzo.<\/p>\n<p>Inoltre \u00e8 dotata di una variet\u00e0 di filtri fotografici e cornici per aggiungere un tocco creativo alle foto. La funzione di riconoscimento facciale consente ai bambini di scattare foto di famiglia perfette. La funzione videocamera consente loro di registrare i loro momenti preferiti.<\/p>\n<p>La macchina fotografica Expert Farbe\/Color: citron \u00e8 dotata di uno slot per schede SD, che consente ai bambini di espandere la memoria della macchina fotografica per salvare pi\u00f9 foto e video. Inoltre, il menu di facile utilizzo offre 13 lingue diverse, tra cui inglese, tedesco, francese, spagnolo, italiano, greco, sloveno, danese, serbo, olandese, portoghese, polacco e ungherese.<\/p>\n<p>\u00c8 importante notare che la macchina fotografica deve essere utilizzata sotto la supervisione di un adulto. La confezione include: la fotocamera Expert siena, una cover in silicone intercambiabile, una scheda di memoria SD da 16 GB, un adattatore USB tipo C, un adattatore MicroUSB, un cordino 2in1 con cavo di ricarica integrato e un manuale di istruzioni.<\/p>\n<p>La macchina fotografica Expert Farbe\/Color: citron di Hoppstar \u00e8 conforme agli standard internazionali CE, EN71, RoHS, CCC e MA. Questo garantisce la sicurezza e la qualit\u00e0 del prodotto. Per una lunga durata del prodotto, si consiglia di pulire la fotocamera con un panno leggermente umido e di evitarne l&#8217;esposizione diretta alla luce solare o a fonti di calore.<\/p>\n<p>Affidati al brand austriaco Hoppstar per offrire ai tuoi bambini un&#8217;esperienza fotografica divertente e di qualit\u00e0. Infatti macchina fotografica Expert Farbe\/Color: siena \u00e8 progettata appositamente per i bambini dai 3 anni in su, offrendo un modo sicuro ed educativo per esplorare il mondo della fotografia.<\/p>\n<p>Scopri le foto degli altri utilizzatori qui: <a href=\"https:\/\/www.instagram.com\/gioconaturalmente\/\">Gioconaturalmente \u2022 giochi eco (@gioconaturalmente) \u2022 Foto e video di Instagram<\/a><\/p>\n<p>Scopri di pi\u00f9 sul marchio qui: <a href=\"https:\/\/www.gioconaturalmente.com\/portfolio-item\/hoppstar\/\">hoppstar (gioconaturalmente.com)<\/a><\/p>\n","protected":false},"excerpt":{"rendered":"<p>La macchina fotografica Expert Farbe\/Color: citron di Hoppstar \u00e8 il regalo perfetto per i genitori che desiderano incoraggiare la creativit\u00e0 e le capacit\u00e0 motorie dei loro bambini. Con un design robusto e una custodia in silicone intercambiabile, questa macchina fotografica \u00e8 progettata per resistere a urti e rotture, offrendo una maggiore protezione durante l&#8217;uso.<\/p>\n<p>Con dimensioni compatte di 8,5 x 5,8 x 4,3 cm e un peso di soli 95 grammi, questa macchina fotografica \u00e8 facile da maneggiare anche per le manine pi\u00f9 piccole. Dotata di una fotocamera da 40 MP e una fotocamera selfie aggiuntiva, i bambini potranno catturare immagini di alta qualit\u00e0 e scattare selfie divertenti.<\/p>\n<p>Il display IPS da 2.0&#8243; consente ai bambini di visualizzare le loro foto e i loro video con chiarezza e dettaglio. La batteria da 750 mAh garantisce un&#8217;autonomia di utilizzo fino a 1000 foto o 2 ore di ripresa video. Inoltre, la macchina fotografica \u00e8 dotata di una batteria ricaricabile e viene fornita con un cavo di ricarica USB per una facile ricarica.<\/p>\n<p>La macchina fotografica Expert Farbe\/Color: citron offre una serie di funzioni avanzate, tra cui la messa a fuoco automatica, il bilanciamento del bianco automatico e il bilanciamento ISO automatico, che consentono ai bambini di scattare foto perfettamente bilanciate e luminose. La correzione automatica del colore e della luminosit\u00e0 garantisce risultati ottimali senza sforzo.<\/p>\n<p>Inoltre, la macchina fotografica offre una variet\u00e0 di filtri fotografici e cornici per aggiungere un tocco creativo alle foto. La funzione di riconoscimento facciale consente ai bambini di scattare foto di famiglia perfette, mentre la funzione videocamera consente loro di registrare i loro momenti preferiti.<\/p>\n<p>La macchina fotografica Expert Farbe\/Color: citron \u00e8 dotata di uno slot per schede SD, che consente ai bambini di espandere la memoria della macchina fotografica per salvare pi\u00f9 foto e video. Inoltre, il menu di facile utilizzo offre 13 lingue diverse, tra cui inglese, tedesco, francese, spagnolo, italiano, greco, sloveno, danese, serbo, olandese, portoghese, polacco e ungherese.<\/p>\n<p>\u00c8 importante notare che la macchina fotografica deve essere utilizzata sotto la supervisione di un adulto. La confezione include la fotocamera Expert Farbe\/Color: siena, una cover in silicone intercambiabile, una scheda di memoria SD da 16 GB, un adattatore USB tipo C, un adattatore MicroUSB, un cordino 2in1 con cavo di ricarica integrato e un manuale di istruzioni.<\/p>\n<p>La macchina fotografica Expert Farbe\/Color: citron di Hoppstar \u00e8 conforme agli standard internazionali CE, EN71, RoHS, CCC e MA, garantendo la sicurezza e la qualit\u00e0 del prodotto. Per garantire una lunga durata, si consiglia di pulire la fotocamera con un panno leggermente umido e di evitarne l&#8217;esposizione diretta alla luce solare o a fonti di calore.<\/p>\n<p>Affidati al brand austriaco Hoppstar per offrire ai tuoi bambini un&#8217;esperienza fotografica divertente e di qualit\u00e0. La loro macchina fotografica Expert Farbe\/Color: siena \u00e8 progettata appositamente per i bambini dai 3 anni in su, offrendo un modo sicuro ed educativo per esplorare il mondo della fotografia.<\/p>\n","protected":false},"featured_media":49663,"template":"","meta":{"_crdt_document":""},"product_cat":[1659,1662,1660,196,119,123,121,55],"product_tag":[1669,1678,257,1673,1670,65,304,1664,1665,1666,1679,425,1663,1667,1668],"class_list":["post-49658","product","type-product","status-publish","has-post-thumbnail","hentry","product_cat-giochi-giochi-di-imitazione-e-ruolo","product_cat-hoppstar","product_cat-accessori-macchine-fotografiche","product_cat-regali-per-la-crescita","product_cat-giochi-per-bambini","product_cat-idee-regalo-per-bambini","product_cat-outdoor-prodotti-per-uscire-da-bambini","product_cat-accessori","product_tag-3-anni","product_tag-expert","product_tag-giochi","product_tag-giochi-creativi","product_tag-giochi-educativi-e-di-abilita","product_tag-gioco","product_tag-gioco-da-bimba","product_tag-gioco-da-bimbo","product_tag-gioco-gender-neutro","product_tag-hoppstar","product_tag-hoppstar-expert","product_tag-macchina-fotografica","product_tag-macchina-fotografica-digitale","product_tag-prima-macchina-fotografica","product_tag-prima-macchina-fotografica-digitale"],"_links":{"self":[{"href":"https:\/\/www.gioconaturalmente.com\/en\/wp-json\/wp\/v2\/product\/49658","targetHints":{"allow":["GET"]}}],"collection":[{"href":"https:\/\/www.gioconaturalmente.com\/en\/wp-json\/wp\/v2\/product"}],"about":[{"href":"https:\/\/www.gioconaturalmente.com\/en\/wp-json\/wp\/v2\/types\/product"}],"wp:featuredmedia":[{"embeddable":true,"href":"https:\/\/www.gioconaturalmente.com\/en\/wp-json\/wp\/v2\/media\/49663"}],"wp:attachment":[{"href":"https:\/\/www.gioconaturalmente.com\/en\/wp-json\/wp\/v2\/media?parent=49658"}],"wp:term":[{"taxonomy":"product_cat","embeddable":true,"href":"https:\/\/www.gioconaturalmente.com\/en\/wp-json\/wp\/v2\/product_cat?post=49658"},{"taxonomy":"product_tag","embeddable":true,"href":"https:\/\/www.gioconaturalmente.com\/en\/wp-json\/wp\/v2\/product_tag?post=49658"}],"curies":[{"name":"wp","href":"https:\/\/api.w.org\/{rel}","templated":true}]}}