{"id":49632,"date":"2025-06-17T13:28:20","date_gmt":"2025-06-17T11:28:20","guid":{"rendered":"https:\/\/www.gioconaturalmente.com\/?post_type=product&#038;p=49632"},"modified":"2025-06-17T13:37:31","modified_gmt":"2025-06-17T11:37:31","slug":"macchina-fotografica-rookie-farbe-color-blossom","status":"publish","type":"product","link":"https:\/\/www.gioconaturalmente.com\/en\/shop\/idee-regalo-per-bambini\/regali-per-la-crescita\/macchina-fotografica-rookie-farbe-color-blossom\/","title":{"rendered":"Macchina fotografica Rookie blossom"},"content":{"rendered":"<p>La macchina fotografica Rookie blossom di Hoppstar \u00e8 il regalo perfetto per i genitori che vogliono far esplorare il mondo della fotografia ai loro bambini. Con un design accattivante, questa macchina fotografica verde con il volto di un orsetto \u00e8 sicuramente un&#8217;attrazione per i pi\u00f9 piccoli.<\/p>\n<p>Le dimensioni compatte di 7,8 x 4,8 x 4,3 cm e il peso di soli 95 grammi rendono questa fotocamera perfetta per le mani dei bambini. Con un&#8217;et\u00e0 consigliata dai 3 anni in su, questa macchina fotografica \u00e8 progettata per essere facile da usare e maneggiare.<\/p>\n<p>La fotocamera Rookie blossom \u00e8 dotata di una fotocamera da 30mp e uno schermo IPS da 2.0&#8243;. Queste caratteristiche consento ai bambini di scattare foto di alta qualit\u00e0 e di visualizzarle immediatamente. La batteria da 750 mAh garantisce una lunga durata. Infatti i bambini potranno usarla per scattare fino a 1000 foto o 2 ore di ripresa video.<\/p>\n<p>Questa macchina fotografica offre anche diverse funzioni aggiuntive. Sono inclusi: filtri fotografici e cornici, messa a fuoco automatica, bilanciamento del bianco automatico, bilanciamento ISO automatico e correzione automatica del colore e della luminosit\u00e0. Inoltre, \u00e8 dotata di riconoscimento facciale per catturare i momenti pi\u00f9 speciali.<\/p>\n<p>Per garantire una maggiore facilit\u00e0 d&#8217;uso la macchina fotografica Rookie blossom \u00e8 dotata di pulsanti grandi. Il menu conta 13 lingue diverse: tra cui inglese, tedesco, francese, spagnolo, italiano, greco, sloveno, danese, serbo, olandese, portoghese, polacco e ungherese.<\/p>\n<p>La confezione include la fotocamera, una custodia in silicone priva di metalli pesanti, ftalati e BPA, una scheda di memoria SD da 16 GB, un adattatore USB tipo C e MicroUsb, un cordino 2in1 con cavo di ricarica integrato e un manuale di istruzioni. Tuttavia, \u00e8 importante sottolineare che la macchina fotografica non \u00e8 subacquea.<\/p>\n<p>La macchina fotografica Rookie Farbe\/Color: blossom rispetta gli standard internazionali CE, EN71, RoHS, CCC, MA, garantendo la massima sicurezza per i bambini. \u00c8 consigliato utilizzare la macchina fotografica sotto la supervisione di un adulto.<\/p>\n<p>Hoppstar \u00e8 un brand austriaco specializzato nella produzione di macchine fotografiche per bambini. Le loro macchine fotografiche sono famose per essere facili da usare, leggere ma allo stesso tempo robuste e in grado di scattare foto di qualit\u00e0.<\/p>\n<p>In conclusione, la macchina fotografica Rookie Farbe\/Color: blossom di Hoppstar \u00e8 un regalo perfetto per i genitori che vogliono incoraggiare la creativit\u00e0 e le capacit\u00e0 motorie dei loro bambini. Con un design accattivante, funzioni avanzate e una grande facilit\u00e0 d&#8217;uso, questa macchina fotografica offre un&#8217;esperienza fotografica sicura e divertente per i pi\u00f9 piccoli.<\/p>\n<p>Maggiori informazioni sul marchio sono reperibili a questo link: <a href=\"https:\/\/www.gioconaturalmente.com\/portfolio-item\/hoppstar\/\">hoppstar (gioconaturalmente.com)<\/a><\/p>\n<p>Per scoprire come usano gli altri utenti le macchine fotografiche puoi scoprire la nostra pagina instagram: <a href=\"https:\/\/www.instagram.com\/gioconaturalmente\/\">Gioconaturalmente \u2022 giochi eco (@gioconaturalmente) \u2022 Foto e video di Instagram<\/a><\/p>\n<p>&nbsp;<\/p>\n","protected":false},"excerpt":{"rendered":"<p>La macchina fotografica Rookie blossom di Hoppstar ha un design accattivante. Qquesta macchina fotografica verde con il volto di un orsetto \u00e8 sicuramente un&#8217;attrazione per i pi\u00f9 piccoli.<\/p>\n<p>Le dimensioni compatte e il peso leggero la rendono perfetta per le mani dei bambini. Consigliata dai 3 anni in su.<\/p>\n<p>Questa macchina fotografica \u00e8 progettata per essere facile da usare e maneggiare.<\/p>\n<p>La fotocamera Rookie blossom \u00e8 dotata di una fotocamera da 30mp, uno schermo IPS da 2.0&#8243; e di una batteria che dura a lungo.<\/p>\n<p>Questa macchina fotografica offre anche diverse funzioni aggiuntive. Scoprili tutti nella descrizione dettagliata.<\/p>\n<p>Dotata di pulsanti grandi per facilitare lo scatto della foto e di un menu con 13 lingue diverse.<\/p>\n<p>La confezione include la fotocamera, una custodia in silicone priva di metalli pesanti, ftalati e BPA, una scheda di memoria SD da 16 GB, un adattatore USB tipo C e MicroUsb, un cordino 2in1 con cavo di ricarica integrato e un manuale di istruzioni. Tuttavia, \u00e8 importante sottolineare che la macchina fotografica non \u00e8 subacquea.<\/p>\n<p>La macchina fotografica Rookie moss rispetta gli standard internazionali CE, EN71, RoHS, CCC, MA, garantendo la massima sicurezza per i bambini.<\/p>\n<p>La macchina fotografica incoraggia la creativit\u00e0 e le capacit\u00e0 motorie dei loro bambini.<\/p>\n","protected":false},"featured_media":49633,"template":"","meta":{"_crdt_document":""},"product_cat":[1659,1662,1660,196,119,123,121,55],"product_tag":[1669,257,1673,1670,65,304,1664,1665,1666,1672,425,1663,1667,1668,1671],"class_list":["post-49632","product","type-product","status-publish","has-post-thumbnail","hentry","product_cat-giochi-giochi-di-imitazione-e-ruolo","product_cat-hoppstar","product_cat-accessori-macchine-fotografiche","product_cat-regali-per-la-crescita","product_cat-giochi-per-bambini","product_cat-idee-regalo-per-bambini","product_cat-outdoor-prodotti-per-uscire-da-bambini","product_cat-accessori","product_tag-3-anni","product_tag-giochi","product_tag-giochi-creativi","product_tag-giochi-educativi-e-di-abilita","product_tag-gioco","product_tag-gioco-da-bimba","product_tag-gioco-da-bimbo","product_tag-gioco-gender-neutro","product_tag-hoppstar","product_tag-hoppstar-rookie","product_tag-macchina-fotografica","product_tag-macchina-fotografica-digitale","product_tag-prima-macchina-fotografica","product_tag-prima-macchina-fotografica-digitale","product_tag-rookie"],"_links":{"self":[{"href":"https:\/\/www.gioconaturalmente.com\/en\/wp-json\/wp\/v2\/product\/49632","targetHints":{"allow":["GET"]}}],"collection":[{"href":"https:\/\/www.gioconaturalmente.com\/en\/wp-json\/wp\/v2\/product"}],"about":[{"href":"https:\/\/www.gioconaturalmente.com\/en\/wp-json\/wp\/v2\/types\/product"}],"wp:featuredmedia":[{"embeddable":true,"href":"https:\/\/www.gioconaturalmente.com\/en\/wp-json\/wp\/v2\/media\/49633"}],"wp:attachment":[{"href":"https:\/\/www.gioconaturalmente.com\/en\/wp-json\/wp\/v2\/media?parent=49632"}],"wp:term":[{"taxonomy":"product_cat","embeddable":true,"href":"https:\/\/www.gioconaturalmente.com\/en\/wp-json\/wp\/v2\/product_cat?post=49632"},{"taxonomy":"product_tag","embeddable":true,"href":"https:\/\/www.gioconaturalmente.com\/en\/wp-json\/wp\/v2\/product_tag?post=49632"}],"curies":[{"name":"wp","href":"https:\/\/api.w.org\/{rel}","templated":true}]}}