{"id":47051,"date":"2024-11-28T15:36:51","date_gmt":"2024-11-28T14:36:51","guid":{"rendered":"https:\/\/www.gioconaturalmente.com\/shop\/senza-categoria\/playmat-head-in-the-clouds-s-dusty-blue-2\/"},"modified":"2024-11-28T15:37:23","modified_gmt":"2024-11-28T14:37:23","slug":"tappeto-da-gioco-design-e-sicurezza-comfort-e-stile-quut","status":"publish","type":"product","link":"https:\/\/www.gioconaturalmente.com\/en\/shop\/idee-regalo-per-bambini\/tappeto-da-gioco-design-e-sicurezza-comfort-e-stile-quut\/","title":{"rendered":"Playmat &#8211; Head in the clouds (S) &#8211; Dusty Blue"},"content":{"rendered":"<h2>Playmat &#8211; Head in the clouds (S) &#8211; Dusty Blue<\/h2>\n<p>Scopri la <strong>Playmat &#8211; Head in the clouds (S) &#8211; Dusty Blue<\/strong> di <strong>Quut<\/strong>, un tappeto palestrina che unisce design e funzionalit\u00e0. Con i suoi colori tenui e rilassanti, questo tappeto a forma di nuvola aggiunge un tocco giocoso all&#8217;area giochi dei tuoi piccoli.<\/p>\n<h3>Caratteristiche principali<\/h3>\n<ul>\n<li><strong>Lussuoso tappetino da gioco<\/strong> in morbida schiuma EVA.<\/li>\n<li><strong>3 possibili configurazioni<\/strong> per adattarsi a tutte le fasi di sviluppo del tuo bambino.<\/li>\n<li>Completamente <strong>impermeabile<\/strong>, garantendo igiene e facilit\u00e0 di pulizia.<\/li>\n<li>Facile da pulire: basta un panno umido e un sapone delicato.<\/li>\n<li>Non tossico e resistente all&#8217;acqua.<\/li>\n<li>Dimensioni: <strong>145 x 90 cm<\/strong> e spessore di <strong>12 mm<\/strong>.<\/li>\n<li>Disponibile in <strong>vari colori<\/strong>: rosa cipria, blu polvere e grigio perla.<\/li>\n<\/ul>\n<h3>Benefici per bambini e genitori<\/h3>\n<p>Questo tappeto da gioco \u00e8 progettato per <strong>crescere con il tuo bambino<\/strong>. Da superficie solida e comoda per esercitarsi a stare a pancia in gi\u00f9, diventa un angolo accogliente di lettura quando il tuo bambino inizia a gattonare. \u00c8 lo sfondo perfetto per creare <strong>ricordi preziosi<\/strong> durante i momenti di gioco.<\/p>\n<h3>Consigli pratici per l&#8217;uso<\/h3>\n<ul>\n<li>Posiziona il tappeto in un&#8217;area sicura e spaziosa per permettere al tuo bambino di esplorare liberamente.<\/li>\n<li>Utilizza il tappeto come base per giochi interattivi e momenti di lettura.<\/li>\n<li>Approfitta della sua facilit\u00e0 di pulizia per mantenere sempre l&#8217;area giochi igienica e accogliente.<\/li>\n<\/ul>\n<p><strong>Quut<\/strong> \u00e8 un marchio belga noto per la creazione di prodotti per bambini di design, durevoli e di alta qualit\u00e0. Ogni articolo \u00e8 progettato per <strong>creare memorie positive<\/strong> e stabilire una connessione emotiva con i pi\u00f9 piccoli. Con una gamma di giochi adatti a tutte le stagioni, i prodotti Quut sono amici dell&#8217;ambiente e hanno ricevuto numerosi premi di design.<\/p>\n<p>Tutti i prodotti sono conformi ai seguenti standard di sicurezza chimica sui giocattoli: Europa \u2013 EN71, USA \u2013 ASTM F963, Giappone \u2013 ST 2012, Canada \u2013 SOR\/2011-17, Australia Nuova Zelanda \u2013 AS\/NZS ISO 8124.<\/p>\n<p>Puoi scoprire maggiori informazioni su tutti gli articoli di Quut leggendo la pagina dedicata al marchio:&nbsp;<a href=\"https:\/\/www.gioconaturalmente.com\/portfolio-item\/quut\/\">Quut giochi per la spiaggia e l&#8217;outdoor | gioconaturalmente<\/a><\/p>\n<p>Sei curioso e vuoi entrare nei dettagli? Guarda sul nostro blog per maggiori info sui nostri prodotti: <a href=\"https:\/\/www.gioconaturalmente.com\/blog\/\">Blog &#8211; Gioconaturalmente Ama srl<\/a><\/p>\n<p>Scopri le foto fatte da altri e mandaci le tue:&nbsp;<a href=\"https:\/\/www.instagram.com\/gioconaturalmente\/\">https:\/\/www.instagram.com\/gioconaturalmente\/<\/a><\/p>\n","protected":false},"excerpt":{"rendered":"<p>Scopri la <strong>Playmat &#8211; Head in the clouds (S) &#8211; Dusty Blue<\/strong> di Quut, un tappeto palestrina che unisce design e funzionalit\u00e0. Questo tappeto a forma di nuvola \u00e8 ideale per il comfort del tuo bambino e aggiunge un tocco giocoso all&#8217;area giochi.<\/p>\n<p>Caratteristiche principali:<\/p>\n<ul>\n<li><strong>Lussuoso tappetino da gioco<\/strong> in morbida schiuma, completamente impermeabile.<\/li>\n<li>Tre configurazioni per adattarsi a tutte le fasi di sviluppo.<\/li>\n<li>Facile da pulire e non tossico, per la massima sicurezza.<\/li>\n<\/ul>\n<p>Questo tappeto cresce con il tuo bambino, offrendo una superficie comoda per esercitarsi e creare <em>ricordi preziosi<\/em>. Scegli la <strong>Playmat &#8211; Head in the clouds<\/strong> e arricchisci l&#8217;area giochi del tuo bambino con stile e sicurezza!<\/p>\n","protected":false},"featured_media":47519,"template":"","meta":{"_crdt_document":""},"product_cat":[1778,1776,1777,1692,123],"product_tag":[1717,1670,1758,1702,304,1664,1699,1665,1696,1697,283,1379,1764,1698,360,146,1760,1759,1763,1765,1761],"class_list":["post-47051","product","type-product","status-publish","has-post-thumbnail","hentry","product_cat-decorazioni-tappeti-gioco-2","product_cat-giochi-sacchi-e-tappeti-gioco-2","product_cat-idee-regalo-regali-per-la-nascita","product_cat-quut","product_cat-idee-regalo-per-bambini","product_tag-0-mesi","product_tag-giochi-educativi-e-di-abilita","product_tag-giochi-per-i-piu-piccoli","product_tag-gioco-amico-dei-genitori","product_tag-gioco-da-bimba","product_tag-gioco-da-bimbo","product_tag-gioco-di-design","product_tag-gioco-gender-neutro","product_tag-idea-regalo","product_tag-idea-regalo-sotto-50e","product_tag-palestrina","product_tag-quut","product_tag-regalo-battesimo","product_tag-regalo-compleanno","product_tag-tappeto","product_tag-tappeto-gioco","product_tag-tappeto-gioco-da-bimba","product_tag-tappeto-gioco-da-bimbo","product_tag-tappeto-gioco-di-alta-qualita","product_tag-tappeto-gioco-divertente","product_tag-tappeto-gioco-gender-neutro"],"_links":{"self":[{"href":"https:\/\/www.gioconaturalmente.com\/en\/wp-json\/wp\/v2\/product\/47051","targetHints":{"allow":["GET"]}}],"collection":[{"href":"https:\/\/www.gioconaturalmente.com\/en\/wp-json\/wp\/v2\/product"}],"about":[{"href":"https:\/\/www.gioconaturalmente.com\/en\/wp-json\/wp\/v2\/types\/product"}],"wp:featuredmedia":[{"embeddable":true,"href":"https:\/\/www.gioconaturalmente.com\/en\/wp-json\/wp\/v2\/media\/47519"}],"wp:attachment":[{"href":"https:\/\/www.gioconaturalmente.com\/en\/wp-json\/wp\/v2\/media?parent=47051"}],"wp:term":[{"taxonomy":"product_cat","embeddable":true,"href":"https:\/\/www.gioconaturalmente.com\/en\/wp-json\/wp\/v2\/product_cat?post=47051"},{"taxonomy":"product_tag","embeddable":true,"href":"https:\/\/www.gioconaturalmente.com\/en\/wp-json\/wp\/v2\/product_tag?post=47051"}],"curies":[{"name":"wp","href":"https:\/\/api.w.org\/{rel}","templated":true}]}}