{"id":47047,"date":"2024-11-28T15:36:51","date_gmt":"2024-11-28T14:36:51","guid":{"rendered":"https:\/\/www.gioconaturalmente.com\/shop\/senza-categoria\/playmat-head-in-the-clouds-s-pearl-grey-2\/"},"modified":"2024-11-28T15:37:20","modified_gmt":"2024-11-28T14:37:20","slug":"tappeto-gioco-sicuro-e-di-design-per-bambini-quut","status":"publish","type":"product","link":"https:\/\/www.gioconaturalmente.com\/en\/shop\/idee-regalo-per-bambini\/tappeto-gioco-sicuro-e-di-design-per-bambini-quut\/","title":{"rendered":"Playmat &#8211; Head in the clouds (S) &#8211; Pearl Grey"},"content":{"rendered":"<h2>Playmat &#8211; Head in the clouds (S) &#8211; Pearl Grey<\/h2>\n<p>Scopri la <strong>Playmat &#8211; Head in the clouds (S) &#8211; Pearl Grey<\/strong> di Quut, un tappeto palestrina che unisce design e funzionalit\u00e0. Con i suoi colori tenui e rilassanti, questo tappeto a forma di nuvola aggiunge un tocco giocoso all&#8217;area giochi dei tuoi bambini.<\/p>\n<h3>Caratteristiche principali<\/h3>\n<ul>\n<li><strong>Lussuoso tappetino da gioco<\/strong> in morbida schiuma EVA.<\/li>\n<li><strong>3 possibili configurazioni<\/strong> per adattarsi a tutte le fasi di sviluppo del tuo bambino.<\/li>\n<li>Completamente impermeabile, per una pulizia facile e igienica.<\/li>\n<li>Dimensioni: <strong>145 x 90 cm<\/strong> con uno spessore di <strong>12 mm<\/strong>.<\/li>\n<li>Disponibile in <strong>rosa cipria<\/strong>, <strong>blu polvere<\/strong> e <strong>grigio perla<\/strong>.<\/li>\n<\/ul>\n<h3>Vantaggi per i bambini e i genitori<\/h3>\n<p>Questo tappeto da gioco \u00e8 progettato per crescere con il tuo bambino. Inizialmente, offre una superficie solida e comoda per esercitarsi a stare a pancia in gi\u00f9, mentre in seguito diventa un accogliente angolo di lettura quando il tuo piccolo inizia a gattonare. <strong>Illumina l&#8217;area giochi<\/strong> rendendola morbida e sicura, creando un ambiente ideale per momenti di gioco e apprendimento.<\/p>\n<h3>Consigli pratici per l&#8217;uso<\/h3>\n<ul>\n<li>Per una pulizia semplice, basta utilizzare un panno umido e un sapone delicato.<\/li>\n<li>Posiziona il tappeto in un&#8217;area tranquilla per incoraggiare il tuo bambino a esplorare e giocare.<\/li>\n<li>Utilizzalo anche come spazio per la lettura e il relax, creando un ambiente accogliente.<\/li>\n<\/ul>\n<p>Quut \u00e8 un marchio belga che si dedica a creare prodotti per bambini di design, durevoli e di alta qualit\u00e0. Ogni articolo \u00e8 progettato per creare <strong>memorie positive<\/strong> e stabilire una connessione emotiva tra i pi\u00f9 piccoli e il loro ambiente. Scegli Quut per un gioco che dura nel tempo e che arricchisce la vita di grandi e piccini.<\/p>\n<p>Tutti i prodotti Quut sono conformi ai pi\u00f9 rigorosi standard di sicurezza chimica sui giocattoli, garantendo un acquisto sicuro per i tuoi bambini. Scegli un gioco che pu\u00f2 essere utilizzato in tutte le stagioni e che promuove un divertimento sano e creativo!<\/p>\n<p>Puoi scoprire maggiori informazioni su tutti gli articoli di Quut leggendo la pagina dedicata al marchio:&nbsp;<a href=\"https:\/\/www.gioconaturalmente.com\/portfolio-item\/quut\/\">Quut giochi per la spiaggia e l&#8217;outdoor | gioconaturalmente<\/a><\/p>\n<p>Sei curioso e vuoi entrare nei dettagli? Guarda sul nostro blog per maggiori info sui nostri prodotti: <a href=\"https:\/\/www.gioconaturalmente.com\/blog\/\">Blog &#8211; Gioconaturalmente Ama srl<\/a><\/p>\n<p>Scopri le foto fatte da altri e mandaci le tue:&nbsp;<a href=\"https:\/\/www.instagram.com\/gioconaturalmente\/\">https:\/\/www.instagram.com\/gioconaturalmente\/<\/a><\/p>\n","protected":false},"excerpt":{"rendered":"<p>Scopri la <strong>Playmat &#8211; Head in the clouds (S) &#8211; Pearl Grey<\/strong> di Quut, un tappeto palestrina progettato per i tuoi bambini. Con colori tenui e un design a forma di nuvola, aggiunge un tocco giocoso all&#8217;area giochi.<\/p>\n<p>Caratteristiche principali:<\/p>\n<ul>\n<li><strong>Lussuoso tappetino da gioco<\/strong> in morbida schiuma<\/li>\n<li><strong>3 possibili configurazioni<\/strong> per tutte le fasi di sviluppo<\/li>\n<li><strong>Impermeabile<\/strong> e facile da pulire<\/li>\n<\/ul>\n<p>Questo tappeto offre numerosi vantaggi: diventa una superficie comoda per esercitarsi a stare a pancia in gi\u00f9, si trasforma in un angolo di lettura e illumina l&#8217;area giochi rendendola sicura.<\/p>\n<p>Rendi il momento del gioco un&#8217;esperienza magica con la Playmat di Quut!<\/p>\n","protected":false},"featured_media":47516,"template":"","meta":{"_crdt_document":""},"product_cat":[1778,1776,1777,1692,123],"product_tag":[1717,1670,1758,1702,304,1664,1699,1665,1696,1697,283,1379,1764,1698,360,146,1760,1759,1763,1765,1761],"class_list":["post-47047","product","type-product","status-publish","has-post-thumbnail","hentry","product_cat-decorazioni-tappeti-gioco-2","product_cat-giochi-sacchi-e-tappeti-gioco-2","product_cat-idee-regalo-regali-per-la-nascita","product_cat-quut","product_cat-idee-regalo-per-bambini","product_tag-0-mesi","product_tag-giochi-educativi-e-di-abilita","product_tag-giochi-per-i-piu-piccoli","product_tag-gioco-amico-dei-genitori","product_tag-gioco-da-bimba","product_tag-gioco-da-bimbo","product_tag-gioco-di-design","product_tag-gioco-gender-neutro","product_tag-idea-regalo","product_tag-idea-regalo-sotto-50e","product_tag-palestrina","product_tag-quut","product_tag-regalo-battesimo","product_tag-regalo-compleanno","product_tag-tappeto","product_tag-tappeto-gioco","product_tag-tappeto-gioco-da-bimba","product_tag-tappeto-gioco-da-bimbo","product_tag-tappeto-gioco-di-alta-qualita","product_tag-tappeto-gioco-divertente","product_tag-tappeto-gioco-gender-neutro"],"_links":{"self":[{"href":"https:\/\/www.gioconaturalmente.com\/en\/wp-json\/wp\/v2\/product\/47047","targetHints":{"allow":["GET"]}}],"collection":[{"href":"https:\/\/www.gioconaturalmente.com\/en\/wp-json\/wp\/v2\/product"}],"about":[{"href":"https:\/\/www.gioconaturalmente.com\/en\/wp-json\/wp\/v2\/types\/product"}],"wp:featuredmedia":[{"embeddable":true,"href":"https:\/\/www.gioconaturalmente.com\/en\/wp-json\/wp\/v2\/media\/47516"}],"wp:attachment":[{"href":"https:\/\/www.gioconaturalmente.com\/en\/wp-json\/wp\/v2\/media?parent=47047"}],"wp:term":[{"taxonomy":"product_cat","embeddable":true,"href":"https:\/\/www.gioconaturalmente.com\/en\/wp-json\/wp\/v2\/product_cat?post=47047"},{"taxonomy":"product_tag","embeddable":true,"href":"https:\/\/www.gioconaturalmente.com\/en\/wp-json\/wp\/v2\/product_tag?post=47047"}],"curies":[{"name":"wp","href":"https:\/\/api.w.org\/{rel}","templated":true}]}}