{"id":47031,"date":"2024-11-28T15:36:51","date_gmt":"2024-11-28T14:36:51","guid":{"rendered":"https:\/\/www.gioconaturalmente.com\/shop\/senza-categoria\/quutopia-puzzle-friends-into-the-jungle-2\/"},"modified":"2024-11-28T15:37:10","modified_gmt":"2024-11-28T14:37:10","slug":"puzzle-da-bagno-creativo-quut-trasforma-il-bagnetto-in-un-avventura","status":"publish","type":"product","link":"https:\/\/www.gioconaturalmente.com\/en\/shop\/giochi-per-bambini\/puzzle-da-bagno-creativo-quut-trasforma-il-bagnetto-in-un-avventura\/","title":{"rendered":"Quutopia Puzzle Friends &#8211; Into the jungle"},"content":{"rendered":"<h2>Quutopia Puzzle Friends &#8211; Into the jungle<\/h2>\n<p>\u00c8 il momento di immergersi nella giungla per esplorarla! Con il <strong>Quutopia Puzzle Friends &#8211; Into the jungle<\/strong>, la fantasia del tuo bambino verr\u00e0 stimolata in modo divertente e creativo.<\/p>\n<h3>Caratteristiche principali<\/h3>\n<ul>\n<li><strong>Versatilit\u00e0 d&#8217;uso:<\/strong> Pu\u00f2 essere utilizzato durante il bagnetto, la doccia o come un puzzle normale all&#8217;aperto.<\/li>\n<li><strong>Set completo:<\/strong> Include 12 pezzi e due marionette da dito per un gioco ancora pi\u00f9 coinvolgente.<\/li>\n<li><strong>Materiali sicuri:<\/strong> Realizzato in schiuma morbida EVA, privo di BPA, ftalati e lattice.<\/li>\n<li><strong>Facile da pulire:<\/strong> I pezzi non assorbono acqua, riducendo la formazione di muffa e funghi.<\/li>\n<\/ul>\n<h3>Benefici per i bambini e i genitori<\/h3>\n<ul>\n<li><strong>Stimola le capacit\u00e0 motorie fini:<\/strong> L&#8217;assemblaggio delle forme aiuta i bambini a sviluppare abilit\u00e0 motorie.<\/li>\n<li><strong>Incoraggia il gioco creativo:<\/strong> I bambini possono creare infinite storie e avventure.<\/li>\n<li><strong>Tempo di qualit\u00e0:<\/strong> Favorisce momenti speciali tra genitori e figli durante il gioco.<\/li>\n<\/ul>\n<h3>Consigli pratici per l&#8217;uso<\/h3>\n<p>Risciacquare accuratamente dopo ogni utilizzo e riporre in un luogo dove possa asciugarsi completamente. Se necessario, pulire con un detergente delicato.<\/p>\n<h3>Un marchio di qualit\u00e0<\/h3>\n<p>Quut \u00e8 un marchio belga che crea prodotti per bambini di design, durevoli e di alta qualit\u00e0. Ogni articolo \u00e8 progettato per creare memorie positive e stabilire una connessione emotiva con i pi\u00f9 piccoli.<\/p>\n<h3>Giocattoli per tutte le stagioni<\/h3>\n<p>I giochi Quut possono essere utilizzati in ogni stagione: per la neve, il giardinaggio, l&#8217;orto, il mare o il lago. Un gioco per tantissimi usi durante tutto l&#8217;anno, sempre rispettando l&#8217;ambiente.<\/p>\n<h3>Sicurezza garantita<\/h3>\n<p>Tutti i prodotti Quut sono conformi ai seguenti standard di sicurezza chimica sui giocattoli:<\/p>\n<ul>\n<li>Europa \u2013 EN71<\/li>\n<li>USA \u2013 ASTM F963<\/li>\n<li>Giappone \u2013 ST 2012<\/li>\n<li>Canada \u2013 SOR\/2011-17<\/li>\n<li>Australia Nuova Zelanda \u2013 AS\/NZS ISO 8124<\/li>\n<\/ul>\n<p>Scopri il divertimento e la creativit\u00e0 che il <strong>Quutopia Puzzle Friends &#8211; Into the jungle<\/strong> pu\u00f2 portare nella vita del tuo bambino!<\/p>\n<p>Puoi scoprire maggiori informazioni su tutti gli articoli di Quut leggendo la pagina dedicata al marchio:&nbsp;<a href=\"https:\/\/www.gioconaturalmente.com\/portfolio-item\/quut\/\">Quut giochi per la spiaggia e l&#8217;outdoor | gioconaturalmente<\/a><\/p>\n<p>Sei curioso e vuoi entrare nei dettagli? Guarda sul nostro blog per maggiori info sui nostri prodotti: <a href=\"https:\/\/www.gioconaturalmente.com\/blog\/\">Blog &#8211; Gioconaturalmente Ama srl<\/a><\/p>\n<p>Scopri le foto fatte da altri e mandaci le tue:&nbsp;<a href=\"https:\/\/www.instagram.com\/gioconaturalmente\/\">https:\/\/www.instagram.com\/gioconaturalmente\/<\/a><\/p>\n","protected":false},"excerpt":{"rendered":"<p>Scopri il <strong>Quutopia Puzzle Friends &#8211; Into the jungle<\/strong> di Quut, un modo divertente e creativo per stimolare la fantasia del tuo bambino! Questo colorato puzzle da bagno \u00e8 perfetto per il bagnetto, la doccia o il gioco all&#8217;aperto.<\/p>\n<p>Le caratteristiche principali includono:<\/p>\n<ul>\n<li><strong>Stimola le capacit\u00e0 motorie fini<\/strong><\/li>\n<li><strong>Incoraggia il gioco creativo<\/strong><\/li>\n<li><strong>Aiuta a creare tempo di qualit\u00e0 genitore\/figlio<\/strong><\/li>\n<\/ul>\n<p>I pezzi sono leggeri, resistenti e facili da pulire, rendendoli ideali per l&#8217;uso in casa e all&#8217;aperto. Inoltre, sono realizzati in schiuma morbida EVA, sicura e priva di sostanze nocive.<\/p>\n<p>Rendi il momento del bagno un&#8217;avventura indimenticabile! <strong>Acquista ora e inizia a creare storie magiche con il tuo bambino!<\/strong><\/p>\n","protected":false},"featured_media":47505,"template":"","meta":{"_crdt_document":""},"product_cat":[1773,1775,1774,1692,119],"product_tag":[1731,409,1728,1727,257,1670,65,1702,304,1664,1700,1699,1701,195,1665,1715,1713,1714,1716,1696,1718,1740,1741,1379,1698],"class_list":["post-47031","product","type-product","status-publish","has-post-thumbnail","hentry","product_cat-giochi-giochi-per-i-piu-piccoli-2","product_cat-giochi-giochi-per-lacqua-2","product_cat-idee-regalo-regali-economici-2","product_cat-quut","product_cat-giochi-per-bambini","product_tag-10-mesi","product_tag-costruzioni","product_tag-costruzioni-in-eva","product_tag-eva","product_tag-giochi","product_tag-giochi-educativi-e-di-abilita","product_tag-gioco","product_tag-gioco-amico-dei-genitori","product_tag-gioco-da-bimba","product_tag-gioco-da-bimbo","product_tag-gioco-di-alta-qualita","product_tag-gioco-di-design","product_tag-gioco-divertente","product_tag-gioco-educativo","product_tag-gioco-gender-neutro","product_tag-gioco-in-silicone","product_tag-gioco-per-il-bagnetto","product_tag-gioco-per-il-bagno","product_tag-gioco-sicuro","product_tag-idea-regalo","product_tag-idea-regalo-sotto-20e","product_tag-puzzle","product_tag-puzzle-eva","product_tag-quut","product_tag-regalo-compleanno"],"_links":{"self":[{"href":"https:\/\/www.gioconaturalmente.com\/en\/wp-json\/wp\/v2\/product\/47031","targetHints":{"allow":["GET"]}}],"collection":[{"href":"https:\/\/www.gioconaturalmente.com\/en\/wp-json\/wp\/v2\/product"}],"about":[{"href":"https:\/\/www.gioconaturalmente.com\/en\/wp-json\/wp\/v2\/types\/product"}],"wp:featuredmedia":[{"embeddable":true,"href":"https:\/\/www.gioconaturalmente.com\/en\/wp-json\/wp\/v2\/media\/47505"}],"wp:attachment":[{"href":"https:\/\/www.gioconaturalmente.com\/en\/wp-json\/wp\/v2\/media?parent=47031"}],"wp:term":[{"taxonomy":"product_cat","embeddable":true,"href":"https:\/\/www.gioconaturalmente.com\/en\/wp-json\/wp\/v2\/product_cat?post=47031"},{"taxonomy":"product_tag","embeddable":true,"href":"https:\/\/www.gioconaturalmente.com\/en\/wp-json\/wp\/v2\/product_tag?post=47031"}],"curies":[{"name":"wp","href":"https:\/\/api.w.org\/{rel}","templated":true}]}}