{"id":47022,"date":"2024-11-28T15:36:51","date_gmt":"2024-11-28T14:36:51","guid":{"rendered":"https:\/\/www.gioconaturalmente.com\/shop\/senza-categoria\/quutopia-friends-to-the-moon-back-2\/"},"modified":"2024-11-28T15:37:04","modified_gmt":"2024-11-28T14:37:04","slug":"puzzle-da-bagno-creativo-per-bambini-scopri-quutopia","status":"publish","type":"product","link":"https:\/\/www.gioconaturalmente.com\/en\/shop\/giochi-per-bambini\/puzzle-da-bagno-creativo-per-bambini-scopri-quutopia\/","title":{"rendered":"Quutopia Friends to the moon &#038; back"},"content":{"rendered":"<h2>Quutopia Friends to the moon &#038; back<\/h2>\n<p>Porta i tuoi bambini in un&#8217;avventura cosmica a bordo di un razzo o di uno space shuttle con il <strong>Quutopia Friends to the moon &#038; back<\/strong>. Questo divertente puzzle da bagno trasforma il momento del bagno in un&#8217;esperienza straordinaria, permettendo ai piccoli di esplorare la luna e oltre!<\/p>\n<h3>Caratteristiche principali<\/h3>\n<ul>\n<li><strong>12 pezzi colorati<\/strong> e due marionette da dito per infinite storie e avventure.<\/li>\n<li>Realizzato in <em>schiuma morbida in EVA<\/em>, senza BPA, ftalati e lattice.<\/li>\n<li>Pezzi leggeri e resistenti, facili da pulire e sicuri per i bambini.<\/li>\n<li>Utilizzabile anche all&#8217;esterno, per un divertimento senza limiti!<\/li>\n<\/ul>\n<h3>Vantaggi per i bambini e i genitori<\/h3>\n<ul>\n<li><strong>Stimola le capacit\u00e0 motorie fini<\/strong> dei bambini, migliorando la loro coordinazione.<\/li>\n<li>Incoraggia il gioco creativo, permettendo ai bambini di esprimere la loro immaginazione.<\/li>\n<li>Favorisce il <em>tempo di qualit\u00e0 genitore\/figlio<\/em>, creando momenti speciali insieme.<\/li>\n<\/ul>\n<h3>Consigli pratici per l&#8217;uso<\/h3>\n<p>Risciacquare accuratamente dopo ogni utilizzo e riporre in un luogo dove possa asciugarsi completamente. Se necessario, pulire con un detergente delicato. I pezzi non assorbono acqua, il che li rende facili da pulire e riduce la formazione di muffa e funghi.<\/p>\n<h3>Perch\u00e9 scegliere Quut?<\/h3>\n<p>Quut \u00e8 un marchio belga che crea prodotti per bambini di design, durevoli e di alta qualit\u00e0. I loro articoli sono progettati per creare memorie positive nei pi\u00f9 piccoli e stabilire una connessione emotiva con loro. Con giochi che possono essere utilizzati in tutte le stagioni, Quut offre divertimento per ogni occasione: giochi per la neve, per il giardinaggio, per l&#8217;orto e per il mare o lago.<\/p>\n<p>Tutti i prodotti Quut sono conformi ai seguenti standard di sicurezza chimica sui giocattoli: Europa \u2013 EN71, USA \u2013 ASTM F963, Giappone \u2013 ST 2012, Canada \u2013 SOR\/2011-17, Australia Nuova Zelanda \u2013 AS\/NZS ISO 8124. Scegli Quut per un gioco innovativo e sicuro, per momenti magici insieme ai tuoi bambini!<\/p>\n<p>Puoi scoprire maggiori informazioni su tutti gli articoli di Quut leggendo la pagina dedicata al marchio:&nbsp;<a href=\"https:\/\/www.gioconaturalmente.com\/portfolio-item\/quut\/\">Quut giochi per la spiaggia e l&#8217;outdoor | gioconaturalmente<\/a><\/p>\n<p>Sei curioso e vuoi entrare nei dettagli? Guarda sul nostro blog per maggiori info sui nostri prodotti: <a href=\"https:\/\/www.gioconaturalmente.com\/blog\/\">Blog &#8211; Gioconaturalmente Ama srl<\/a><\/p>\n<p>Scopri le foto fatte da altri e mandaci le tue:&nbsp;<a href=\"https:\/\/www.instagram.com\/gioconaturalmente\/\">https:\/\/www.instagram.com\/gioconaturalmente\/<\/a><\/p>\n","protected":false},"excerpt":{"rendered":"<p>Scopri il <strong>Quutopia Friends to the moon &#038; back<\/strong>, un divertente puzzle da bagno che trasforma il momento del bagno in un&#8217;avventura cosmica per i tuoi bambini.<\/p>\n<p>Questo gioco stimola le capacit\u00e0 motorie fini e incoraggia la creativit\u00e0, permettendo ai piccoli di esplorare la loro immaginazione. \u00c8 perfetto per <strong>storytelling<\/strong> e come gioco di costruzione, sia in bagno che all&#8217;esterno.<\/p>\n<ul>\n<li><strong>Stimola le capacit\u00e0 motorie fini<\/strong> attraverso l&#8217;assemblaggio delle forme.<\/li>\n<li><strong>Facile da pulire<\/strong> e sicuro per i bambini, non assorbe acqua.<\/li>\n<li>Include <strong>12 pezzi<\/strong> e <strong>due marionette da dito<\/strong>, adatto dai <strong>10 mesi<\/strong>.<\/li>\n<\/ul>\n<p>Non perdere l&#8217;occasione di regalare ai tuoi bambini un gioco che crea memorie positive! <strong>Acquista ora!<\/strong><\/p>\n","protected":false},"featured_media":47500,"template":"","meta":{"_crdt_document":""},"product_cat":[1773,1775,1774,1692,119],"product_tag":[1731,409,1728,1727,257,1670,65,1702,304,1664,1700,1699,1701,195,1665,1715,1713,1714,1716,1696,1718,1740,1741,1379,1698],"class_list":["post-47022","product","type-product","status-publish","has-post-thumbnail","hentry","product_cat-giochi-giochi-per-i-piu-piccoli-2","product_cat-giochi-giochi-per-lacqua-2","product_cat-idee-regalo-regali-economici-2","product_cat-quut","product_cat-giochi-per-bambini","product_tag-10-mesi","product_tag-costruzioni","product_tag-costruzioni-in-eva","product_tag-eva","product_tag-giochi","product_tag-giochi-educativi-e-di-abilita","product_tag-gioco","product_tag-gioco-amico-dei-genitori","product_tag-gioco-da-bimba","product_tag-gioco-da-bimbo","product_tag-gioco-di-alta-qualita","product_tag-gioco-di-design","product_tag-gioco-divertente","product_tag-gioco-educativo","product_tag-gioco-gender-neutro","product_tag-gioco-in-silicone","product_tag-gioco-per-il-bagnetto","product_tag-gioco-per-il-bagno","product_tag-gioco-sicuro","product_tag-idea-regalo","product_tag-idea-regalo-sotto-20e","product_tag-puzzle","product_tag-puzzle-eva","product_tag-quut","product_tag-regalo-compleanno"],"_links":{"self":[{"href":"https:\/\/www.gioconaturalmente.com\/en\/wp-json\/wp\/v2\/product\/47022","targetHints":{"allow":["GET"]}}],"collection":[{"href":"https:\/\/www.gioconaturalmente.com\/en\/wp-json\/wp\/v2\/product"}],"about":[{"href":"https:\/\/www.gioconaturalmente.com\/en\/wp-json\/wp\/v2\/types\/product"}],"wp:featuredmedia":[{"embeddable":true,"href":"https:\/\/www.gioconaturalmente.com\/en\/wp-json\/wp\/v2\/media\/47500"}],"wp:attachment":[{"href":"https:\/\/www.gioconaturalmente.com\/en\/wp-json\/wp\/v2\/media?parent=47022"}],"wp:term":[{"taxonomy":"product_cat","embeddable":true,"href":"https:\/\/www.gioconaturalmente.com\/en\/wp-json\/wp\/v2\/product_cat?post=47022"},{"taxonomy":"product_tag","embeddable":true,"href":"https:\/\/www.gioconaturalmente.com\/en\/wp-json\/wp\/v2\/product_tag?post=47022"}],"curies":[{"name":"wp","href":"https:\/\/api.w.org\/{rel}","templated":true}]}}