{"id":47019,"date":"2024-11-28T15:36:51","date_gmt":"2024-11-28T14:36:51","guid":{"rendered":"https:\/\/www.gioconaturalmente.com\/shop\/senza-categoria\/quutopia-treasure-island-bath-puzzle-2\/"},"modified":"2024-11-28T15:37:01","modified_gmt":"2024-11-28T14:37:01","slug":"puzzle-da-bagno-avventuroso-per-bambini-scopri-quut","status":"publish","type":"product","link":"https:\/\/www.gioconaturalmente.com\/en\/shop\/giochi-per-bambini\/puzzle-da-bagno-avventuroso-per-bambini-scopri-quut\/","title":{"rendered":"Quutopia Treasure Island Bath puzzle"},"content":{"rendered":"<h2>Quutopia Treasure Island Bath Puzzle<\/h2>\n<p>Porta i tuoi bambini in un&#8217;avventura ambientata in un&#8217;isola tropicale con il <strong>Quutopia Treasure Island Bath Puzzle<\/strong>. Andiamo a divertirci alla scoperta di mari incontaminati e tartarughe giganti!<\/p>\n<h3>Caratteristiche principali<\/h3>\n<ul>\n<li><strong>12 pezzi colorati<\/strong> e due marionette da dito per infinite storie e avventure.<\/li>\n<li>Realizzato in <strong>schiuma morbida in EVA<\/strong>, senza BPA, ftalati e lattice.<\/li>\n<li>Pezzi leggeri e resistenti, facili da pulire e sicuri per i bambini.<\/li>\n<li>Adatto a partire dai <strong>10 mesi<\/strong>.<\/li>\n<\/ul>\n<h3>Vantaggi per i bambini e i genitori<\/h3>\n<ul>\n<li><strong>Stimola le capacit\u00e0 motorie fini<\/strong>: l&#8217;assemblaggio delle forme aiuta i bambini a sviluppare abilit\u00e0 motorie.<\/li>\n<li><strong>Incoraggia il gioco creativo<\/strong>: i bambini possono creare scenari e storie, stimolando la loro immaginazione.<\/li>\n<li><strong>Tempo di qualit\u00e0 genitore\/figlio<\/strong>: un&#8217;opportunit\u00e0 per divertirsi insieme durante il bagno.<\/li>\n<\/ul>\n<h3>Consigli pratici per l&#8217;uso<\/h3>\n<ul>\n<li>Risciacquare accuratamente dopo ogni utilizzo e riporre in un luogo dove possa asciugarsi completamente.<\/li>\n<li>Pulire con un detergente delicato se necessario.<\/li>\n<li>I pezzi non assorbono acqua, riducendo la formazione di muffa e funghi.<\/li>\n<\/ul>\n<p>Quut \u00e8 un marchio belga che crea prodotti per bambini di design, durevoli e di alta qualit\u00e0. I loro articoli sono progettati per creare memorie positive e stabilire una connessione emotiva con i pi\u00f9 piccoli. Con <strong>Quut<\/strong>, ogni momento diventa magico!<\/p>\n<p>Scopri giochi per tutte le stagioni: per la neve, per il giardinaggio, per l&#8217;orto e per il mare o lago. Un gioco versatile per tantissimi usi durante tutto l&#8217;anno, sempre <strong>amico dell&#8217;ambiente<\/strong>.<\/p>\n<p>Tutti i prodotti Quut sono conformi ai seguenti standard di sicurezza chimica sui giocattoli: Europa \u2013 EN71, USA \u2013 ASTM F963, Giappone \u2013 ST 2012, Canada \u2013 SOR\/2011-17, Australia Nuova Zelanda \u2013 AS\/NZS ISO 8124.<\/p>\n<p>Puoi scoprire maggiori informazioni su tutti gli articoli di Quut leggendo la pagina dedicata al marchio:&nbsp;<a href=\"https:\/\/www.gioconaturalmente.com\/portfolio-item\/quut\/\">Quut giochi per la spiaggia e l&#8217;outdoor | gioconaturalmente<\/a><\/p>\n<p>Sei curioso e vuoi entrare nei dettagli? Guarda sul nostro blog per maggiori info sui nostri prodotti: <a href=\"https:\/\/www.gioconaturalmente.com\/blog\/\">Blog &#8211; Gioconaturalmente Ama srl<\/a><\/p>\n<p>Scopri le foto fatte da altri e mandaci le tue:&nbsp;<a href=\"https:\/\/www.instagram.com\/gioconaturalmente\/\">https:\/\/www.instagram.com\/gioconaturalmente\/<\/a><\/p>\n","protected":false},"excerpt":{"rendered":"<p>Scopri il <strong>Quutopia Treasure Island Bath Puzzle<\/strong> di <strong>Quut<\/strong>, un&#8217;avventura tropicale per i tuoi bambini! Questo colorato puzzle da bagno trasforma il momento del bagno in un parco giochi creativo, stimolando la <strong>creativit\u00e0<\/strong> e le <strong>capacit\u00e0 motorie fini<\/strong>.<\/p>\n<p>Caratteristiche principali:<\/p>\n<ul>\n<li>12 pezzi leggeri e resistenti<\/li>\n<li>Facili da pulire e sicuri<\/li>\n<li>Utilizzabili anche all&#8217;esterno<\/li>\n<\/ul>\n<p>Benefici:<\/p>\n<ul>\n<li>Stimola le capacit\u00e0 motorie fini<\/li>\n<li>Incoraggia il gioco creativo<\/li>\n<li>Favorisce momenti di qualit\u00e0 genitore\/figlio<\/li>\n<\/ul>\n<p>Adatto a partire dai <strong>10 mesi<\/strong>, il set \u00e8 progettato per creare <strong>memorie positive<\/strong> e divertimento. Non perdere l&#8217;occasione di rendere il bagno un momento magico!<\/p>\n","protected":false},"featured_media":47498,"template":"","meta":{"_crdt_document":""},"product_cat":[1773,1775,1774,1692,119],"product_tag":[1731,409,1728,1727,257,1670,65,1702,304,1664,1700,1699,1701,195,1665,1715,1713,1714,1716,1696,1718,1740,1741,1379,1698],"class_list":["post-47019","product","type-product","status-publish","has-post-thumbnail","hentry","product_cat-giochi-giochi-per-i-piu-piccoli-2","product_cat-giochi-giochi-per-lacqua-2","product_cat-idee-regalo-regali-economici-2","product_cat-quut","product_cat-giochi-per-bambini","product_tag-10-mesi","product_tag-costruzioni","product_tag-costruzioni-in-eva","product_tag-eva","product_tag-giochi","product_tag-giochi-educativi-e-di-abilita","product_tag-gioco","product_tag-gioco-amico-dei-genitori","product_tag-gioco-da-bimba","product_tag-gioco-da-bimbo","product_tag-gioco-di-alta-qualita","product_tag-gioco-di-design","product_tag-gioco-divertente","product_tag-gioco-educativo","product_tag-gioco-gender-neutro","product_tag-gioco-in-silicone","product_tag-gioco-per-il-bagnetto","product_tag-gioco-per-il-bagno","product_tag-gioco-sicuro","product_tag-idea-regalo","product_tag-idea-regalo-sotto-20e","product_tag-puzzle","product_tag-puzzle-eva","product_tag-quut","product_tag-regalo-compleanno"],"_links":{"self":[{"href":"https:\/\/www.gioconaturalmente.com\/en\/wp-json\/wp\/v2\/product\/47019","targetHints":{"allow":["GET"]}}],"collection":[{"href":"https:\/\/www.gioconaturalmente.com\/en\/wp-json\/wp\/v2\/product"}],"about":[{"href":"https:\/\/www.gioconaturalmente.com\/en\/wp-json\/wp\/v2\/types\/product"}],"wp:featuredmedia":[{"embeddable":true,"href":"https:\/\/www.gioconaturalmente.com\/en\/wp-json\/wp\/v2\/media\/47498"}],"wp:attachment":[{"href":"https:\/\/www.gioconaturalmente.com\/en\/wp-json\/wp\/v2\/media?parent=47019"}],"wp:term":[{"taxonomy":"product_cat","embeddable":true,"href":"https:\/\/www.gioconaturalmente.com\/en\/wp-json\/wp\/v2\/product_cat?post=47019"},{"taxonomy":"product_tag","embeddable":true,"href":"https:\/\/www.gioconaturalmente.com\/en\/wp-json\/wp\/v2\/product_tag?post=47019"}],"curies":[{"name":"wp","href":"https:\/\/api.w.org\/{rel}","templated":true}]}}