{"id":47018,"date":"2024-11-28T15:36:51","date_gmt":"2024-11-28T14:36:51","guid":{"rendered":"https:\/\/www.gioconaturalmente.com\/shop\/senza-categoria\/quutopia-sail-away-bath-puzzle-2\/"},"modified":"2024-11-28T15:37:00","modified_gmt":"2024-11-28T14:37:00","slug":"gioco-creativo-per-bambini-scopri-il-quutopia-sail-away-di-quut","status":"publish","type":"product","link":"https:\/\/www.gioconaturalmente.com\/en\/shop\/giochi-per-bambini\/gioco-creativo-per-bambini-scopri-il-quutopia-sail-away-di-quut\/","title":{"rendered":"Quutopia Sail Away Bath puzzle"},"content":{"rendered":"<h2>Quutopia Sail Away Bath Puzzle<\/h2>\n<p>Porta i tuoi bambini in un&#8217;avventura marina a bordo di una delle due barche del puzzle friend. Andiamo alla scoperta del mare con il <strong>Quutopia Sail Away Bath Puzzle<\/strong>.<\/p>\n<p>Tutto \u00e8 possibile con questo divertente e colorato puzzle da bagno. Rendi il parco giochi per il momento del bagno ancora pi\u00f9 grande combinandolo con altri set della linea <strong>Puzzle Friends<\/strong> di Quut. Il bambino potr\u00e0 creare infinite storie ed avventure!<\/p>\n<h3>Caratteristiche principali<\/h3>\n<ul>\n<li><strong>Stimola le capacit\u00e0 motorie fini<\/strong>: L&#8217;assemblaggio delle varie forme aiuta a migliorare le abilit\u00e0 motorie dei bambini.<\/li>\n<li><strong>Incoraggia il gioco creativo<\/strong>: I pezzi possono essere utilizzati anche come gioco creativo al di fuori della vasca e della doccia.<\/li>\n<li><strong>Facile da pulire<\/strong>: I pezzi non assorbono acqua, riducendo la formazione di muffa e funghi.<\/li>\n<li><strong>Materiale sicuro<\/strong>: Schiuma morbida in EVA senza BPA, ftalati e lattice.<\/li>\n<li><strong>Set completo<\/strong>: Contiene 12 pezzi e due marionette da dito, adatto a partire dai 10 mesi.<\/li>\n<\/ul>\n<h3>Benefici per bambini e genitori<\/h3>\n<p>Questo puzzle non solo offre ore di divertimento, ma <strong>aiuta a creare tempo di qualit\u00e0<\/strong> tra genitori e figli. I bambini possono esplorare la loro creativit\u00e0 mentre giocano, raccontando storie e costruendo mondi fantastici.<\/p>\n<h3>Consigli pratici per l&#8217;uso<\/h3>\n<ul>\n<li>Risciacquare accuratamente dopo ogni utilizzo e riporre in un luogo dove possa asciugarsi completamente.<\/li>\n<li>Pulire con un detergente delicato se necessario.<\/li>\n<li>Usare i pezzi anche all&#8217;esterno per un divertimento senza limiti!<\/li>\n<\/ul>\n<p><strong>Quut<\/strong> \u00e8 un marchio belga che crea prodotti per bambini di design, durevoli e di alta qualit\u00e0. I loro articoli sono progettati per creare memorie positive nei pi\u00f9 piccoli e stabilire una connessione emotiva con loro. Quut si impegna a realizzare prodotti innovativi che aggiungono divertimento e bellezza nella vita di grandi e piccini, per momenti magici insieme.<\/p>\n<p>I loro giochi possono essere usati in tutte le stagioni: per la neve, per il giardinaggio, per l&#8217;orto e per il mare o lago. Un gioco per tantissimi usi durante tutto l&#8217;anno, sempre <strong>amici dell&#8217;ambiente<\/strong>. I prodotti Quut sono stati insigniti di numerosi premi di design e sono conformi ai seguenti standard di sicurezza chimica sui giocattoli: Europa \u2013 EN71, USA \u2013 ASTM F963, Giappone \u2013 ST 2012, Canada \u2013 SOR\/2011-17, Australia Nuova Zelanda \u2013 AS\/NZS ISO 8124.<\/p>\n<p>Puoi scoprire maggiori informazioni su tutti gli articoli di Quut leggendo la pagina dedicata al marchio:&nbsp;<a href=\"https:\/\/www.gioconaturalmente.com\/portfolio-item\/quut\/\">Quut giochi per la spiaggia e l&#8217;outdoor | gioconaturalmente<\/a><\/p>\n<p>Sei curioso e vuoi entrare nei dettagli? Guarda sul nostro blog per maggiori info sui nostri prodotti: <a href=\"https:\/\/www.gioconaturalmente.com\/blog\/\">Blog &#8211; Gioconaturalmente Ama srl<\/a><\/p>\n<p>Scopri le foto fatte da altri e mandaci le tue:&nbsp;<a href=\"https:\/\/www.instagram.com\/gioconaturalmente\/\">https:\/\/www.instagram.com\/gioconaturalmente\/<\/a><\/p>\n","protected":false},"excerpt":{"rendered":"<p>Scopri il <strong>Quutopia Sail Away Bath Puzzle<\/strong>, un divertente e colorato puzzle da bagno che trasforma il momento del bagno in un&#8217;avventura marina. Grazie alla linea <strong>Puzzle Friends<\/strong> di Quut, i bambini possono creare <strong>infinite storie e avventure<\/strong>.<\/p>\n<p>Questo gioco stimola le <strong>capacit\u00e0 motorie fini<\/strong> e incoraggia la <strong>creativit\u00e0 e l&#8217;immaginazione<\/strong>. I pezzi leggeri e resistenti sono facili da pulire e sicuri, rendendoli ideali anche per il gioco all&#8217;aperto.<\/p>\n<ul>\n<li><strong>Stimola le capacit\u00e0 motorie fini<\/strong><\/li>\n<li><strong>Incoraggia il gioco creativo<\/strong><\/li>\n<li><strong>Aiuta a creare tempo di qualit\u00e0 genitore\/figlio<\/strong><\/li>\n<\/ul>\n<p>Realizzato in schiuma EVA priva di <strong>BPA<\/strong>, il set include <strong>12 pezzi<\/strong> e <strong>due marionette da dito<\/strong>, ed \u00e8 adatto a partire dai <strong>10 mesi<\/strong>. Non perdere l&#8217;occasione di rendere il bagno un momento magico!<\/p>\n","protected":false},"featured_media":47497,"template":"","meta":{"_crdt_document":""},"product_cat":[1773,1775,1774,1692,119],"product_tag":[1731,409,1728,1727,257,1670,65,1702,304,1664,1700,1699,1701,195,1665,1715,1713,1714,1716,1696,1718,1740,1741,1379,1698],"class_list":["post-47018","product","type-product","status-publish","has-post-thumbnail","hentry","product_cat-giochi-giochi-per-i-piu-piccoli-2","product_cat-giochi-giochi-per-lacqua-2","product_cat-idee-regalo-regali-economici-2","product_cat-quut","product_cat-giochi-per-bambini","product_tag-10-mesi","product_tag-costruzioni","product_tag-costruzioni-in-eva","product_tag-eva","product_tag-giochi","product_tag-giochi-educativi-e-di-abilita","product_tag-gioco","product_tag-gioco-amico-dei-genitori","product_tag-gioco-da-bimba","product_tag-gioco-da-bimbo","product_tag-gioco-di-alta-qualita","product_tag-gioco-di-design","product_tag-gioco-divertente","product_tag-gioco-educativo","product_tag-gioco-gender-neutro","product_tag-gioco-in-silicone","product_tag-gioco-per-il-bagnetto","product_tag-gioco-per-il-bagno","product_tag-gioco-sicuro","product_tag-idea-regalo","product_tag-idea-regalo-sotto-20e","product_tag-puzzle","product_tag-puzzle-eva","product_tag-quut","product_tag-regalo-compleanno"],"_links":{"self":[{"href":"https:\/\/www.gioconaturalmente.com\/en\/wp-json\/wp\/v2\/product\/47018","targetHints":{"allow":["GET"]}}],"collection":[{"href":"https:\/\/www.gioconaturalmente.com\/en\/wp-json\/wp\/v2\/product"}],"about":[{"href":"https:\/\/www.gioconaturalmente.com\/en\/wp-json\/wp\/v2\/types\/product"}],"wp:featuredmedia":[{"embeddable":true,"href":"https:\/\/www.gioconaturalmente.com\/en\/wp-json\/wp\/v2\/media\/47497"}],"wp:attachment":[{"href":"https:\/\/www.gioconaturalmente.com\/en\/wp-json\/wp\/v2\/media?parent=47018"}],"wp:term":[{"taxonomy":"product_cat","embeddable":true,"href":"https:\/\/www.gioconaturalmente.com\/en\/wp-json\/wp\/v2\/product_cat?post=47018"},{"taxonomy":"product_tag","embeddable":true,"href":"https:\/\/www.gioconaturalmente.com\/en\/wp-json\/wp\/v2\/product_tag?post=47018"}],"curies":[{"name":"wp","href":"https:\/\/api.w.org\/{rel}","templated":true}]}}