{"id":46948,"date":"2024-11-28T15:35:56","date_gmt":"2024-11-28T14:35:56","guid":{"rendered":"https:\/\/www.gioconaturalmente.com\/shop\/senza-categoria\/skippi-cosmic-blue-quut-2\/"},"modified":"2024-11-28T15:35:58","modified_gmt":"2024-11-28T14:35:58","slug":"gioco-gonfiabile-skippi-per-bambini-avventure-spaziali-con-quut","status":"publish","type":"product","link":"https:\/\/www.gioconaturalmente.com\/en\/shop\/giochi-per-bambini\/gioco-gonfiabile-skippi-per-bambini-avventure-spaziali-con-quut\/","title":{"rendered":"Skippi &#8211; Cosmic blue &#8211; Quut"},"content":{"rendered":"<h2>Skippi &#8211; Cosmic Blue di Quut<\/h2>\n<p>Scopri il fantastico <strong>gioco cavalcabile e gonfiabile Skippi<\/strong>, un divertente animale con antenne colorate che render\u00e0 ogni avventura spaziale indimenticabile! Con il suo colore <em>Cosmic Blue<\/em>, questo gioco stimola la creativit\u00e0 dei bambini mentre saltano e si divertono in casa o all&#8217;aperto.<\/p>\n<h3>Caratteristiche principali<\/h3>\n<ul>\n<li>Realizzato in <strong>vinile spesso e resistente<\/strong>, piacevole al tatto.<\/li>\n<li>Design <em>colorato e gioioso<\/em> che attira l&#8217;attenzione dei bambini.<\/li>\n<li>Dimensioni: <strong>35 x 46 cm<\/strong> con un peso massimo consigliato di <strong>50 kg (100 libbre)<\/strong>.<\/li>\n<li>Facile da gonfiare e sgonfiare, con pompa inclusa nella scatola regalo.<\/li>\n<li>Privo di <strong>BPA<\/strong> e <strong>latex<\/strong>, sicuro per la pelle dei bambini.<\/li>\n<\/ul>\n<h3>Benefici per i bambini e i genitori<\/h3>\n<ul>\n<li>Rafforza la <strong>muscolatura<\/strong> e aiuta nello sviluppo dell&#8217;<strong>equilibrio<\/strong> e della <strong>coordinazione<\/strong>.<\/li>\n<li>Diventa il <strong>compagno di gioco preferito<\/strong> dei bambini.<\/li>\n<li>Stimola la <strong>creativit\u00e0<\/strong> e l&#8217;immaginazione durante il gioco.<\/li>\n<li>Facile da trasportare e riporre, ideale per ogni occasione.<\/li>\n<\/ul>\n<h3>Consigli pratici per l&#8217;uso<\/h3>\n<ul>\n<li>Si consiglia la <strong>supervisione di un adulto<\/strong> durante il gioco.<\/li>\n<li>Utilizzare lontano da scale, superfici scivolose o bagnate.<\/li>\n<li>Tenere il giocattolo lontano da fiamme e fonti di calore.<\/li>\n<li>Evitare il contatto con superfici verniciate o dipinte per prevenire lo scolorimento.<\/li>\n<\/ul>\n<h3>Qualit\u00e0 e sicurezza<\/h3>\n<p>Tutti i prodotti Quut sono <strong>riciclabili<\/strong> e realizzati con materiali di <strong>altissima qualit\u00e0<\/strong>, progettati per durare e passare di generazione in generazione. Ogni articolo rispetta gli standard internazionali di sicurezza chimica sui giocattoli, inclusi:<\/p>\n<ul>\n<li>Europa \u2013 EN71<\/li>\n<li>USA \u2013 ASTM F963<\/li>\n<li>Giappone \u2013 ST 2012<\/li>\n<li>Canada \u2013 SOR\/2011-17<\/li>\n<li>Australia Nuova Zelanda \u2013 AS\/NZS ISO 8124<\/li>\n<\/ul>\n<h3>Un marchio di fiducia<\/h3>\n<p>Quut \u00e8 un marchio belga che crea prodotti per bambini di design, durevoli e di alta qualit\u00e0. Ogni gioco \u00e8 pensato per creare <strong>memorie positive<\/strong> e stabilire una <strong>connessione emotiva<\/strong> con i pi\u00f9 piccoli. Con giochi adatti a tutte le stagioni, Quut offre un divertimento senza tempo per momenti magici insieme.<\/p>\n<p>Puoi scoprire maggiori informazioni su tutti gli articoli di Quut leggendo la pagina dedicata al marchio:&nbsp;<a href=\"https:\/\/www.gioconaturalmente.com\/portfolio-item\/quut\/\">Quut giochi per la spiaggia e l&#8217;outdoor | gioconaturalmente<\/a><\/p>\n<p>Sei curioso e vuoi entrare nei dettagli? Guarda sul nostro blog per maggiori info sui nostri prodotti: <a href=\"https:\/\/www.gioconaturalmente.com\/blog\/\">Blog &#8211; Gioconaturalmente Ama srl<\/a><\/p>\n<p>Scopri le foto fatte da altri e mandaci le tue:&nbsp;<a href=\"https:\/\/www.instagram.com\/gioconaturalmente\/\">https:\/\/www.instagram.com\/gioconaturalmente\/<\/a><\/p>\n","protected":false},"excerpt":{"rendered":"<p>Scopri il <strong>Skippi &#8211; Cosmic blue<\/strong> di <strong>Quut<\/strong>, un gioco cavalcabile e gonfiabile a forma di animale che stimola la fantasia dei bambini. Realizzato in <strong>vinile spesso e resistente<\/strong>, \u00e8 <em>piacevole al tatto<\/em> e non diventa appiccicoso. Le sue dimensioni di <strong>35 x 46 cm<\/strong> e il peso massimo consigliato di <strong>50 kg<\/strong> lo rendono ideale per i pi\u00f9 piccoli.<\/p>\n<ul>\n<li><strong>Facile da gonfiare<\/strong> e include una pompa<\/li>\n<li><strong>Privo di BPA e lattice<\/strong>, sicuro per i bambini<\/li>\n<li><strong>Rafforza muscolatura<\/strong> e migliora equilibrio e coordinazione<\/li>\n<\/ul>\n<p>Il Skippi offre <strong>divertimento e benefici<\/strong> per i bambini, stimolando la creativit\u00e0 e promuovendo momenti di gioco sia in casa che all&#8217;aperto. Con Quut, i tuoi bambini vivranno <em>momenti magici<\/em> in tutte le stagioni!<\/p>\n<p><strong>Acquista ora il tuo Skippi e inizia l&#8217;avventura!<\/strong><\/p>\n","protected":false},"featured_media":47444,"template":"","meta":{"_crdt_document":""},"product_cat":[1772,1771,1692,119,123],"product_tag":[1695,1590,257,1670,65,1702,304,1664,1700,1699,1701,195,1665,1693,1694,1696,1706,1379,1698],"class_list":["post-46948","product","type-product","status-publish","has-post-thumbnail","hentry","product_cat-giochi-trainabili-carrellini-primi-passi-spingi-spingi","product_cat-idee-regalo-regali-per-la-crescita","product_cat-quut","product_cat-giochi-per-bambini","product_cat-idee-regalo-per-bambini","product_tag-2-anni","product_tag-cavalcabile","product_tag-giochi","product_tag-giochi-educativi-e-di-abilita","product_tag-gioco","product_tag-gioco-amico-dei-genitori","product_tag-gioco-da-bimba","product_tag-gioco-da-bimbo","product_tag-gioco-di-alta-qualita","product_tag-gioco-di-design","product_tag-gioco-divertente","product_tag-gioco-educativo","product_tag-gioco-gender-neutro","product_tag-gioco-gonfiabile","product_tag-gonfiabile","product_tag-idea-regalo","product_tag-idea-regalo-sotto-40e","product_tag-quut","product_tag-regalo-compleanno"],"_links":{"self":[{"href":"https:\/\/www.gioconaturalmente.com\/en\/wp-json\/wp\/v2\/product\/46948","targetHints":{"allow":["GET"]}}],"collection":[{"href":"https:\/\/www.gioconaturalmente.com\/en\/wp-json\/wp\/v2\/product"}],"about":[{"href":"https:\/\/www.gioconaturalmente.com\/en\/wp-json\/wp\/v2\/types\/product"}],"wp:featuredmedia":[{"embeddable":true,"href":"https:\/\/www.gioconaturalmente.com\/en\/wp-json\/wp\/v2\/media\/47444"}],"wp:attachment":[{"href":"https:\/\/www.gioconaturalmente.com\/en\/wp-json\/wp\/v2\/media?parent=46948"}],"wp:term":[{"taxonomy":"product_cat","embeddable":true,"href":"https:\/\/www.gioconaturalmente.com\/en\/wp-json\/wp\/v2\/product_cat?post=46948"},{"taxonomy":"product_tag","embeddable":true,"href":"https:\/\/www.gioconaturalmente.com\/en\/wp-json\/wp\/v2\/product_tag?post=46948"}],"curies":[{"name":"wp","href":"https:\/\/api.w.org\/{rel}","templated":true}]}}