{"id":4607,"date":"2017-11-02T16:40:22","date_gmt":"2017-11-02T15:40:22","guid":{"rendered":"https:\/\/www.gioconaturalmente.com\/ama\/shop\/senza-categoria\/triangolo-attivita-con-pallina-colori-delicati\/"},"modified":"2024-11-28T14:58:43","modified_gmt":"2024-11-28T13:58:43","slug":"triangolo-attivita-con-pallina-colori-delicati","status":"publish","type":"product","link":"https:\/\/www.gioconaturalmente.com\/en\/shop\/giochi-per-bambini\/giochi-giochi-educativi\/triangolo-attivita-con-pallina-colori-delicati\/","title":{"rendered":"triangolo attivit\u00e0 colori pastello-Triangle Clutching Toy PlanToys"},"content":{"rendered":"<p><em><strong>Note legali<\/strong><\/em><\/p>\n<p><em>Si consiglia di leggere attentamente  le etichette, gli avvertimenti ed i consigli per la manutenzione.Togliere tutti gli elementi di imballaggio prima di dare il prodotto al bambino. Per ulteriori informazioni si suggerisce di contattare il produttore.<\/em><\/p>\n","protected":false},"excerpt":{"rendered":"<p>Questo &#8220;Triangle Clutching Toy&#8221; di PlanToys \u00e8 fornito di una palla bi-tonale che si pu\u00f2 staccare, e con cui si pu\u00f2 giocare come sonaglio separato. Colorazione soft pastello. Sviluppa il senso motorio. Un prodotto per la prima infanzia indistruttibile, sicuro, naturale, di alta qualit\u00e0 e realizzato nel rispetto dell&#039;ambiente.  <\/p>\n<p><strong>Realizzato con il legno proveniente dall&#039;albero della gomma e colori atossici<\/strong><br \/>\n<strong>Colorato, allegro e sicuro.<\/strong>                                                                                                                                                                                                                                             <strong>Ideale dai 6 mesi<\/strong><\/p>\n<h4>10.9*9.9*9.4 cm<\/h4>\n<p><https:\/\/www.gioconaturalmente.com\/ama\/wp-content\/uploads\/2017\/08\/import\/logo_plantoys \/><\/p>\n","protected":false},"featured_media":5058,"template":"","meta":{"_crdt_document":""},"product_cat":[191,255,192,119,123],"product_tag":[101,102,257,258,380,65,375,206,100],"class_list":["post-4607","product","type-product","status-publish","has-post-thumbnail","hentry","product_cat-giochi-giochi-educativi","product_cat-giochieducativi","product_cat-per-i-piu-piccoli","product_cat-giochi-per-bambini","product_cat-idee-regalo-per-bambini","product_tag-adatto-a-bambini-0-12-mesi","product_tag-1-3-anni","product_tag-giochi","product_tag-giochi-educativi","product_tag-giochi-in-legno","product_tag-gioco","product_tag-plantoys","product_tag-sonaglino","product_tag-unisex"],"_links":{"self":[{"href":"https:\/\/www.gioconaturalmente.com\/en\/wp-json\/wp\/v2\/product\/4607","targetHints":{"allow":["GET"]}}],"collection":[{"href":"https:\/\/www.gioconaturalmente.com\/en\/wp-json\/wp\/v2\/product"}],"about":[{"href":"https:\/\/www.gioconaturalmente.com\/en\/wp-json\/wp\/v2\/types\/product"}],"wp:featuredmedia":[{"embeddable":true,"href":"https:\/\/www.gioconaturalmente.com\/en\/wp-json\/wp\/v2\/media\/5058"}],"wp:attachment":[{"href":"https:\/\/www.gioconaturalmente.com\/en\/wp-json\/wp\/v2\/media?parent=4607"}],"wp:term":[{"taxonomy":"product_cat","embeddable":true,"href":"https:\/\/www.gioconaturalmente.com\/en\/wp-json\/wp\/v2\/product_cat?post=4607"},{"taxonomy":"product_tag","embeddable":true,"href":"https:\/\/www.gioconaturalmente.com\/en\/wp-json\/wp\/v2\/product_tag?post=4607"}],"curies":[{"name":"wp","href":"https:\/\/api.w.org\/{rel}","templated":true}]}}