{"id":4509,"date":"2017-11-02T16:16:36","date_gmt":"2017-11-02T15:16:36","guid":{"rendered":"https:\/\/www.gioconaturalmente.com\/ama\/shop\/senza-categoria\/sonaglino-colorato-a-rullo\/"},"modified":"2024-11-28T14:59:25","modified_gmt":"2024-11-28T13:59:25","slug":"sonaglino-colorato-a-rullo","status":"publish","type":"product","link":"https:\/\/www.gioconaturalmente.com\/en\/shop\/idee-regalo-per-bambini\/regali-economici-per-bambini\/sonaglino-colorato-a-rullo\/","title":{"rendered":"sonaglino a rullo -Roller PlanToys"},"content":{"rendered":"<p><em><strong>Note legali<\/strong><\/em><\/p>\n<p><em>Si consiglia di leggere attentamente  le etichette, gli avvertimenti ed i consigli per la manutenzione.Togliere tutti gli elementi di imballaggio prima di dare il prodotto al bambino. Per ulteriori informazioni si suggerisce di contattare il produttore.<\/em><\/p>\n","protected":false},"excerpt":{"rendered":"<p>Questo sonaglio a rullo divertir\u00e0 molto il bambino. Rotolando il rullo si sentir\u00e0 un suono davverto piacevole. Il movimento dell&#8217;oggetto stimoler\u00e0 la vista e dell&#8217;udito del piccolo. Un prodotto per la prima infanzia indistruttibile, sicuro, naturale, di alta qualit\u00e0 e realizzato nel rispetto dell&#8217;ambiente.  <\/p>\n<p><strong>Realizzato con il legno proveniente dall&#8217;albero della gomma e colori atossici<\/strong><br \/>\n<strong>Colorato, allegro e sicuro.<\/strong>                                                                                                                                                                                                                                            <strong>Ideale dai 6 mesi<\/strong><\/p>\n<h4>6,5*6,5*5,5 cm<\/h4>\n","protected":false},"featured_media":4947,"template":"","meta":{"_crdt_document":""},"product_cat":[191,255,192,220,119,123],"product_tag":[101,102,257,258,380,65,375,206,100],"class_list":["post-4509","product","type-product","status-publish","has-post-thumbnail","hentry","product_cat-giochi-giochi-educativi","product_cat-giochieducativi","product_cat-per-i-piu-piccoli","product_cat-regali-economici-per-bambini","product_cat-giochi-per-bambini","product_cat-idee-regalo-per-bambini","product_tag-adatto-a-bambini-0-12-mesi","product_tag-1-3-anni","product_tag-giochi","product_tag-giochi-educativi","product_tag-giochi-in-legno","product_tag-gioco","product_tag-plantoys","product_tag-sonaglino","product_tag-unisex"],"_links":{"self":[{"href":"https:\/\/www.gioconaturalmente.com\/en\/wp-json\/wp\/v2\/product\/4509","targetHints":{"allow":["GET"]}}],"collection":[{"href":"https:\/\/www.gioconaturalmente.com\/en\/wp-json\/wp\/v2\/product"}],"about":[{"href":"https:\/\/www.gioconaturalmente.com\/en\/wp-json\/wp\/v2\/types\/product"}],"wp:featuredmedia":[{"embeddable":true,"href":"https:\/\/www.gioconaturalmente.com\/en\/wp-json\/wp\/v2\/media\/4947"}],"wp:attachment":[{"href":"https:\/\/www.gioconaturalmente.com\/en\/wp-json\/wp\/v2\/media?parent=4509"}],"wp:term":[{"taxonomy":"product_cat","embeddable":true,"href":"https:\/\/www.gioconaturalmente.com\/en\/wp-json\/wp\/v2\/product_cat?post=4509"},{"taxonomy":"product_tag","embeddable":true,"href":"https:\/\/www.gioconaturalmente.com\/en\/wp-json\/wp\/v2\/product_tag?post=4509"}],"curies":[{"name":"wp","href":"https:\/\/api.w.org\/{rel}","templated":true}]}}