{"id":4485,"date":"2017-11-02T16:14:53","date_gmt":"2017-11-02T15:14:53","guid":{"rendered":"https:\/\/www.gioconaturalmente.com\/ama\/shop\/senza-categoria\/trenino-degli-animali-trainabile\/"},"modified":"2024-11-28T14:59:33","modified_gmt":"2024-11-28T13:59:33","slug":"trenino-degli-animali-trainabile","status":"publish","type":"product","link":"https:\/\/www.gioconaturalmente.com\/en\/shop\/giochi-per-bambini\/trainabili-carrellini-primi-passi-e-spingi-spingi\/trenino-degli-animali-trainabile\/","title":{"rendered":"trenino degli animali da tirare &#8211; Animal Train Sorter PlanToys"},"content":{"rendered":"<p><em><strong>Note legali<\/strong><\/em><\/p>\n<p><em>Si consiglia di leggere attentamente  le etichette, gli avvertimenti ed i consigli per la manutenzione.Togliere tutti gli elementi di imballaggio prima di dare il prodotto al bambino. Per ulteriori informazioni si suggerisce di contattare il produttore.<\/em><\/p>\n","protected":false},"excerpt":{"rendered":"<p>Tutti a bordo di questo &#8220;Animal Train Sorter&#8221; di PlanToys! Organizza le tre diverse forme di animali (coniglio, gallina e anatra) sul treno! Aiuta a sviluppare la coordinazione mano-occhio e in generale le abilit\u00e0 motorie. Si pu\u00f2 utilizzare sia a blocchi separati sia come gioco unico da traino. Un trainabile indistruttibile e di alta qualit\u00e0 per il bambino prodotto nel rispetto dell&#8217;ambiente. <\/p>\n<p><strong>Realizzato con il legno proveniente dall&#8217;albero della gomma<\/strong><br \/>\n<strong>Colorato ed allegro.<\/strong><\/p>\n<h4>9,1*8,7*11,5 cm<\/h4>\n<p><https:\/\/www.gioconaturalmente.com\/ama\/wp-content\/uploads\/2017\/08\/import\/logo_plantoys \/><\/p>\n","protected":false},"featured_media":4920,"template":"","meta":{"_crdt_document":""},"product_cat":[191,255,192,187,119],"product_tag":[102,257,258,65,375,189,100],"class_list":["post-4485","product","type-product","status-publish","has-post-thumbnail","hentry","product_cat-giochi-giochi-educativi","product_cat-giochieducativi","product_cat-per-i-piu-piccoli","product_cat-trainabili-carrellini-primi-passi-e-spingi-spingi","product_cat-giochi-per-bambini","product_tag-1-3-anni","product_tag-giochi","product_tag-giochi-educativi","product_tag-gioco","product_tag-plantoys","product_tag-trainabili","product_tag-unisex"],"_links":{"self":[{"href":"https:\/\/www.gioconaturalmente.com\/en\/wp-json\/wp\/v2\/product\/4485","targetHints":{"allow":["GET"]}}],"collection":[{"href":"https:\/\/www.gioconaturalmente.com\/en\/wp-json\/wp\/v2\/product"}],"about":[{"href":"https:\/\/www.gioconaturalmente.com\/en\/wp-json\/wp\/v2\/types\/product"}],"wp:featuredmedia":[{"embeddable":true,"href":"https:\/\/www.gioconaturalmente.com\/en\/wp-json\/wp\/v2\/media\/4920"}],"wp:attachment":[{"href":"https:\/\/www.gioconaturalmente.com\/en\/wp-json\/wp\/v2\/media?parent=4485"}],"wp:term":[{"taxonomy":"product_cat","embeddable":true,"href":"https:\/\/www.gioconaturalmente.com\/en\/wp-json\/wp\/v2\/product_cat?post=4485"},{"taxonomy":"product_tag","embeddable":true,"href":"https:\/\/www.gioconaturalmente.com\/en\/wp-json\/wp\/v2\/product_tag?post=4485"}],"curies":[{"name":"wp","href":"https:\/\/api.w.org\/{rel}","templated":true}]}}