{"id":4479,"date":"2017-11-02T16:14:25","date_gmt":"2017-11-02T15:14:25","guid":{"rendered":"https:\/\/www.gioconaturalmente.com\/ama\/shop\/senza-categoria\/carrellino-primi-passi-con-costruzioni-in-legno\/"},"modified":"2024-11-28T14:59:34","modified_gmt":"2024-11-28T13:59:34","slug":"carrellino-primi-passi-con-costruzioni-in-legno","status":"publish","type":"product","link":"https:\/\/www.gioconaturalmente.com\/en\/shop\/giochi-per-bambini\/trainabili-carrellini-primi-passi-e-spingi-spingi\/carrellino-primi-passi-con-costruzioni-in-legno\/","title":{"rendered":"carrellino primi passi con costruzioni &#8211; Baby Walker PlanToys"},"content":{"rendered":"<p><em><strong>Note legali<\/strong><\/em><\/p>\n<p><em>Si consiglia di leggere attentamente  le etichette, gli avvertimenti ed i consigli per la manutenzione.Togliere tutti gli elementi di imballaggio prima di dare il prodotto al bambino. Per ulteriori informazioni si suggerisce di contattare il produttore.<\/em><\/p>\n","protected":false},"excerpt":{"rendered":"<p>Senza problemi nei vari step dell&#8217;imparare a camminare! Comprende 13 costruzioni colorate ed 11 color naturale di legno dell&#8217;albero della gomma. La maniglia \u00e8 regolabile su varie altezze. La frizione, collocata nella parte posteriore, consente di regolare la velocit\u00e0 con cui si muovono le ruote. La presenza delle costruzioni di legno rende anche gioco questo primi passi. Il bambino se ne innamorer\u00e0. Indistruttibile e di alta qualit\u00e0 prodotto nel rispetto dell&#8217;ambiente. Il carrellino dovr\u00e0 essere montato da un adulto.<\/p>\n<p><strong>Realizzato con il legno proveniente dall&#8217;albero della gomma<\/strong><br \/>\n<strong>Colorato, allegro e sicuro<\/strong>                                                                                                                                                                                                                                         <strong>Manico regolabile in altezza<\/strong>                                                                                                                                                                                                                                        <strong>Frizione che regola la velocit\u00e0 delle ruote<\/strong><\/p>\n<h4>28*36,5*49 cm<\/h4>\n<p><https:\/\/www.gioconaturalmente.com\/ama\/wp-content\/uploads\/2017\/08\/import\/logo_plantoys \/><\/p>\n","protected":false},"featured_media":4915,"template":"","meta":{"_crdt_document":""},"product_cat":[191,255,192,187,119],"product_tag":[101,102,376,257,258,65,375,377,189,100],"class_list":["post-4479","product","type-product","status-publish","has-post-thumbnail","hentry","product_cat-giochi-giochi-educativi","product_cat-giochieducativi","product_cat-per-i-piu-piccoli","product_cat-trainabili-carrellini-primi-passi-e-spingi-spingi","product_cat-giochi-per-bambini","product_tag-adatto-a-bambini-0-12-mesi","product_tag-1-3-anni","product_tag-carrellini-primi-passi","product_tag-giochi","product_tag-giochi-educativi","product_tag-gioco","product_tag-plantoys","product_tag-spingi-spingi","product_tag-trainabili","product_tag-unisex"],"_links":{"self":[{"href":"https:\/\/www.gioconaturalmente.com\/en\/wp-json\/wp\/v2\/product\/4479","targetHints":{"allow":["GET"]}}],"collection":[{"href":"https:\/\/www.gioconaturalmente.com\/en\/wp-json\/wp\/v2\/product"}],"about":[{"href":"https:\/\/www.gioconaturalmente.com\/en\/wp-json\/wp\/v2\/types\/product"}],"wp:featuredmedia":[{"embeddable":true,"href":"https:\/\/www.gioconaturalmente.com\/en\/wp-json\/wp\/v2\/media\/4915"}],"wp:attachment":[{"href":"https:\/\/www.gioconaturalmente.com\/en\/wp-json\/wp\/v2\/media?parent=4479"}],"wp:term":[{"taxonomy":"product_cat","embeddable":true,"href":"https:\/\/www.gioconaturalmente.com\/en\/wp-json\/wp\/v2\/product_cat?post=4479"},{"taxonomy":"product_tag","embeddable":true,"href":"https:\/\/www.gioconaturalmente.com\/en\/wp-json\/wp\/v2\/product_tag?post=4479"}],"curies":[{"name":"wp","href":"https:\/\/api.w.org\/{rel}","templated":true}]}}