{"id":4478,"date":"2017-11-02T16:14:20","date_gmt":"2017-11-02T15:14:20","guid":{"rendered":"https:\/\/www.gioconaturalmente.com\/ama\/shop\/senza-categoria\/carrellino-primi-passi-con-pappagalli-musicali\/"},"modified":"2024-11-28T14:59:35","modified_gmt":"2024-11-28T13:59:35","slug":"carrellino-primi-passi-con-pappagalli-musicali","status":"publish","type":"product","link":"https:\/\/www.gioconaturalmente.com\/en\/shop\/giochi-per-bambini\/trainabili-carrellini-primi-passi-e-spingi-spingi\/carrellino-primi-passi-con-pappagalli-musicali\/","title":{"rendered":"carrellino primi passi con pappagalli musicali &#8211; Bird Walker PlanToys"},"content":{"rendered":"<p><em><strong>Note legali<\/strong><\/em><\/p>\n<p><em>Si consiglia di leggere attentamente  le etichette, gli avvertimenti ed i consigli per la manutenzione.Togliere tutti gli elementi di imballaggio prima di dare il prodotto al bambino. Per ulteriori informazioni si suggerisce di contattare il produttore.<\/em><\/p>\n","protected":false},"excerpt":{"rendered":"<p>Questo gioco &#8211; carrellino primi passi di PlanToys- include 2 uccellini e 16 blocchi di legno, quando spinto emette un suono unico che incoraggia i bimbi a camminare. La maniglia \u00e8 regolabile su varie altezze. La frizione, collocata nella parte posteriore, consente di regolare la velocit\u00e0 con cui si muovono le ruote. La presenza delle costruzioni di legno rende anche gioco questo primi passi. Il bambino se ne innamorer\u00e0. Indistruttibile e di alta qualit\u00e0 prodotto nel rispetto dell&#8217;ambiente. Il carrellino dovr\u00e0 essere montato da un adulto.<\/p>\n<p><strong>Realizzato con il legno proveniente dall&#8217;albero della gomma<\/strong><br \/>\n<strong>Colorato, allegro e sicuro<\/strong>                                                                                                                                                                                                                                         <strong>Manico regolabile in altezza<\/strong>                                                                                                                                                                                                                                        <strong>Frizione che regola la velocit\u00e0 delle ruote<\/strong><\/p>\n<h4>27*35,6*48,8 cm<\/h4>\n<p><https:\/\/www.gioconaturalmente.com\/ama\/wp-content\/uploads\/2017\/08\/import\/logo_plantoys \/><\/p>\n","protected":false},"featured_media":4914,"template":"","meta":{"_crdt_document":""},"product_cat":[191,255,192,187,119],"product_tag":[101,102,376,257,258,65,375,377,189,100],"class_list":["post-4478","product","type-product","status-publish","has-post-thumbnail","hentry","product_cat-giochi-giochi-educativi","product_cat-giochieducativi","product_cat-per-i-piu-piccoli","product_cat-trainabili-carrellini-primi-passi-e-spingi-spingi","product_cat-giochi-per-bambini","product_tag-adatto-a-bambini-0-12-mesi","product_tag-1-3-anni","product_tag-carrellini-primi-passi","product_tag-giochi","product_tag-giochi-educativi","product_tag-gioco","product_tag-plantoys","product_tag-spingi-spingi","product_tag-trainabili","product_tag-unisex"],"_links":{"self":[{"href":"https:\/\/www.gioconaturalmente.com\/en\/wp-json\/wp\/v2\/product\/4478","targetHints":{"allow":["GET"]}}],"collection":[{"href":"https:\/\/www.gioconaturalmente.com\/en\/wp-json\/wp\/v2\/product"}],"about":[{"href":"https:\/\/www.gioconaturalmente.com\/en\/wp-json\/wp\/v2\/types\/product"}],"wp:featuredmedia":[{"embeddable":true,"href":"https:\/\/www.gioconaturalmente.com\/en\/wp-json\/wp\/v2\/media\/4914"}],"wp:attachment":[{"href":"https:\/\/www.gioconaturalmente.com\/en\/wp-json\/wp\/v2\/media?parent=4478"}],"wp:term":[{"taxonomy":"product_cat","embeddable":true,"href":"https:\/\/www.gioconaturalmente.com\/en\/wp-json\/wp\/v2\/product_cat?post=4478"},{"taxonomy":"product_tag","embeddable":true,"href":"https:\/\/www.gioconaturalmente.com\/en\/wp-json\/wp\/v2\/product_tag?post=4478"}],"curies":[{"name":"wp","href":"https:\/\/api.w.org\/{rel}","templated":true}]}}