{"id":4474,"date":"2017-11-02T16:14:08","date_gmt":"2017-11-02T15:14:08","guid":{"rendered":"https:\/\/www.gioconaturalmente.com\/ama\/shop\/senza-categoria\/anatra-trainabile\/"},"modified":"2024-11-28T14:59:37","modified_gmt":"2024-11-28T13:59:37","slug":"anatra-trainabile","status":"publish","type":"product","link":"https:\/\/www.gioconaturalmente.com\/en\/shop\/giochi-per-bambini\/giochi-giochi-educativi\/anatra-trainabile\/","title":{"rendered":"anatra da tirare &#8211; Pull-Along Duck PlanToys"},"content":{"rendered":"<p><em><strong>Note legali<\/strong><\/em><\/p>\n<p><em>Si consiglia di leggere attentamente  le etichette, gli avvertimenti ed i consigli per la manutenzione.Togliere tutti gli elementi di imballaggio prima di dare il prodotto al bambino. Per ulteriori informazioni si suggerisce di contattare il produttore.<\/em><\/p>\n","protected":false},"excerpt":{"rendered":"<p>Quando il bambino trainer\u00e0 l&#8217;anatra di PlanToys si divertir\u00e0 moltissimo a vedere le sue alette muoversi su e gi\u00f9.Un trainabile indistruttibile e di alta qualit\u00e0 per il bambino prodotto nel rispetto dell&#8217;ambiente. <\/p>\n<p><strong>Realizzato con il Planwood  e con il legno proveniente dall&#8217;albero della gomma<\/strong><br \/>\n<strong>Colorata ed allegra.<\/strong><\/p>\n<h4>11,4*10,5*13 cm<\/h4>\n<p><https:\/\/www.gioconaturalmente.com\/ama\/wp-content\/uploads\/2017\/08\/import\/logo_plantoys \/><\/p>\n","protected":false},"featured_media":4941,"template":"","meta":{"_crdt_document":""},"product_cat":[191,255,192,532,119],"product_tag":[102,257,258,65,375,189,100],"class_list":["post-4474","product","type-product","status-publish","has-post-thumbnail","hentry","product_cat-giochi-giochi-educativi","product_cat-giochieducativi","product_cat-per-i-piu-piccoli","product_cat-giochi-trainabili","product_cat-giochi-per-bambini","product_tag-1-3-anni","product_tag-giochi","product_tag-giochi-educativi","product_tag-gioco","product_tag-plantoys","product_tag-trainabili","product_tag-unisex"],"_links":{"self":[{"href":"https:\/\/www.gioconaturalmente.com\/en\/wp-json\/wp\/v2\/product\/4474","targetHints":{"allow":["GET"]}}],"collection":[{"href":"https:\/\/www.gioconaturalmente.com\/en\/wp-json\/wp\/v2\/product"}],"about":[{"href":"https:\/\/www.gioconaturalmente.com\/en\/wp-json\/wp\/v2\/types\/product"}],"wp:featuredmedia":[{"embeddable":true,"href":"https:\/\/www.gioconaturalmente.com\/en\/wp-json\/wp\/v2\/media\/4941"}],"wp:attachment":[{"href":"https:\/\/www.gioconaturalmente.com\/en\/wp-json\/wp\/v2\/media?parent=4474"}],"wp:term":[{"taxonomy":"product_cat","embeddable":true,"href":"https:\/\/www.gioconaturalmente.com\/en\/wp-json\/wp\/v2\/product_cat?post=4474"},{"taxonomy":"product_tag","embeddable":true,"href":"https:\/\/www.gioconaturalmente.com\/en\/wp-json\/wp\/v2\/product_tag?post=4474"}],"curies":[{"name":"wp","href":"https:\/\/api.w.org\/{rel}","templated":true}]}}