{"id":3971,"date":"2017-10-20T14:52:53","date_gmt":"2017-10-20T12:52:53","guid":{"rendered":"https:\/\/www.gioconaturalmente.com\/ama\/shop\/senza-categoria\/zaino-gatto-grigio-cotone-organico-certificato\/"},"modified":"2020-09-17T15:37:31","modified_gmt":"2020-09-17T13:37:31","slug":"zaino-gatto-grigio-cotone-organico-certificato","status":"publish","type":"product","link":"https:\/\/www.gioconaturalmente.com\/en\/shop\/outdoor-prodotti-per-uscire-da-bambini\/borse-zaini-e-trolley-e-astucci-per-bambini\/zaino-gatto-grigio-cotone-organico-certificato\/","title":{"rendered":"Zaino  Laban gatto grigio Franck&#038;Fischer"},"content":{"rendered":"<p>Lavare delicatamente a 40\u00b0. Non usare detergenti aggressivi. Non usare l&#8217;asciugatrice.<\/p>\n<hr \/>\n<p><em><strong>Note Legali<\/strong><\/em><\/p>\n<p><em>Si consiglia di leggere attentamente le etichette, gli avvertimenti ed i consigli per la manutenzione. Per ulteriori informazioni si suggerisce di contattare il produttore.<\/em><\/p>\n","protected":false},"excerpt":{"rendered":"<p>Orginale zaino a forma di gatto grigio di Franck&amp;Fischer. Ideale per i bambini in et\u00e0 da scuola dell&#8217;infanzia. Si possono regolare gli spallacci e la chiusura in vita per consentirne una vestibilit\u00e0 perfetta. Facile da aprire e chiudere per i bambini. I coloranti usati per questo zaino rispettano il bambino che lo indosser\u00e0 e l&#8217;ambiente. La tintura dello zaino \u00e8 stata effettuata secondo gli schemi Oeko-tex Standard 100. Lo zainetto \u00e8 privo di Ftalati. Conforme al REACH test.<\/p>\n<p><strong>100% cotone organico<\/strong><\/p>\n<h4>L. 25 x H. 32 cm<\/h4>\n<p><img loading=\"lazy\" decoding=\"async\" class=\"alignnone size-full wp-image-1017\" src=\"https:\/\/www.gioconaturalmente.com\/ama\/wp-content\/uploads\/2015\/09\/logo_fef_120.png\" alt=\"Logo_FeF_120\" width=\"120\" height=\"120\" srcset=\"https:\/\/www.gioconaturalmente.com\/ama\/wp-content\/uploads\/2015\/09\/logo_fef_120.png 120w, https:\/\/www.gioconaturalmente.com\/ama\/wp-content\/uploads\/2015\/09\/logo_fef_120-100x100.png 100w\" sizes=\"auto, (max-width: 120px) 100vw, 120px\" \/><\/p>\n","protected":false},"featured_media":3522,"template":"","meta":{"_crdt_document":""},"product_cat":[160,148,120,121],"product_tag":[80,99,250],"class_list":["post-3971","product","type-product","status-publish","has-post-thumbnail","hentry","product_cat-accessori-per-bambini-da-indossare","product_cat-borse-zaini-e-trolley-e-astucci-per-bambini","product_cat-accessori-per-bambini","product_cat-outdoor-prodotti-per-uscire-da-bambini","product_tag-3-6-anni","product_tag-franck-fischer","product_tag-zaini"],"_links":{"self":[{"href":"https:\/\/www.gioconaturalmente.com\/en\/wp-json\/wp\/v2\/product\/3971","targetHints":{"allow":["GET"]}}],"collection":[{"href":"https:\/\/www.gioconaturalmente.com\/en\/wp-json\/wp\/v2\/product"}],"about":[{"href":"https:\/\/www.gioconaturalmente.com\/en\/wp-json\/wp\/v2\/types\/product"}],"wp:featuredmedia":[{"embeddable":true,"href":"https:\/\/www.gioconaturalmente.com\/en\/wp-json\/wp\/v2\/media\/3522"}],"wp:attachment":[{"href":"https:\/\/www.gioconaturalmente.com\/en\/wp-json\/wp\/v2\/media?parent=3971"}],"wp:term":[{"taxonomy":"product_cat","embeddable":true,"href":"https:\/\/www.gioconaturalmente.com\/en\/wp-json\/wp\/v2\/product_cat?post=3971"},{"taxonomy":"product_tag","embeddable":true,"href":"https:\/\/www.gioconaturalmente.com\/en\/wp-json\/wp\/v2\/product_tag?post=3971"}],"curies":[{"name":"wp","href":"https:\/\/api.w.org\/{rel}","templated":true}]}}