{"id":3957,"date":"2017-10-20T14:52:38","date_gmt":"2017-10-20T12:52:38","guid":{"rendered":"https:\/\/www.gioconaturalmente.com\/ama\/shop\/senza-categoria\/grembiule-casacca-a-righe-grigie-per-non-sporcarsi\/"},"modified":"2020-09-17T15:32:07","modified_gmt":"2020-09-17T13:32:07","slug":"grembiule-casacca-a-righe-grigie-per-non-sporcarsi","status":"publish","type":"product","link":"https:\/\/www.gioconaturalmente.com\/en\/shop\/accessori-e-set-pappa-bimbi\/bavaglini-e-grembiulini\/grembiule-casacca-a-righe-grigie-per-non-sporcarsi\/","title":{"rendered":"Grembiule &#8211; casacca a righe grigie Franck&#038;FIcher"},"content":{"rendered":"<p>Lavare delicatamente a 30\u00b0. Non usare detergenti aggressivi. Non mettere in asciugatrice.<\/p>\n<hr \/>\n<p><em><strong>Note Legali<\/strong><\/em><\/p>\n<p><em>Si consiglia di leggere attentamente le etichette, gli avvertimenti ed i consigli per la manutenzione. Per ulteriori informazioni si suggerisce di contattare il produttore.<\/em><\/p>\n","protected":false},"excerpt":{"rendered":"<p>Casacca &#8211; Gembiule a righe grigie di Franck&amp;Fischer realizzata in 100% cotone organico certificato con una leggera pellico di acrilico per garantirne l&#8217;impermeabilit\u00e0. Facile da indossare. Ideale per svolgere attivit\u00e0 in cui ci si potrebbe sporcare, quali la pittura ed il giardinaggio.  La qualit\u00e0 del cotone utilizzato \u00e8 davvero alta e la stampa \u00e8 realizzata senza l&#8217;uso di sostanze tossiche. <\/p>\n<p><strong>100% cotone organico certificato <\/strong><\/p>\n<h4>2 &#8211; 4 anni<\/h4>\n<p><img loading=\"lazy\" decoding=\"async\" class=\"alignnone size-full wp-image-1017\" src=\"https:\/\/www.gioconaturalmente.com\/ama\/wp-content\/uploads\/2015\/09\/logo_fef_120.png\" alt=\"Logo_FeF_120\" width=\"120\" height=\"120\" srcset=\"https:\/\/www.gioconaturalmente.com\/ama\/wp-content\/uploads\/2015\/09\/logo_fef_120.png 120w, https:\/\/www.gioconaturalmente.com\/ama\/wp-content\/uploads\/2015\/09\/logo_fef_120-100x100.png 100w\" sizes=\"auto, (max-width: 120px) 100vw, 120px\" \/><\/p>\n","protected":false},"featured_media":3958,"template":"","meta":{"_crdt_document":""},"product_cat":[240,117],"product_tag":[102,249,247,236,99,246,242,243,248],"class_list":["post-3957","product","type-product","status-publish","has-post-thumbnail","hentry","product_cat-bavaglini-e-grembiulini","product_cat-accessori-e-set-pappa-bimbi","product_tag-1-3-anni","product_tag-attivita-creative","product_tag-casacca","product_tag-cotone","product_tag-franck-fischer","product_tag-grembiule","product_tag-pappa","product_tag-pappa-senza-macchie","product_tag-pittura"],"_links":{"self":[{"href":"https:\/\/www.gioconaturalmente.com\/en\/wp-json\/wp\/v2\/product\/3957","targetHints":{"allow":["GET"]}}],"collection":[{"href":"https:\/\/www.gioconaturalmente.com\/en\/wp-json\/wp\/v2\/product"}],"about":[{"href":"https:\/\/www.gioconaturalmente.com\/en\/wp-json\/wp\/v2\/types\/product"}],"wp:featuredmedia":[{"embeddable":true,"href":"https:\/\/www.gioconaturalmente.com\/en\/wp-json\/wp\/v2\/media\/3958"}],"wp:attachment":[{"href":"https:\/\/www.gioconaturalmente.com\/en\/wp-json\/wp\/v2\/media?parent=3957"}],"wp:term":[{"taxonomy":"product_cat","embeddable":true,"href":"https:\/\/www.gioconaturalmente.com\/en\/wp-json\/wp\/v2\/product_cat?post=3957"},{"taxonomy":"product_tag","embeddable":true,"href":"https:\/\/www.gioconaturalmente.com\/en\/wp-json\/wp\/v2\/product_tag?post=3957"}],"curies":[{"name":"wp","href":"https:\/\/api.w.org\/{rel}","templated":true}]}}