{"id":3898,"date":"2017-10-20T14:51:23","date_gmt":"2017-10-20T12:51:23","guid":{"rendered":"https:\/\/www.gioconaturalmente.com\/ama\/shop\/senza-categoria\/contenitore-ida-dark-swan\/"},"modified":"2017-11-06T11:39:35","modified_gmt":"2017-11-06T10:39:35","slug":"contenitore-ida-dark-swan","status":"publish","type":"product","link":"https:\/\/www.gioconaturalmente.com\/en\/shop\/decorazioni-per-bambini\/ceste-per-bambini\/contenitore-ida-dark-swan\/","title":{"rendered":"Contenitore Boss Ida dark swan Franck&#038;Fischer"},"content":{"rendered":"<p>Pulire con un panno umido. Non usare detergenti aggressivi. Non usare l&#8217;asciugatrice.<\/p>\n<hr \/>\n<p><em><strong>Note Legali<\/strong><\/em><\/p>\n<p><em>Si consiglia di leggere attentamente le etichette, gli avvertimenti ed i consigli per la manutenzione. Per ulteriori informazioni si suggerisce di contattare il produttore.<\/em><\/p>\n","protected":false},"excerpt":{"rendered":"<p>Sei stanco delle solite ceste anonime per riporre i tuoi prodotti? Sei alla ricerca di qualcosa di design ed originale che arredi la tua stanza? Finalmente sono arrivate le ceste Franck&#038;Fischer realizzate in cotone organico certificato e con stampa atossica. Oggetto di design dal gusto danese. Il colore \u00e8 scuro e di tendenza. Il cigno dona una connotazione originale all&#8217;oggetto. La cesta \u00e8 capiente e pu\u00f2 essere usata per contenere oggetti di piccole, medie dimensioni. <\/p>\n<p><strong>Esterno: 100% cotone organico<\/strong><\/p>\n<h4>23 x 21 cm<\/h4>\n<p><img loading=\"lazy\" decoding=\"async\" class=\"alignnone size-full wp-image-1017\" src=\"https:\/\/www.gioconaturalmente.com\/ama\/wp-content\/uploads\/2015\/09\/logo_fef_120.png\" alt=\"Logo_FeF_120\" width=\"120\" height=\"120\" srcset=\"https:\/\/www.gioconaturalmente.com\/ama\/wp-content\/uploads\/2015\/09\/logo_fef_120.png 120w, https:\/\/www.gioconaturalmente.com\/ama\/wp-content\/uploads\/2015\/09\/logo_fef_120-100x100.png 100w\" sizes=\"auto, (max-width: 120px) 100vw, 120px\" \/><\/p>\n","protected":false},"featured_media":3899,"template":"","meta":{"_crdt_document":""},"product_cat":[229,163,162,161],"product_tag":[230,233,231,232,190,228,99],"class_list":["post-3898","product","type-product","status-publish","has-post-thumbnail","hentry","product_cat-ceste-2","product_cat-ceste-per-bambini","product_cat-decorazioni-per-bambini","product_cat-sacchi-e-tappeti-gioco-per-bambini","product_tag-ceste","product_tag-contenitori-arredo","product_tag-cotenitori","product_tag-cotenitori-giocattoli","product_tag-cotone-organico-certificato","product_tag-design-danese","product_tag-franck-fischer"],"_links":{"self":[{"href":"https:\/\/www.gioconaturalmente.com\/en\/wp-json\/wp\/v2\/product\/3898","targetHints":{"allow":["GET"]}}],"collection":[{"href":"https:\/\/www.gioconaturalmente.com\/en\/wp-json\/wp\/v2\/product"}],"about":[{"href":"https:\/\/www.gioconaturalmente.com\/en\/wp-json\/wp\/v2\/types\/product"}],"wp:featuredmedia":[{"embeddable":true,"href":"https:\/\/www.gioconaturalmente.com\/en\/wp-json\/wp\/v2\/media\/3899"}],"wp:attachment":[{"href":"https:\/\/www.gioconaturalmente.com\/en\/wp-json\/wp\/v2\/media?parent=3898"}],"wp:term":[{"taxonomy":"product_cat","embeddable":true,"href":"https:\/\/www.gioconaturalmente.com\/en\/wp-json\/wp\/v2\/product_cat?post=3898"},{"taxonomy":"product_tag","embeddable":true,"href":"https:\/\/www.gioconaturalmente.com\/en\/wp-json\/wp\/v2\/product_tag?post=3898"}],"curies":[{"name":"wp","href":"https:\/\/api.w.org\/{rel}","templated":true}]}}