{"id":3637,"date":"2017-10-19T18:09:15","date_gmt":"2017-10-19T16:09:15","guid":{"rendered":"https:\/\/www.gioconaturalmente.com\/ama\/shop\/senza-categoria\/sacco-portagiochi-colour-your-bag-omy-playandgo\/"},"modified":"2025-02-26T11:35:28","modified_gmt":"2025-02-26T10:35:28","slug":"sacco-portagiochi-colour-your-bag-omy-playandgo","status":"publish","type":"product","link":"https:\/\/www.gioconaturalmente.com\/en\/shop\/decorazioni-per-bambini\/ceste-per-bambini\/sacco-portagiochi-colour-your-bag-omy-playandgo\/","title":{"rendered":"Sacco Portagiochi e tappeto gioco 2 in 1  &#8211; Color your bag Omy Play&#038;Go"},"content":{"rendered":"<p>Lavare in lavatrice seguendo le istruzioni di lavaggio presenti sul prodotto.<\/p>\n<p><em><strong>Note legali<\/strong><\/em><\/p>\n<p><em>Si consiglia di leggere attentamente le etichette, gli avvertimenti ed i consigli per la manutenzione. Per ulteriori informazioni si suggerisce di contattare il produttore.<\/em><\/p>\n","protected":false},"excerpt":{"rendered":"<p>E&#8217; sempre molto difficile tenere in ordine i giocattoli dei bambini ma da oggi con la sacca tappeto gioco di Play and Go sar\u00e0 un gioco da ragazzi. Il sacco una volta aperto diventa un comodo tappeto, diametro 140cm, su cui giocare. Una volta stanchi baster\u00e0 tirar la coulisse e tutti i giochi spariranno al loro interno come per magia. La fantasia \u00e8 doubleface. Il tappeto nato dalla collaborazione con Omy \u00e8 progettato per essere colorato con qualsiasi pennarello lavabile ad acqua su entrambi i lati. Il colore andr\u00e0 via al primo lavaggio in lavatrice ed il bambino potr\u00e0 riiniziare a colorare. Il primo contenitore &#8211; tappeto che diventa anche gioco.<\/p>\n<p><strong>Realizzato in polycotton.<\/strong><\/p>\n<h4>Diametro aperto 140cm;<\/h4>\n<p><img loading=\"lazy\" decoding=\"async\" class=\"alignnone size-full wp-image-2383\" src=\"https:\/\/www.gioconaturalmente.com\/ama\/wp-content\/uploads\/2016\/09\/sacco-portagiochi-turchese-playgo.jpg\" alt=\"play-and-go-sm\" width=\"180\" height=\"96\" \/><\/p>\n","protected":false},"featured_media":3751,"template":"","meta":{"_crdt_document":""},"product_cat":[163,162,161,119],"product_tag":[147,131,145,146],"class_list":["post-3637","product","type-product","status-publish","has-post-thumbnail","hentry","product_cat-ceste-per-bambini","product_cat-decorazioni-per-bambini","product_cat-sacchi-e-tappeti-gioco-per-bambini","product_cat-giochi-per-bambini","product_tag-jeans","product_tag-playgo","product_tag-sacco-portagiochi","product_tag-tappeto-gioco"],"_links":{"self":[{"href":"https:\/\/www.gioconaturalmente.com\/en\/wp-json\/wp\/v2\/product\/3637","targetHints":{"allow":["GET"]}}],"collection":[{"href":"https:\/\/www.gioconaturalmente.com\/en\/wp-json\/wp\/v2\/product"}],"about":[{"href":"https:\/\/www.gioconaturalmente.com\/en\/wp-json\/wp\/v2\/types\/product"}],"wp:featuredmedia":[{"embeddable":true,"href":"https:\/\/www.gioconaturalmente.com\/en\/wp-json\/wp\/v2\/media\/3751"}],"wp:attachment":[{"href":"https:\/\/www.gioconaturalmente.com\/en\/wp-json\/wp\/v2\/media?parent=3637"}],"wp:term":[{"taxonomy":"product_cat","embeddable":true,"href":"https:\/\/www.gioconaturalmente.com\/en\/wp-json\/wp\/v2\/product_cat?post=3637"},{"taxonomy":"product_tag","embeddable":true,"href":"https:\/\/www.gioconaturalmente.com\/en\/wp-json\/wp\/v2\/product_tag?post=3637"}],"curies":[{"name":"wp","href":"https:\/\/api.w.org\/{rel}","templated":true}]}}