{"id":33939,"date":"2022-10-11T13:31:44","date_gmt":"2022-10-11T11:31:44","guid":{"rendered":"https:\/\/www.gioconaturalmente.com\/?post_type=product&#038;p=33939"},"modified":"2026-01-03T15:05:10","modified_gmt":"2026-01-03T14:05:10","slug":"victorian-doll-house-plantoys-casa-per-le-bambole","status":"publish","type":"product","link":"https:\/\/www.gioconaturalmente.com\/en\/shop\/giochi-per-bambini\/trainabili-carrellini-primi-passi-e-spingi-spingi\/victorian-doll-house-plantoys-casa-per-le-bambole\/","title":{"rendered":"Victorian Doll house PlanToys"},"content":{"rendered":"<p>Scopri la meravigliosa case per le bambole Victoria Doll house PlanToys per un gioco di immaginazione e di ruolo.<\/p>\n<p>La Victorian Doll house PlanToys \u00e8 realizzata in PlanWood, legno 100% proveniente da alberi della gomma a fine ciclo produttivo. Nessun albero viene abbattuto per la produzione della Victorian Doll house PlanToys &#8211; casa per le bambole . Inoltre \u00e8 un gioco green al 100% infatti la produzione della casa per le bambole \u00e8 fatta in totale rispetto dell&#8217;ambiente e dei lavoratori.<\/p>\n<p>La casa per le bambole Victorian Doll house \u00e8 progettata da PlanToys con l&#8217;idea di consentire ai bambini il gioco di immaginazione. Per aiutare i pi\u00f9 piccoli nello sviluppo della creativit\u00e0.<\/p>\n<p>L&#8217;aspetto vittoriano della casa coinvolger\u00e0 i bimbi in storie fantastiche in tempi lontani. Quale personaggio faranno partecipare al loro gioco? Ci saranno principi, principesse, cavalieri, soldati e chiss\u00e0 quanti altri saranno coinvolti.<\/p>\n<p>&lt;H1&gt; Entriamo nel dettaglio della casa.<\/p>\n<p>In\u00a0 particolare la casa Victorian Doll house PlanToys ha due piani ed un attico. Quindi ci sono le rampe di scale per muovere le bambole all&#8217;interno della casa. Le finestre e le porte sono apribili. Potrai arredarla come pi\u00f9 ti piacer\u00e0 in quanto gli arredi e le bambole non sono inclusi. Questo stimoler\u00e0 i bambini a scegliere o creare i propri arredi in base alle loro storie.<\/p>\n<p>PlanToys \u00e8 un&#8217;azienda Thailandese sul mercato da oltre 40 anni con la passione e la missione di creare giochi per bambini che siano funzionali al loro sviluppo cognitivo, che li aiutino nell&#8217;incrementare le proprie competenze, che stimolino la loro creativit\u00e0 e fantasia. Per loro \u00e8 fondamentale produrre giochi che possano essere usati per tanti anni senza creare un impatto negativo nell&#8217;ambiente. Ogni parte dell&#8217;albero deve essere usato per non sprecare risorse importanti per il futuro dei nostri piccoli.<\/p>\n<p>Prodotto naturale e ecologico.<\/p>\n<p>Potrai scoprire ulteriori informazioni su PlanToys e tutti i prodotti della linea al seguente link: <a href=\"https:\/\/www.gioconaturalmente.com\/portfolio-item\/plantoys-giochi-in-legno\/\">PlanToys giochi in legno ecologico | gioconaturalmente<\/a><\/p>\n<p>Se vuoi vedere come usano la Victorian Doll house\u00a0 altri consumatori guarda i posti della nostra pagina instagram <a href=\"https:\/\/www.instagram.com\/gioconaturalmente\/?hl=it\">Gioconaturalmente \u2022 giochi eco (@gioconaturalmente) \u2022 Foto e video di Instagram<\/a><\/p>\n","protected":false},"excerpt":{"rendered":"<p>Casa per le bambole Victorian Doll house di PlanToys per ore di gioco indimenticabili.<\/p>\n<p><strong>Realizzato in legno proveniente dall&#8217;albero della gomma. <\/strong><\/p>\n<p><strong>Naturale, bella e sostenibile.<\/strong><\/p>\n","protected":false},"featured_media":33944,"template":"","meta":{"_crdt_document":""},"product_cat":[191,1622,255,192,187,119],"product_tag":[102,80,257,258,380,1636,1253,1380,1638,65,1639,375,1637,100],"class_list":["post-33939","product","type-product","status-publish","has-post-thumbnail","hentry","product_cat-giochi-giochi-educativi","product_cat-giochi-per-l-aria-aperta","product_cat-giochieducativi","product_cat-per-i-piu-piccoli","product_cat-trainabili-carrellini-primi-passi-e-spingi-spingi","product_cat-giochi-per-bambini","product_tag-1-3-anni","product_tag-3-6-anni","product_tag-giochi","product_tag-giochi-educativi","product_tag-giochi-in-legno","product_tag-giochi-naturali","product_tag-giochi-per-il-mare","product_tag-giochi-per-lacqua","product_tag-giochi-per-la-spiaggia","product_tag-gioco","product_tag-plan-toys","product_tag-plantoys","product_tag-planwood","product_tag-unisex"],"_links":{"self":[{"href":"https:\/\/www.gioconaturalmente.com\/en\/wp-json\/wp\/v2\/product\/33939","targetHints":{"allow":["GET"]}}],"collection":[{"href":"https:\/\/www.gioconaturalmente.com\/en\/wp-json\/wp\/v2\/product"}],"about":[{"href":"https:\/\/www.gioconaturalmente.com\/en\/wp-json\/wp\/v2\/types\/product"}],"wp:featuredmedia":[{"embeddable":true,"href":"https:\/\/www.gioconaturalmente.com\/en\/wp-json\/wp\/v2\/media\/33944"}],"wp:attachment":[{"href":"https:\/\/www.gioconaturalmente.com\/en\/wp-json\/wp\/v2\/media?parent=33939"}],"wp:term":[{"taxonomy":"product_cat","embeddable":true,"href":"https:\/\/www.gioconaturalmente.com\/en\/wp-json\/wp\/v2\/product_cat?post=33939"},{"taxonomy":"product_tag","embeddable":true,"href":"https:\/\/www.gioconaturalmente.com\/en\/wp-json\/wp\/v2\/product_tag?post=33939"}],"curies":[{"name":"wp","href":"https:\/\/api.w.org\/{rel}","templated":true}]}}