{"id":33744,"date":"2022-07-22T17:53:44","date_gmt":"2022-07-22T15:53:44","guid":{"rendered":"https:\/\/www.gioconaturalmente.com\/shop\/senza-categoria\/casco-steel-xxs-s-scootride-copy\/"},"modified":"2024-11-28T14:56:59","modified_gmt":"2024-11-28T13:56:59","slug":"casco-steel-s-m-scootride","status":"publish","type":"product","link":"https:\/\/www.gioconaturalmente.com\/en\/shop\/outdoor-prodotti-per-uscire-da-bambini\/caschi-per-bambini\/casco-steel-s-m-scootride\/","title":{"rendered":"Casco steel traspirante con luci LED per bambini nella taglia S\/M &#8211;  Scoot &#038; Ride"},"content":{"rendered":"<p>Il Casco steel S\/M Scoot&amp;Ride, traspirante con luce LED per bambini, nella taglia S\/M \u00e8 sicuro, di tendenza, facile da usare e comodo per il tuo bambino.<\/p>\n<p>Pensato per poter divertirsi su monopattini, bici, pattini per ore in totale sicurezza.<\/p>\n<p>Il logo laterale contiene una parte catarifrangente per aumentare la visibilit\u00e0 del bambino su strada.<\/p>\n<p>La pratica chiusura magnetica, anti-pizzico, sviluppa l&#8217;autonomia e la coordinazione del bambino grazie al suo facile utilizzo.<\/p>\n<p>Dotato di imbottitura sul mento che lo rende comodo da indossare.<\/p>\n<p>Ideale per tutti i piccoli con una circonferenza della testa che va dai 51 ai 55 cm (dai 3 anni in su).\u00a0 Questi caschi sono ideali da abbinare al vostro Highwaykick1 dello stesso colore!<\/p>\n<p>Il caschetto steel ti lascer\u00e0 esterrefatto grazie al suo design moderno e accattivante, un lampo azzurro sfreccer\u00e0 in strada nella pi\u00f9 totale sicurezza e comodit\u00e0.<\/p>\n<p>Nella parte posteriore \u00e8 presente una rotellina che consentir\u00e0 di allargalo o stringerlo in modo che calzi perfettamente la testa del bambino. Altro elemento di sicurezza la luce LED posteriore, per rendere i giretti in notturna sicuri al 100%.<\/p>\n<p>Diametro regolabile dai 51 ai 55 cm<br \/>\nEt\u00e0: dai 3 anni<br \/>\nPeso: 290gr<br \/>\nImbottitura lavabile e traspirante<\/p>\n<p>&nbsp;<\/p>\n<p>Potrai scoprire di pi\u00f9 sul Casco steel S\/M Scoot&amp;Ride traspirante con luci LED per bambini al seguente link: <a href=\"https:\/\/www.gioconaturalmente.com\/portfolio-item\/scoot-and-ride\/\">Scoot &amp; Ride | distributore ufficiale gioconaturalmente<\/a><\/p>\n<p>Vuoi scoprire di pi\u00f9 sui nostri articoli, scopri la nostra pagina instagram: <a href=\"https:\/\/www.instagram.com\/gioconaturalmente\/?hl=it\">Gioconaturalmente \u2022 giochi eco (@gioconaturalmente) \u2022 Foto e video di Instagram<\/a><\/p>\n","protected":false},"excerpt":{"rendered":"<p>Il caschetto steel di Scoot &amp; Ride \u00e8 sicuro, pratico e comodo per il tuo bambino.\u00a0 Abbinabile a tutti i monopattini del marchio.<\/p>\n","protected":false},"featured_media":33748,"template":"","meta":{"_crdt_document":""},"product_cat":[1035],"product_tag":[492,379,1581,1580,1050,1578,1579,1585],"class_list":["post-33744","product","type-product","status-publish","has-post-thumbnail","hentry","product_cat-caschi-per-bambini","product_tag-bici","product_tag-biciclette","product_tag-caschetto","product_tag-casco","product_tag-monopattini","product_tag-scoot-ride","product_tag-scootride","product_tag-scooter"],"_links":{"self":[{"href":"https:\/\/www.gioconaturalmente.com\/en\/wp-json\/wp\/v2\/product\/33744","targetHints":{"allow":["GET"]}}],"collection":[{"href":"https:\/\/www.gioconaturalmente.com\/en\/wp-json\/wp\/v2\/product"}],"about":[{"href":"https:\/\/www.gioconaturalmente.com\/en\/wp-json\/wp\/v2\/types\/product"}],"wp:featuredmedia":[{"embeddable":true,"href":"https:\/\/www.gioconaturalmente.com\/en\/wp-json\/wp\/v2\/media\/33748"}],"wp:attachment":[{"href":"https:\/\/www.gioconaturalmente.com\/en\/wp-json\/wp\/v2\/media?parent=33744"}],"wp:term":[{"taxonomy":"product_cat","embeddable":true,"href":"https:\/\/www.gioconaturalmente.com\/en\/wp-json\/wp\/v2\/product_cat?post=33744"},{"taxonomy":"product_tag","embeddable":true,"href":"https:\/\/www.gioconaturalmente.com\/en\/wp-json\/wp\/v2\/product_tag?post=33744"}],"curies":[{"name":"wp","href":"https:\/\/api.w.org\/{rel}","templated":true}]}}