{"id":33734,"date":"2022-07-22T17:17:18","date_gmt":"2022-07-22T15:17:18","guid":{"rendered":"https:\/\/www.gioconaturalmente.com\/shop\/senza-categoria\/casco-giallo-traspirante-con-luci-led-per-bambini-nella-taglia-xxs-s-casco-lemon-xxs-s-scoot-ride-copy\/"},"modified":"2024-11-28T14:56:59","modified_gmt":"2024-11-28T13:56:59","slug":"casco-steel-xxs-s-scootride","status":"publish","type":"product","link":"https:\/\/www.gioconaturalmente.com\/en\/shop\/outdoor-prodotti-per-uscire-da-bambini\/caschi-per-bambini\/casco-steel-xxs-s-scootride\/","title":{"rendered":"Casco steel traspirante con luci LED per bambini nella taglia XXS\/S &#8211;  Scoot &#038; Ride"},"content":{"rendered":"<p>Il Casco steel XXS\/S Scoot&amp;Ride, traspirante con luce LED per bambini, nella taglia XXS\/S \u00e8 sicuro, di tendenza, facile da usare e comodo per il tuo bambino.<\/p>\n<p>Pensato per poter divertirsi su monopattini, bici, pattini per ore in totale sicurezza.<\/p>\n<p>Il logo laterale contiene una parte catarifrangente per aumentare la visibilit\u00e0 del bambino su strada.<\/p>\n<p>La pratica chiusura magnetica, anti-pizzico, sviluppa l&#8217;autonomia e la coordinazione del bambino grazie al suo facile utilizzo.<\/p>\n<p>Dotato di imbottitura sul mento che lo rende comodo da indossare.<\/p>\n<p>Ideale per tutti i piccoli con una circonferenza della testa che va dai 45 ai 51 cm (da 1 a 3 anni circa).\u00a0 Questi caschi sono ideali da abbinare al vostro Highwaykick1\u00a0dello stesso colore!<\/p>\n<p>Il caschetto steel ti lascer\u00e0 esterrefatto grazie al suo design moderno e accattivante, un lampo azzurro sfreccer\u00e0 in strada nella pi\u00f9 totale sicurezza e comodit\u00e0.<\/p>\n<p>Nella parte posteriore \u00e8 presente una rotellina che consentir\u00e0 di allargalo o stringerlo in modo che calzi perfettamente la testa del bambino. Altro elemento di sicurezza la luce LED posteriore, per rendere i giretti in notturna sicuri al 100%.<\/p>\n<p>Diametro regolabile dai 41 ai 51 cm<br \/>\nEt\u00e0: 3-5 anni<br \/>\nPeso: 230gr<br \/>\nImbottitura lavabile e traspirante<\/p>\n<p>&nbsp;<\/p>\n<p>Potrai scoprire di pi\u00f9 sul Casco steel XXS\/S Scoot&amp;Ride traspirante con luci LED per bambini al seguente link: <a href=\"https:\/\/www.gioconaturalmente.com\/portfolio-item\/scoot-and-ride\/\">Scoot &amp; Ride | distributore ufficiale gioconaturalmente<\/a><\/p>\n<p>Vuoi scoprire di pi\u00f9 sui nostri articoli, scopri la nostra pagina instagram: <a href=\"https:\/\/www.instagram.com\/gioconaturalmente\/?hl=it\">Gioconaturalmente \u2022 giochi eco (@gioconaturalmente) \u2022 Foto e video di Instagram<\/a><\/p>\n","protected":false},"excerpt":{"rendered":"<p>Il caschetto steel di Scoot &amp; Ride \u00e8 sicuro, pratico e comodo per il tuo bambino.\u00a0 Abbinabile a tutti i monopattini del marchio.<\/p>\n","protected":false},"featured_media":33742,"template":"","meta":{"_crdt_document":""},"product_cat":[1035],"product_tag":[492,379,1581,1580,1050,1578,1579,1585],"class_list":["post-33734","product","type-product","status-publish","has-post-thumbnail","hentry","product_cat-caschi-per-bambini","product_tag-bici","product_tag-biciclette","product_tag-caschetto","product_tag-casco","product_tag-monopattini","product_tag-scoot-ride","product_tag-scootride","product_tag-scooter"],"_links":{"self":[{"href":"https:\/\/www.gioconaturalmente.com\/en\/wp-json\/wp\/v2\/product\/33734","targetHints":{"allow":["GET"]}}],"collection":[{"href":"https:\/\/www.gioconaturalmente.com\/en\/wp-json\/wp\/v2\/product"}],"about":[{"href":"https:\/\/www.gioconaturalmente.com\/en\/wp-json\/wp\/v2\/types\/product"}],"wp:featuredmedia":[{"embeddable":true,"href":"https:\/\/www.gioconaturalmente.com\/en\/wp-json\/wp\/v2\/media\/33742"}],"wp:attachment":[{"href":"https:\/\/www.gioconaturalmente.com\/en\/wp-json\/wp\/v2\/media?parent=33734"}],"wp:term":[{"taxonomy":"product_cat","embeddable":true,"href":"https:\/\/www.gioconaturalmente.com\/en\/wp-json\/wp\/v2\/product_cat?post=33734"},{"taxonomy":"product_tag","embeddable":true,"href":"https:\/\/www.gioconaturalmente.com\/en\/wp-json\/wp\/v2\/product_tag?post=33734"}],"curies":[{"name":"wp","href":"https:\/\/api.w.org\/{rel}","templated":true}]}}