{"id":33529,"date":"2022-07-07T14:58:00","date_gmt":"2022-07-07T12:58:00","guid":{"rendered":"https:\/\/www.gioconaturalmente.com\/?post_type=product&#038;p=33529"},"modified":"2024-11-28T14:57:01","modified_gmt":"2024-11-28T13:57:01","slug":"monopattino-hwk2-lifestyle-green-lines-scoot-ride-design-e-stile-top","status":"publish","type":"product","link":"https:\/\/www.gioconaturalmente.com\/en\/shop\/outdoor-prodotti-per-uscire-da-bambini\/caschi-per-bambini\/monopattino-hwk2-lifestyle-green-lines-scoot-ride-design-e-stile-top\/","title":{"rendered":"Monopattino HWK2 lifestyle green lines Scoot &#038; Ride"},"content":{"rendered":"<p>Il Monopattino HWK2 green Scoot&amp;Ride \u00e8 facile e sicuro da utilizzare.<\/p>\n<p>Lo scooter \u00e8 perfetto a partire dell&#8217;et\u00e0 di due anni.<\/p>\n<p>Dedicato a tutti i bimbi che vogliono un monopattino stiloso, fashion, leggero, robusto, sicuro e di tendenza. Senza per\u00f2 dover rinunciare alla praticit\u00e0, data anche dalla preziosa cesta frontale.<\/p>\n<p>La cesta frontale con tappo permette di trasportare piccole cose che il bambino ama avere con se, lasciandogli le mani completamente libere, per guidare in totale sicurezza il monopattino.<\/p>\n<p>Il pad \u00e8 dotato di antiscivolo per consentire una corsa senza rischio di scivolare e le ruote corrono fluide e silenziose.<\/p>\n<p>Il monopattino pu\u00f2 trasportare fino a 50kg. La barra del manubrio \u00e8 ideale per bambini di altezza compresa fra 89cm e 118cm.<\/p>\n<p>Il monopattino lifestyle di Scoot &amp; Ride potr\u00e0 essere usato dal bambino per anni garantendogli infiniti momenti di divertimento. Stimoler\u00e0 la sua indipendenza e lo aiuter\u00e0 a sviluppare i suoi sensi.<\/p>\n<p>Disponibile in diverse colorazioni permetter\u00e0 al bambino di sfrecciare comodamente e senza correre alcun rischio. Il monopattino ha una struttura stabile che conferisce equilibrio e sicurezza. Perfetto da utilizzare al parco, per andare a scuola ed in infinte altre occasioni!<\/p>\n<p>Non dimenticare di abbinare al monopattino\u00a0 Scoot &amp; Ride il casco abbinato.<\/p>\n<p>Et\u00e0: dai 2 anni<br \/>\nMateriali sicuri<br \/>\nMolto stabile<br \/>\nAltezza del manubrio fissa<\/p>\n<p>Scopri di pi\u00f9 sul marchio al seguente link: <a href=\"https:\/\/www.gioconaturalmente.com\/portfolio-item\/scoot-and-ride\/\">Scoot &amp; Ride | distributore ufficiale gioconaturalmente<\/a><\/p>\n<p>Se vuoi vedere come lo usano altri consumatori guarda i posti della nostra pagina instagram <a href=\"https:\/\/www.instagram.com\/gioconaturalmente\/?hl=it\">Gioconaturalmente \u2022 giochi eco (@gioconaturalmente) \u2022 Foto e video di Instagram<\/a><\/p>\n","protected":false},"excerpt":{"rendered":"<p>Facile e sicuro da utilizzare \u00e8 il monopattino 2 in 1 Highwaykick Lemon della Scoot &amp; Ride \u00e8 perfetto per i pi\u00f9 piccoli.<\/p>\n<p>Trasformabile in un secondo dalla posizione in piedi a quella seduta. Il bambino \u00e8 stanco? Potr\u00e0 comodamente sedersi e continuare a spostarsi autonomamente.<\/p>\n","protected":false},"featured_media":33566,"template":"","meta":{"_crdt_document":""},"product_cat":[1035,1039,187,121],"product_tag":[376,1590,378,1587,1644,1586,1640,1643,1642,1641,1588,1589,1578,1579,1585],"class_list":["post-33529","product","type-product","status-publish","has-post-thumbnail","hentry","product_cat-caschi-per-bambini","product_cat-monopattini","product_cat-trainabili-carrellini-primi-passi-e-spingi-spingi","product_cat-outdoor-prodotti-per-uscire-da-bambini","product_tag-carrellini-primi-passi","product_tag-cavalcabile","product_tag-cavalcabili","product_tag-highwaykick1","product_tag-highwaykick2","product_tag-hwk1","product_tag-hwk2","product_tag-hwk2-lifestyle-scoot-ride","product_tag-hwk2-lifestyle-scootride","product_tag-lifestyle","product_tag-monopattino","product_tag-monopattino-2in1","product_tag-scoot-ride","product_tag-scootride","product_tag-scooter"],"_links":{"self":[{"href":"https:\/\/www.gioconaturalmente.com\/en\/wp-json\/wp\/v2\/product\/33529","targetHints":{"allow":["GET"]}}],"collection":[{"href":"https:\/\/www.gioconaturalmente.com\/en\/wp-json\/wp\/v2\/product"}],"about":[{"href":"https:\/\/www.gioconaturalmente.com\/en\/wp-json\/wp\/v2\/types\/product"}],"wp:featuredmedia":[{"embeddable":true,"href":"https:\/\/www.gioconaturalmente.com\/en\/wp-json\/wp\/v2\/media\/33566"}],"wp:attachment":[{"href":"https:\/\/www.gioconaturalmente.com\/en\/wp-json\/wp\/v2\/media?parent=33529"}],"wp:term":[{"taxonomy":"product_cat","embeddable":true,"href":"https:\/\/www.gioconaturalmente.com\/en\/wp-json\/wp\/v2\/product_cat?post=33529"},{"taxonomy":"product_tag","embeddable":true,"href":"https:\/\/www.gioconaturalmente.com\/en\/wp-json\/wp\/v2\/product_tag?post=33529"}],"curies":[{"name":"wp","href":"https:\/\/api.w.org\/{rel}","templated":true}]}}