{"id":27065,"date":"2020-12-10T13:27:07","date_gmt":"2020-12-10T12:27:07","guid":{"rendered":"https:\/\/www.gioconaturalmente.com\/shop\/senza%20categoria\/caschetto-pesca-s-m-peach-scoot-ride\/"},"modified":"2024-11-28T14:57:08","modified_gmt":"2024-11-28T13:57:08","slug":"caschetto-pesca-s-m-peach-scoot-ride","status":"publish","type":"product","link":"https:\/\/www.gioconaturalmente.com\/en\/shop\/non-categorizzato\/caschetto-pesca-s-m-peach-scoot-ride\/","title":{"rendered":"Caschetto Pesca S\/M Peach &#8211; Scoot &#038; Ride"},"content":{"rendered":"","protected":false},"excerpt":{"rendered":"<p>Il marchio Scoot &#038; Ride presenta il nuovo casco S\/M Peach per accompagnare la tua piccola nelle avventure pi\u00f9 fantasiose e sportive in totale sicurezza. Scoot &#038; Ride oltre a garantire un design moderno, assicura la totale sicurezza per la tua bambina. La chiusura del cinturino \u00e8 magnetica, regolabile per adattarsi a tutte le misure, per i capi pi\u00f9 piccoli \u00e8 presente anche la versione XXS-S. L\u2019imbottitura \u00e8 presente sia sulla parte del mento che internamente al casco. Il casco Peach garantisce, inoltre, una perfetta ventilazione grazie ai fori esterni dotati di rete.<br \/>\nScoot &#038; Ride accompagner\u00e0 la tua bambina nel comfort e in sicurezza. Anche grazie alla pratica luce a LED posteriore, utilissima nelle situazioni in cui la luce \u00e8 pi\u00f9 bassa, per godersi l&#8217;aria aperta anche dopo il tramonto. <\/p>\n<p>Materiale: plastica priva di PVC<br \/>\nDiametro regolabile: circonferenza testa 45-51 cm circa<br \/>\nEt\u00e0 indicativa: 1-3 anni circa<br \/>\nPeso: 0,2 kg<\/p>\n","protected":false},"featured_media":0,"template":"","meta":{"_crdt_document":""},"product_cat":[1564],"product_tag":[],"class_list":["post-27065","product","type-product","status-publish","hentry","product_cat-non-categorizzato"],"_links":{"self":[{"href":"https:\/\/www.gioconaturalmente.com\/en\/wp-json\/wp\/v2\/product\/27065","targetHints":{"allow":["GET"]}}],"collection":[{"href":"https:\/\/www.gioconaturalmente.com\/en\/wp-json\/wp\/v2\/product"}],"about":[{"href":"https:\/\/www.gioconaturalmente.com\/en\/wp-json\/wp\/v2\/types\/product"}],"wp:attachment":[{"href":"https:\/\/www.gioconaturalmente.com\/en\/wp-json\/wp\/v2\/media?parent=27065"}],"wp:term":[{"taxonomy":"product_cat","embeddable":true,"href":"https:\/\/www.gioconaturalmente.com\/en\/wp-json\/wp\/v2\/product_cat?post=27065"},{"taxonomy":"product_tag","embeddable":true,"href":"https:\/\/www.gioconaturalmente.com\/en\/wp-json\/wp\/v2\/product_tag?post=27065"}],"curies":[{"name":"wp","href":"https:\/\/api.w.org\/{rel}","templated":true}]}}