{"id":27057,"date":"2020-12-10T13:27:03","date_gmt":"2020-12-10T12:27:03","guid":{"rendered":"https:\/\/www.gioconaturalmente.com\/shop\/senza%20categoria\/monopattino-2-in-1-highwaykick-lemon-scoot-ride\/"},"modified":"2024-11-28T14:57:11","modified_gmt":"2024-11-28T13:57:11","slug":"monopattino-2-in-1-highwaykick-lemon-scoot-ride","status":"publish","type":"product","link":"https:\/\/www.gioconaturalmente.com\/en\/shop\/outdoor-prodotti-per-uscire-da-bambini\/caschi-per-bambini\/monopattino-2-in-1-highwaykick-lemon-scoot-ride\/","title":{"rendered":"Monopattino e triciclo 2 in 1 giallo per bambini &#8211; Highwaykick 1 Lemon &#8211; Scoot &#038; Ride"},"content":{"rendered":"<p>Il monopattino e triciclo 2 in 1 giallo limone Scoot &amp; Ride \u00e8 facile e sicuro da utilizzare.<\/p>\n<p>Lo scooter \u00e8 perfetto per i pi\u00f9 piccoli. Ideale dall&#8217;anno d&#8217;et\u00e0.<\/p>\n<p>Il passaggio dalla posizione seduta a quella in piedi avviene con un semplice gesto, girando la sella questa diventa la barra con manubrio del monopattino.<\/p>\n<p>Evolver\u00e0 con il bambino e lo potr\u00e0 usare per anni garantendogli infiniti momenti di divertimento. Stimoler\u00e0 la sua indipendenza e lo aiuter\u00e0 a sviluppare i suoi sensi.<\/p>\n<p>Disponibile in diverse colorazioni permetter\u00e0 al tuo bambino di sfrecciare comodamente e senza correre alcun rischio. Il monopattino 2 in 1 Highwaykick Lemon ha una struttura stabile che conferisce equilibrio e sicurezza. Perfetto da utilizzare in casa come carrellino primi passi, al parco, per andare a scuola ed in infinte altre occasioni!<\/p>\n<p>Il bambino \u00e8 stanco? Potr\u00e0 comodamente sedersi e continuare a spostarsi autonomamente.<\/p>\n<p>Non dimenticare di abbinare al monopattino e triciclo 2 in 1 giallo limone Scoot &amp; Ride il casco abbinato.<\/p>\n<p>Et\u00e0: da 1 a 5 anni<br \/>\nMisure:59 x 36 x 55cm<br \/>\nMateriali sicuri<br \/>\nMolto stabile<br \/>\nAltezza regolabile<\/p>\n<p>Scopri di pi\u00f9 sul marchio al seguente link: <a href=\"https:\/\/www.gioconaturalmente.com\/portfolio-item\/scoot-and-ride\/\">Scoot &amp; Ride | distributore ufficiale gioconaturalmente<\/a><\/p>\n<p>Se vuoi vedere come lo usano altri consumatori guarda i posti della nostra pagina instagram <a href=\"https:\/\/www.instagram.com\/gioconaturalmente\/?hl=it\">Gioconaturalmente \u2022 giochi eco (@gioconaturalmente) \u2022 Foto e video di Instagram<\/a><\/p>\n","protected":false},"excerpt":{"rendered":"<p>Facile e sicuro da utilizzare \u00e8 il monopattino 2 in 1 Highwaykick Lemon della Scoot &amp; Ride \u00e8 perfetto per i pi\u00f9 piccoli.<\/p>\n<p>Trasformabile in un secondo dalla posizione in piedi a quella seduta. Il bambino \u00e8 stanco? Potr\u00e0 comodamente sedersi e continuare a spostarsi autonomamente.<\/p>\n","protected":false},"featured_media":33243,"template":"","meta":{"_crdt_document":""},"product_cat":[1035,1039,187,121],"product_tag":[376,1590,378,1587,1586,1588,1589,1578,1579,1585],"class_list":["post-27057","product","type-product","status-publish","has-post-thumbnail","hentry","product_cat-caschi-per-bambini","product_cat-monopattini","product_cat-trainabili-carrellini-primi-passi-e-spingi-spingi","product_cat-outdoor-prodotti-per-uscire-da-bambini","product_tag-carrellini-primi-passi","product_tag-cavalcabile","product_tag-cavalcabili","product_tag-highwaykick1","product_tag-hwk1","product_tag-monopattino","product_tag-monopattino-2in1","product_tag-scoot-ride","product_tag-scootride","product_tag-scooter"],"_links":{"self":[{"href":"https:\/\/www.gioconaturalmente.com\/en\/wp-json\/wp\/v2\/product\/27057","targetHints":{"allow":["GET"]}}],"collection":[{"href":"https:\/\/www.gioconaturalmente.com\/en\/wp-json\/wp\/v2\/product"}],"about":[{"href":"https:\/\/www.gioconaturalmente.com\/en\/wp-json\/wp\/v2\/types\/product"}],"wp:featuredmedia":[{"embeddable":true,"href":"https:\/\/www.gioconaturalmente.com\/en\/wp-json\/wp\/v2\/media\/33243"}],"wp:attachment":[{"href":"https:\/\/www.gioconaturalmente.com\/en\/wp-json\/wp\/v2\/media?parent=27057"}],"wp:term":[{"taxonomy":"product_cat","embeddable":true,"href":"https:\/\/www.gioconaturalmente.com\/en\/wp-json\/wp\/v2\/product_cat?post=27057"},{"taxonomy":"product_tag","embeddable":true,"href":"https:\/\/www.gioconaturalmente.com\/en\/wp-json\/wp\/v2\/product_tag?post=27057"}],"curies":[{"name":"wp","href":"https:\/\/api.w.org\/{rel}","templated":true}]}}