{"id":27046,"date":"2020-12-10T13:26:58","date_gmt":"2020-12-10T12:26:58","guid":{"rendered":"https:\/\/www.gioconaturalmente.com\/shop\/senza%20categoria\/highwaykick-1-trasformabile-modo-2-in-1-rosa-rose-scoot-ride\/"},"modified":"2024-11-28T14:57:15","modified_gmt":"2024-11-28T13:57:15","slug":"highwaykick-1-trasformabile-modo-2-in-1-rosa-rose-scoot-ride","status":"publish","type":"product","link":"https:\/\/www.gioconaturalmente.com\/en\/shop\/senza-categoria\/highwaykick-1-trasformabile-modo-2-in-1-rosa-rose-scoot-ride\/","title":{"rendered":"Highwaykick 1 &#8211; Trasformabile modo 2 in 1 rosa &#8211; rose &#8211; Scoot &#038; Ride"},"content":{"rendered":"","protected":false},"excerpt":{"rendered":"<p>Il monopattino 2 in 1 Highwaykick 1 Rose della Scoot &#038; Ride \u00e8 perfetto per accompagnare nella crescita la tua piccola.<br \/>\nPer l\u2019et\u00e0 pi\u00f9 tenera la tua bimba sar\u00e0 accompagnata nel divertimento da un comodo e sicuro triciclo. Lo sfrecciante monopattino, invece, per quando la tua bambina acquisir\u00e0 pi\u00f9 sicurezza ed equilibrio.<br \/>\nIn entrambi i casi Highwaykick 1 Rose 2 in 1 garantisce massima stabilit\u00e0 e sicurezza, perfettamente abbinabile al caschetto dello stesso colore.<br \/>\nEt\u00e0: da 1 a 5 anni<br \/>\nMisure:59 x 36 x 55cm<br \/>\nMateriali sicuri<br \/>\nMolto stabile<br \/>\nAltezza regolabile<\/p>\n","protected":false},"featured_media":0,"template":"","meta":{"_crdt_document":""},"product_cat":[1064],"product_tag":[],"class_list":["post-27046","product","type-product","status-publish","hentry","product_cat-uncategorized"],"_links":{"self":[{"href":"https:\/\/www.gioconaturalmente.com\/en\/wp-json\/wp\/v2\/product\/27046","targetHints":{"allow":["GET"]}}],"collection":[{"href":"https:\/\/www.gioconaturalmente.com\/en\/wp-json\/wp\/v2\/product"}],"about":[{"href":"https:\/\/www.gioconaturalmente.com\/en\/wp-json\/wp\/v2\/types\/product"}],"wp:attachment":[{"href":"https:\/\/www.gioconaturalmente.com\/en\/wp-json\/wp\/v2\/media?parent=27046"}],"wp:term":[{"taxonomy":"product_cat","embeddable":true,"href":"https:\/\/www.gioconaturalmente.com\/en\/wp-json\/wp\/v2\/product_cat?post=27046"},{"taxonomy":"product_tag","embeddable":true,"href":"https:\/\/www.gioconaturalmente.com\/en\/wp-json\/wp\/v2\/product_tag?post=27046"}],"curies":[{"name":"wp","href":"https:\/\/api.w.org\/{rel}","templated":true}]}}