{"id":27045,"date":"2020-12-10T13:26:58","date_gmt":"2020-12-10T12:26:58","guid":{"rendered":"https:\/\/www.gioconaturalmente.com\/shop\/senza%20categoria\/highwaykick-1-trasformabile-modo-2-in-1-foresta-forest-scoot-ride\/"},"modified":"2024-11-28T14:57:16","modified_gmt":"2024-11-28T13:57:16","slug":"highwaykick-1-trasformabile-modo-2-in-1-foresta-forest-scoot-ride","status":"publish","type":"product","link":"https:\/\/www.gioconaturalmente.com\/en\/shop\/senza-categoria\/highwaykick-1-trasformabile-modo-2-in-1-foresta-forest-scoot-ride\/","title":{"rendered":"Highwaykick 1 &#8211; Trasformabile modo 2 in 1 foresta &#8211; forest &#8211; Scoot &#038; Ride"},"content":{"rendered":"","protected":false},"excerpt":{"rendered":"<p>Il monopattino 2 in 1 Highwaykick 1 Foresta della Scoot &#038; Ride \u00e8 perfetto per seguire nella crescita il tuo piccolo.<br \/>\nPer l\u2019et\u00e0 pi\u00f9 tenera il tuo bimbo sar\u00e0 accompagnato nel divertimento da un comodo e sicuro triciclo. Lo sfrecciante monopattino, invece, per quando il tuo bambino acquisir\u00e0 pi\u00f9 sicurezza ed equilibrio.<br \/>\nIn entrambi i casi Highwaykick 1 Foresta 2 in 1 garantisce massima stabilit\u00e0 e sicurezza, perfettamente abbinabile al caschetto dello stesso colore.<br \/>\nEt\u00e0: da 1 a 5 anni<br \/>\nMisure:59 x 36 x 55cm<br \/>\nMateriali sicuri<br \/>\nMolto stabile<\/p>\n","protected":false},"featured_media":0,"template":"","meta":{"_crdt_document":""},"product_cat":[1064],"product_tag":[],"class_list":["post-27045","product","type-product","status-publish","hentry","product_cat-uncategorized"],"_links":{"self":[{"href":"https:\/\/www.gioconaturalmente.com\/en\/wp-json\/wp\/v2\/product\/27045","targetHints":{"allow":["GET"]}}],"collection":[{"href":"https:\/\/www.gioconaturalmente.com\/en\/wp-json\/wp\/v2\/product"}],"about":[{"href":"https:\/\/www.gioconaturalmente.com\/en\/wp-json\/wp\/v2\/types\/product"}],"wp:attachment":[{"href":"https:\/\/www.gioconaturalmente.com\/en\/wp-json\/wp\/v2\/media?parent=27045"}],"wp:term":[{"taxonomy":"product_cat","embeddable":true,"href":"https:\/\/www.gioconaturalmente.com\/en\/wp-json\/wp\/v2\/product_cat?post=27045"},{"taxonomy":"product_tag","embeddable":true,"href":"https:\/\/www.gioconaturalmente.com\/en\/wp-json\/wp\/v2\/product_tag?post=27045"}],"curies":[{"name":"wp","href":"https:\/\/api.w.org\/{rel}","templated":true}]}}