{"id":27044,"date":"2020-12-10T13:26:57","date_gmt":"2020-12-10T12:26:57","guid":{"rendered":"https:\/\/www.gioconaturalmente.com\/shop\/senza%20categoria\/monopattino-2-in-1-highwaykick-1-cenere-scoot-ride\/"},"modified":"2024-11-28T14:57:16","modified_gmt":"2024-11-28T13:57:16","slug":"monopattino-2-in-1-highwaykick-1-cenere-scoot-ride","status":"publish","type":"product","link":"https:\/\/www.gioconaturalmente.com\/en\/shop\/senza-categoria\/monopattino-2-in-1-highwaykick-1-cenere-scoot-ride\/","title":{"rendered":"Monopattino 2 in 1 Highwaykick 1 Cenere &#8211; Scoot &#038; Ride"},"content":{"rendered":"","protected":false},"excerpt":{"rendered":"<p>Il monopattino Highwaykick Cenere della Scoot &#038; Ride far\u00e0 innamorare il tuo bimbo, potr\u00e0 finalmente girare all\u2019aria aperta in tutta sicurezza.<br \/>\nIl monopattino 2 in 1 dispone di doppia funzione, triciclo per l&#8217;et\u00e0 pi\u00f9 tenerea, monopattino per far divertire i pi\u00f9 grandi. Studiato accuratamente nella progettazione, bello da vedere ma anche, e soprattutto, sicuro.<br \/>\nOttimo per migliorare l\u2019equilibrio fin dalla pi\u00f9 tenera et\u00e0. Spesso acquistato col pratico caschetto abbinato.<br \/>\nEt\u00e0: 1-5 anni<br \/>\nMisure:59 x 36 x 55cm<br \/>\nPeso: 2,8kg<br \/>\nRegolabile in altezza<br \/>\nSeduta ampia e comoda <\/p>\n","protected":false},"featured_media":0,"template":"","meta":{"_crdt_document":""},"product_cat":[1064],"product_tag":[],"class_list":["post-27044","product","type-product","status-publish","hentry","product_cat-uncategorized"],"_links":{"self":[{"href":"https:\/\/www.gioconaturalmente.com\/en\/wp-json\/wp\/v2\/product\/27044","targetHints":{"allow":["GET"]}}],"collection":[{"href":"https:\/\/www.gioconaturalmente.com\/en\/wp-json\/wp\/v2\/product"}],"about":[{"href":"https:\/\/www.gioconaturalmente.com\/en\/wp-json\/wp\/v2\/types\/product"}],"wp:attachment":[{"href":"https:\/\/www.gioconaturalmente.com\/en\/wp-json\/wp\/v2\/media?parent=27044"}],"wp:term":[{"taxonomy":"product_cat","embeddable":true,"href":"https:\/\/www.gioconaturalmente.com\/en\/wp-json\/wp\/v2\/product_cat?post=27044"},{"taxonomy":"product_tag","embeddable":true,"href":"https:\/\/www.gioconaturalmente.com\/en\/wp-json\/wp\/v2\/product_tag?post=27044"}],"curies":[{"name":"wp","href":"https:\/\/api.w.org\/{rel}","templated":true}]}}