{"id":22125,"date":"2020-07-06T16:47:45","date_gmt":"2020-07-06T14:47:45","guid":{"rendered":"https:\/\/www.gioconaturalmente.com\/shop\/senza%20categoria\/poppik-cartoline-puzzle-tascabili-con-adesivi-friends\/"},"modified":"2024-11-28T14:57:26","modified_gmt":"2024-11-28T13:57:26","slug":"poppik-cartoline-puzzle-tascabili-con-adesivi-friends","status":"publish","type":"product","link":"https:\/\/www.gioconaturalmente.com\/en\/shop\/giochi-per-bambini\/puzzle\/poppik-cartoline-puzzle-tascabili-con-adesivi-friends\/","title":{"rendered":"&#8211; Cartoline puzzle tascabili con adesivi &#8211; Friends  &#8211; Cartoline puzzle tascabili con adesivi &#8211; Friends"},"content":{"rendered":"<p>Questi adesivi hanno la caratteristica di formare un puzzle, non basta seguire l&#8217;ordine numerico, bisogner\u00e0 posizionare il pezzo nella posizione giusta. Questo kit \u00e8 un&#8217;attivit\u00e0 creativa semplice ed educativa per i bambini!<\/p>\n","protected":false},"excerpt":{"rendered":"<p>Si consiglia di leggere attentamente le etichette, gli avvertimenti ed i consigli per la manutenzione. Per ulteriori informazioni si suggerisce di contattare il produttore.<\/p>\n","protected":false},"featured_media":22528,"template":"","meta":{"_crdt_document":""},"product_cat":[191,1398,1388,119,92],"product_tag":[1291,1386],"class_list":["post-22125","product","type-product","status-publish","has-post-thumbnail","hentry","product_cat-giochi-giochi-educativi","product_cat-poppik","product_cat-unisex","product_cat-giochi-per-bambini","product_cat-puzzle","product_tag-poppik","product_tag-sotto-i-20"],"_links":{"self":[{"href":"https:\/\/www.gioconaturalmente.com\/en\/wp-json\/wp\/v2\/product\/22125","targetHints":{"allow":["GET"]}}],"collection":[{"href":"https:\/\/www.gioconaturalmente.com\/en\/wp-json\/wp\/v2\/product"}],"about":[{"href":"https:\/\/www.gioconaturalmente.com\/en\/wp-json\/wp\/v2\/types\/product"}],"wp:featuredmedia":[{"embeddable":true,"href":"https:\/\/www.gioconaturalmente.com\/en\/wp-json\/wp\/v2\/media\/22528"}],"wp:attachment":[{"href":"https:\/\/www.gioconaturalmente.com\/en\/wp-json\/wp\/v2\/media?parent=22125"}],"wp:term":[{"taxonomy":"product_cat","embeddable":true,"href":"https:\/\/www.gioconaturalmente.com\/en\/wp-json\/wp\/v2\/product_cat?post=22125"},{"taxonomy":"product_tag","embeddable":true,"href":"https:\/\/www.gioconaturalmente.com\/en\/wp-json\/wp\/v2\/product_tag?post=22125"}],"curies":[{"name":"wp","href":"https:\/\/api.w.org\/{rel}","templated":true}]}}