{"id":18642,"date":"2020-04-25T16:41:27","date_gmt":"2020-04-25T14:41:27","guid":{"rendered":"https:\/\/www.gioconaturalmente.com\/?post_type=product&#038;p=18642"},"modified":"2024-11-28T14:57:52","modified_gmt":"2024-11-28T13:57:52","slug":"affenzahn-beauty-case-david-dog-cane","status":"publish","type":"product","link":"https:\/\/www.gioconaturalmente.com\/en\/shop\/outdoor-prodotti-per-uscire-da-bambini\/borse-zaini-e-trolley-e-astucci-per-bambini\/affenzahn-beauty-case-david-dog-cane\/","title":{"rendered":"Beauty Case Affenzahn David Dog &#8211; Cane"},"content":{"rendered":"<p>Affenzahn \u00e8 un marchio tedesco che realizza linee di prodotti per bambini. Affenzahn Beauty Case David Dog &#8211; Cane appartiene alla linea Wash Bag. Eco &#8211; friendly, di altissima qualit\u00e0, con tantissimi dettagli tecnici e con una produzione sostenibile e socialmente equa. Catturer\u00e0 l&#8217;attenzione di ogni bambino e degli adulti perch\u00e8 originale e sicuro. Questo beauty accompagner\u00e0 il piccolo di casa nelle sue prime esperienze fuori porta, dalla piscina, alla palestra, al viaggio. Comodo ed ideale per contenere lo spazzolino da denti, il dentifricio, un elastico e gli accessori per i capelli, il bagnoschiuma, lo shampoo, il deodorante ed il profumo.<\/p>\n<p>Oltre che funzionale, questa toiietry bags, \u00e8 compatta ma capiente (2 litri di capacit\u00e0) e sar\u00e0 anche un perfertto compagno di giochi, stimoler\u00e0 la fantasia ed incrementer\u00e0 la manualit\u00e0 fine. Difficile trovare un beautycase paragonabile sul mercato grazie a tutti i dettagli che lo rendono unico. Per citarne solo alcuni: una simpatica lingua da tirare dove il bambino potr\u00e0 scrivere il suo nome, un gancio per appenderlo, uno specchietto rimovibile, varie tasche, ed un passante per lo spazzolino e dentrificio, colori vivi, leggero e tantissimi altri ancora. Questo articolo \u00e8 studiato appositamente per i bambini e questo fa si che risulti per loro facile da usare e aumenter\u00e0 la loro voglia e il loro senso di indipendenza.<\/p>\n<h3>Beauty Case ecofriendly<\/h3>\n<p>Questo beauty Affenzahn \u00e8 pensato e progettato in Germania e realizzato per il 50% da <a href=\"https:\/\/www.gioconaturalmente.com\/zaini-per-la-scuola-e-asilo\/\">bottiglie PET riciclate<\/a> (1 bottiglia da 0,5 L). Puoi coordinarlo con il trolley della stessa fantasia.na, colori vivi, gli spallacci sono morbidi, imbottiti, regolabili e comodi da indossare, tante comode tasche e tantissimi altri ancora.<\/p>\n<p>Affenzahn Beauty Case David Dog &#8211; Cane \u00e8 ideale per lo sport e il tempo libero; Linguetta estraibile con etichetta per nome (si ritrae da sola per motivi di privacy e sicurezza del bambino); Maniglia rinforzata; Tantissime comode tasche; Pensato appositamente per i bambini e questo fa si che risulti per loro facile da usare ed aumenter\u00e0 la loro voglia e il loro senso di indipendenza. Studiato e progettato in Germania; Produzione sostenibile per l&#8217;ambiente e socialmente per i lavoratori.<\/p>\n<h3>Affenzahn Beauty Case David Dog &#8211; Cane<\/h3>\n<p>Realizzato per il 50% da plastica pet riciclata.<\/p>\n<p>Fair; eco-friendly; Ideale per lo sport e il tempo libero.<\/p>\n<h3><em><strong>Note legali<\/strong><\/em><\/h3>\n<p><em>Si consiglia di leggere attentamente le etichette, gli avvertimenti ed i consigli per la manutenzione. Per ulteriori informazioni si suggerisce di contattare il produttore.<\/em><\/p>\n","protected":false},"excerpt":{"rendered":"<p>Affenzahn Beauty Case Olivia Owl &#8211; Gufo\u00a0\u00e8 stato progettato con estrema cura pensato non solo al design ma alla funzionalit\u00e0 del prodotto. Lo zaino diventer\u00e0 un prezioso compagno di avventure per il tuo piccolo. Molto di pi\u00f9 di un semplice zaino, sar\u00e0 un nuovo amico di gioco. Il processo di produzione \u00e8 eco-friendly. Per la realizzazione degli stessi si utilizzano per il 50% materie prime riciclate. Massima attenzione \u00e8 stata posta alla costruzione ergonomica dello zainetto.<\/p>\n<p>Le spalline sono regolabili, imbottite e l&#8217;interno \u00e8 prodotto con un tessuto morbido per assicurare un alto comfort. Lo schienale \u00e8 realizzato con materiale traspirante. Non poteva mancare la chiusura in vita per il corretto scarico del peso e per consentire al bambino la pi\u00f9 ampia mobilit\u00e0 senza impacci. Parti catarifrangenti sono state inserite nello zaino per aumentare la visibilit\u00e0 del piccolo in strada. La lingua dell&#8217;animaletto, caratteristica peculiare di Affenzahn, \u00e8 tirabile ed al suo interno c&#8217;\u00e8 uno spazio per scrivere il nome del bambino.<\/p>\n<p>Questa accortezza consente al bambino di non confondere il suo zaino con quello di qualcun&#8217;altro. La braccia dell&#8217;animale possono essere mosse dal bimbo per fissarle in punti diversi grazie al feltro inserito in speciali punti al momento della produzione. Questo dettaglio rende lo zaino animaletto un cucciolo con cui giocare e trascorrere magici momenti. Ideale sia per il nido che per la scuola dell&#8217;infanzia nonch\u00e9 per il tempo libero.<\/p>\n<p><strong>Realizzato per il 50% da plastica pet riciclata.<\/strong><br \/>\n<strong>Fair; eco-friendly<\/strong><\/p>\n<h4><\/h4>\n<p><img loading=\"lazy\" decoding=\"async\" class=\"alignnone size-full wp-image-2283\" src=\"https:\/\/www.gioconaturalmente.com\/ama\/wp-content\/uploads\/2016\/09\/logo-affenzanh-small.jpg\" alt=\"logo-affenzanh-small\" width=\"190\" height=\"111\" \/><\/p>\n","protected":false},"featured_media":18643,"template":"","meta":{"_crdt_document":""},"product_cat":[148,1372,120],"product_tag":[139,100],"class_list":["post-18642","product","type-product","status-publish","has-post-thumbnail","hentry","product_cat-borse-zaini-e-trolley-e-astucci-per-bambini","product_cat-da-viaggio","product_cat-accessori-per-bambini","product_tag-affenzahn","product_tag-unisex"],"_links":{"self":[{"href":"https:\/\/www.gioconaturalmente.com\/en\/wp-json\/wp\/v2\/product\/18642","targetHints":{"allow":["GET"]}}],"collection":[{"href":"https:\/\/www.gioconaturalmente.com\/en\/wp-json\/wp\/v2\/product"}],"about":[{"href":"https:\/\/www.gioconaturalmente.com\/en\/wp-json\/wp\/v2\/types\/product"}],"wp:featuredmedia":[{"embeddable":true,"href":"https:\/\/www.gioconaturalmente.com\/en\/wp-json\/wp\/v2\/media\/18643"}],"wp:attachment":[{"href":"https:\/\/www.gioconaturalmente.com\/en\/wp-json\/wp\/v2\/media?parent=18642"}],"wp:term":[{"taxonomy":"product_cat","embeddable":true,"href":"https:\/\/www.gioconaturalmente.com\/en\/wp-json\/wp\/v2\/product_cat?post=18642"},{"taxonomy":"product_tag","embeddable":true,"href":"https:\/\/www.gioconaturalmente.com\/en\/wp-json\/wp\/v2\/product_tag?post=18642"}],"curies":[{"name":"wp","href":"https:\/\/api.w.org\/{rel}","templated":true}]}}