{"id":700,"date":"2015-07-02T19:33:03","date_gmt":"2015-07-02T17:33:03","guid":{"rendered":"https:\/\/www.gioconaturalmente.com\/ama\/ama\/trattamento-della-privacy-2\/"},"modified":"2020-02-11T15:42:02","modified_gmt":"2020-02-11T14:42:02","slug":"trattamento-della-privacy","status":"publish","type":"page","link":"https:\/\/www.gioconaturalmente.com\/en\/trattamento-della-privacy\/","title":{"rendered":"LA PRIVACY POLICY DI QUESTO SITO"},"content":{"rendered":"\n<h2 class=\"western wp-block-heading\">PERCHE&#8217; QUESTO AVVISO?<\/h2>\n\n\n\n<p class=\"wp-block-paragraph\">In questa pagina si descrivono le modalit\u00e0 di gestione del sito in riferimento al trattamento dei dati personali degli utenti che lo consultano.<\/p>\n\n\n\n<p class=\"wp-block-paragraph\">Questa informativa, resa anche ai sensi dell&#8217;art. 13 del Regolamento UE 2016\/679 (in seguito \u201cRegolamento\u201d), \u00e8 destinata a coloro che interagiscono con i servizi web della <b>AMA S.r.l.<\/b>, accessibili per via telematica a partire dall&#8217;indirizzo: http:\/\/www.gioconaturalmente.com.<\/p>\n\n\n\n<p class=\"wp-block-paragraph\">L\u2019informativa \u00e8 resa solo per il sito della <b>AMA S.r.l.<\/b> e non anche per altri siti web eventualmente consultati dall\u2019utente tramite link.<\/p>\n\n\n\n<p class=\"wp-block-paragraph\">L\u2019informativa si ispira anche alla Raccomandazione n. 2\/2001 che le autorit\u00e0 europee per la protezione dei dati personali, riunite nel Gruppo istituito dall\u2019art. 29 della direttiva n. 95\/46\/CE , hanno adottato il 17 maggio 2001 per individuare alcuni requisiti minimi per la raccolta di dati personali on-line, e, in particolare, le modalit\u00e0, i tempi e la natura delle informazioni che i titolari del trattamento devono fornire agli utenti quando questi si collegano a pagine web, indipendentemente dagli scopi del collegamento.<\/p>\n\n\n\n<h2 class=\"western wp-block-heading\">QUALI TIPI DI DATI VENGONO TRATTATI?<\/h2>\n\n\n\n<p class=\"wp-block-paragraph\"><i><b>Dati di navigazione<\/b><\/i><\/p>\n\n\n\n<p class=\"wp-block-paragraph\">I sistemi informatici e le procedure software preposte al funzionamento di questo sito web acquisiscono, nel corso del loro normale esercizio, alcuni dati personali la cui trasmissione \u00e8 implicita nell&#8217;uso dei protocolli di comunicazione di Internet.<\/p>\n\n\n\n<p class=\"wp-block-paragraph\">Si tratta di informazioni che non sono raccolte per essere associate a interessati identificati, ma che per loro stessa natura potrebbero, attraverso elaborazioni ed associazioni con dati detenuti da terzi, permettere di identificare gli utenti.<\/p>\n\n\n\n<p class=\"wp-block-paragraph\">In questa categoria di dati rientrano gli indirizzi IP o i nomi a dominio dei computer utilizzati dagli utenti che si connettono al sito, gli indirizzi in notazione URI (Uniform Resource Identifier) delle risorse richieste, l&#8217;orario della richiesta, il metodo utilizzato nel sottoporre la richiesta al server, la dimensione del file ottenuto in risposta, il codice numerico indicante lo stato della risposta data dal server (buon fine, errore, ecc.) ed altri parametri relativi al sistema operativo e all&#8217;ambiente informatico dell&#8217;utente.<\/p>\n\n\n\n<p class=\"wp-block-paragraph\">Questi dati vengono utilizzati al solo fine di ricavare informazioni statistiche anonime sull&#8217;uso del sito e per controllarne il corretto funzionamento e vengono cancellati immediatamente dopo l&#8217;elaborazione. I dati potrebbero essere utilizzati per l&#8217;accertamento di responsabilit\u00e0 in caso di ipotetici reati informatici ai danni del sito.<\/p>\n\n\n\n<p class=\"wp-block-paragraph\">La base giuridica di tali trattamenti \u00e8 l\u2019interesse legittimo del Titolare alla gestione tecnica relativa alla funzionalit\u00e0 e alla sicurezza del sito.<\/p>\n\n\n\n<p class=\"wp-block-paragraph\"><i><b>Dati forniti volontariamente dall&#8217;utente<\/b><\/i><\/p>\n\n\n\n<p class=\"wp-block-paragraph\">L&#8217;invio facoltativo, esplicito e volontario di posta elettronica agli indirizzi indicati su questo sito o per mezzo dell\u2019apposito modulo contatti, comporta la successiva acquisizione dell&#8217;indirizzo del mittente, necessario per rispondere alle richieste, nonch\u00e9 degli eventuali altri dati personali inseriti nella missiva.<\/p>\n\n\n\n<p class=\"wp-block-paragraph\">I dati personali forniti per effettuare acquisti tramite il servizio di e-commerce verranno trattati per dare seguito all\u2019ordine e gestire la spedizione, tali dati verranno conservati per il tempo necessario ad eseguire la richiesta e per adempiere agli obblighi legge, nel caso in cui venga effettuata la registrazione al sito, i dati verranno conservati fino a 24 mesi dalla data di ultimo utilizzo dell\u2019account stesso.<\/p>\n\n\n\n<p class=\"wp-block-paragraph\">Specifiche informative con la spiegazione dettagliata di ciascun servizio, verranno progressivamente riportate o visualizzate nelle pagine del sito.<\/p>\n\n\n\n<p class=\"wp-block-paragraph\"><i><b>Cookie<\/b><\/i><\/p>\n\n\n\n<p class=\"wp-block-paragraph\">Come praticamente la totalit\u00e0 dei siti web, anche il nostro utilizza alcuni cookie. I cookie sono piccoli file di testo che i siti visitati dall&#8217;utente (ma anche altri siti o webserver) inviano e registrano sul suo computer (o dispositivo mobile), per essere poi viceversa ritrasmessi agli stessi siti (o webserver), alla successiva visita di quelli, inviando cos\u00ec informazioni.<\/p>\n\n\n\n<p class=\"wp-block-paragraph\">I cookie sono ormai strumenti fondamentali in quanto permettono ai siti moderni di funzionare al meglio, consentendo massima personalizzazione, interazione e fluidit\u00e0 nella navigazione. Ma possono anche essere utilizzati per monitorare le navigazioni dell\u2019utente e poi inviare messaggi pubblicitari in linea con quelle.<\/p>\n\n\n\n<p class=\"wp-block-paragraph\">I <b>cookie<\/b> possono essere:<\/p>\n\n\n\n<ul class=\"wp-block-list\"><li> di sessione (se scadono alla chiusura del browser) o permanenti (restano fino al decorrere di un termine, anche di anni); <\/li><li> di prima parte o di terze parti (in questo secondo caso sono impostati da un sito o da un webserver diverso da quello che l\u2019utente sta visitando in quel momento); <\/li><li> tecnici (necessari, talvolta indispensabili, per una completa &#8211; o migliore &#8211; fruizione del sito) o di profilazione (finalizzati a creare un profilo dell\u2019utente, per poi inviargli messaggi pubblicitari in linea con le preferenze manifestate dallo stesso nel corso della precedente navigazione). <\/li><\/ul>\n\n\n\n<p class=\"wp-block-paragraph\">Il Garante della Privacy considera cookie tecnici quelli di sessione, quelli di funzionalit\u00e0 e &#8211; solo a determinate condizioni &#8211; quelli di analytics; in particolare il Garante, nel provvedimento dell&#8217;8 maggio 2014, ha precisato che quest\u2019ultimi possono essere assimilati ai cookie tecnici soltanto se utilizzati a fini di ottimizzazione del sito direttamente dal titolare del sito stesso, che potr\u00e0 raccogliere informazioni in forma aggregata sul numero degli utenti e su come questi visitano il sito.<\/p>\n\n\n\n<p class=\"wp-block-paragraph\">Per maggiori informazioni sui tipi di cookie, caratteristiche e loro funzionamento \u00e8 possibile consultare i siti:<\/p>\n\n\n\n<ul class=\"wp-block-list\"><li> <u><a href=\"http:\/\/www.allaboutcookies.org\/\">http:\/\/www.allaboutcookies.org<\/a><\/u><span style=\"font-size: inherit;\">,<\/span> <\/li><li> <u><a href=\"http:\/\/www.youronlinechoices.com\/\">www.youronlinechoices.com<\/a><\/u><span style=\"font-size: inherit;\">,<\/span> <\/li><li> <u><a href=\"http:\/\/cookiepedia.co.uk\/\">http:\/\/cookiepedia.co.uk<\/a><\/u><span style=\"font-size: inherit;\">,<\/span> <\/li><li> Provvedimento del Garante dell&#8217;8 maggio 2014 (<span style=\"font-size: inherit; color: rgb(0, 0, 255);\"><u><a href=\"https:\/\/www.garanteprivacy.it\/web\/guest\/home\/docweb\/-\/docweb-display\/docweb\/3118884\">https:\/\/www.garanteprivacy.it\/web\/guest\/home\/docweb\/-\/docweb-display\/docweb\/3118884<\/a><\/u><\/span><span style=\"font-size: inherit;\">)<\/span> <\/li><\/ul>\n\n\n\n<h4 class=\"wp-block-heading\"><a href=\"\/?page_id=15973\">Clicca qui per visualizzare i cookie presenti sul nostro sito <\/a><\/h4>\n\n\n\n<p class=\"wp-block-paragraph\">L\u2019utente pu\u00f2 scegliere se cancellare, o bloccare, taluni (o tutti) i cookie attraverso la configurazione del proprio browser. Di norma questi programmi permettono anche, con apposita opzione, di bloccare specificatamente i cookie di terze parti. Ciascun browser, presenta procedure diverse per la gestione dei cookies, di seguito riportiamo il link alle istruzioni specifiche di quelli pi\u00f9 diffusi:<\/p>\n\n\n\n<ul class=\"wp-block-list\"><li> Internet Explorer: http:\/\/windows.microsoft.com\/it-it\/internet-explorer\/delete-manage-cookies#ie=ie-11 <\/li><li><p align=\"justify\"><span lang=\"en-GB\">Google Chrome: https:\/\/support.google.com\/accounts\/answer\/61416?hl=it<\/span><\/p><\/li><li> Apple Safari: http:\/\/support.apple.com\/kb\/HT1677?viewlocale=it_IT <\/li><li> Mozilla Fireforx: https:\/\/support.mozilla.org\/it\/kb\/Attivare%20e%20disattivare%20i%20cookie <\/li><\/ul>\n\n\n\n<p class=\"wp-block-paragraph\">Ricordiamo inoltre, che disabilitando completamente i cookie nel browser, l\u2019utente potrebbe non essere in grado di utilizzare tutte le funzionalit\u00e0 interattive.<\/p>\n\n\n\n<h2 class=\"western wp-block-heading\">DATI DI CONTATTO DEL TITOLARE<\/h2>\n\n\n\n<p class=\"wp-block-paragraph\">Il &#8220;titolare&#8221; del loro trattamento \u00e8 <b>AMA S.r.l.<\/b>, con sede legale in <span style=\"font-family: Calibri, serif;\"><i>&#8211; <\/i><\/span><span style=\"font-family: Calibri, serif;\">Viareggio (LU) Via Dei Campi 2.<\/span><span style=\"font-family: Calibri, serif;\"><i>&nbsp;<\/i><\/span><\/p>\n\n\n\n<h2 class=\"western wp-block-heading\">LUOGO DI TRATTAMENTO DEI DATI<\/h2>\n\n\n\n<p class=\"wp-block-paragraph\">I trattamenti connessi ai servizi web di questo sito hanno luogo presso la predetta sede del Titolare e sono curati solo da personale appositamente designato incaricato del trattamento. In caso di necessit\u00e0, i dati possono essere trattati anche dal personale della societ\u00e0 che cura la manutenzione della parte tecnologica del sito, nonch\u00e9 dal personale della societ\u00e0 che fornisce lo spazio web in cui \u00e8 ospitato il sito.<\/p>\n\n\n\n<h2 class=\"western wp-block-heading\">FACOLTATIVITA&#8217; DEL CONFERIMENTO DEI DATI<\/h2>\n\n\n\n<p class=\"wp-block-paragraph\">A parte quanto specificato per i dati di navigazione, l&#8217;utente \u00e8 libero di fornire i dati personali riportati negli eventuali moduli di richiesta. Il loro mancato conferimento pu\u00f2 comportare l&#8217;impossibilit\u00e0 di ottenere quanto richiesto.<\/p>\n\n\n\n<h2 class=\"western wp-block-heading\">MODALITA&#8217; DEL TRATTAMENTO<\/h2>\n\n\n\n<p class=\"wp-block-paragraph\">I dati personali sono trattati con strumenti automatizzati per il tempo strettamente necessario a conseguire gli scopi per cui sono stati raccolti.<\/p>\n\n\n\n<p class=\"wp-block-paragraph\">Specifiche misure di sicurezza sono osservate per prevenire la perdita dei dati, usi illeciti o non corretti ed accessi non autorizzati.<\/p>\n\n\n\n<h2 class=\"western wp-block-heading\">DIRITTI DEGLI INTERESSATI<\/h2>\n\n\n\n<p class=\"wp-block-paragraph\">La informiamo inoltre che, relativamente ai dati medesimi, pu\u00f2 esercitare in qualsiasi momento i diritti previsti dal CAPO III del Regolamento. In particolare, Lei ha diritto di chiedere al Titolare l\u2019accesso ai dati che la riguardano, la loro rettifica o la cancellazione, l\u2019integrazione dei dati incompleti, la limitazione del trattamento; di ricevere i dati in un formato strutturato, di uso comune e leggibile da dispositivo automatico; di opporsi in tutto o in parte all\u2019utilizzo dei dati, nonch\u00e9 di esercitare gli altri diritti a Lei riconosciuti dalla disciplina applicabile.<\/p>\n\n\n\n<p class=\"wp-block-paragraph\"><a name=\"_GoBack\"><\/a> Tali diritti possono essere esercitati scrivendo tramite posta elettronica alla casella info@gioconaturalmente.com o per posta ordinaria all\u2019indirizzo: <span style=\"font-family: Calibri, serif;\"><i>&#8211; <\/i><\/span><span style=\"font-family: Calibri, serif;\">Viareggio (LU) Via Dei Campi 2<\/span>.<\/p>\n\n\n\n<p class=\"wp-block-paragraph\">Ai sensi dell\u2019art. 77 del Regolamento, inoltre, Lei ha diritto di proporre reclamo all\u2019Autorit\u00e0 Garante per la Protezione dei Dati nel caso in cui ritenga che il trattamento violi il citato Regolamento.<\/p>\n\n\n\n<hr class=\"wp-block-separator is-style-wide\"\/>\n\n\n\n<div class=\"wp-block-file\"><a href=\"https:\/\/www.gioconaturalmente.com\/ama\/wp-content\/uploads\/2020\/02\/Informativa-fornitori_aziende_senza-newsletter.pdf\"><strong>Informativa fornitori aziende senza newsletter<\/strong><\/a><a href=\"https:\/\/www.gioconaturalmente.com\/ama\/wp-content\/uploads\/2020\/02\/Informativa-fornitori_aziende_senza-newsletter.pdf\" class=\"wp-block-file__button\" download>Download<\/a><\/div>\n\n\n\n<div class=\"wp-block-file\"><a href=\"https:\/\/www.gioconaturalmente.com\/ama\/wp-content\/uploads\/2020\/02\/Informativa-clienti_aziende_-con-newsletter-1.pdf\"><strong>Informativa clienti aziende con newsletter<\/strong><\/a><a href=\"https:\/\/www.gioconaturalmente.com\/ama\/wp-content\/uploads\/2020\/02\/Informativa-clienti_aziende_-con-newsletter-1.pdf\" class=\"wp-block-file__button\" download>Download<\/a><\/div>\n\n\n\n<div class=\"wp-block-file\"><a href=\"https:\/\/www.gioconaturalmente.com\/ama\/wp-content\/uploads\/2020\/02\/Informativa-Offerte-1.pdf\"><strong>Informativa Offerte<\/strong><\/a><a href=\"https:\/\/www.gioconaturalmente.com\/ama\/wp-content\/uploads\/2020\/02\/Informativa-Offerte-1.pdf\" class=\"wp-block-file__button\" download>Download<\/a><\/div>\n","protected":false},"excerpt":{"rendered":"<p>PERCHE&#8217; QUESTO AVVISO? In questa pagina si descrivono le modalit\u00e0 di gestione del sito in riferimento al trattamento dei dati personali degli utenti che lo consultano. Questa informativa, resa anche ai sensi dell&#8217;art. 13 del Regolamento UE 2016\/679 (in seguito \u201cRegolamento\u201d), \u00e8 destinata a coloro che interagiscono con i servizi web della AMA S.r.l., accessibili [&hellip;]<\/p>\n","protected":false},"author":1,"featured_media":0,"parent":0,"menu_order":0,"comment_status":"closed","ping_status":"open","template":"fullwidth-template.php","meta":{"_crdt_document":"","footnotes":""},"class_list":["post-700","page","type-page","status-publish","hentry"],"_links":{"self":[{"href":"https:\/\/www.gioconaturalmente.com\/en\/wp-json\/wp\/v2\/pages\/700","targetHints":{"allow":["GET"]}}],"collection":[{"href":"https:\/\/www.gioconaturalmente.com\/en\/wp-json\/wp\/v2\/pages"}],"about":[{"href":"https:\/\/www.gioconaturalmente.com\/en\/wp-json\/wp\/v2\/types\/page"}],"author":[{"embeddable":true,"href":"https:\/\/www.gioconaturalmente.com\/en\/wp-json\/wp\/v2\/users\/1"}],"replies":[{"embeddable":true,"href":"https:\/\/www.gioconaturalmente.com\/en\/wp-json\/wp\/v2\/comments?post=700"}],"version-history":[{"count":0,"href":"https:\/\/www.gioconaturalmente.com\/en\/wp-json\/wp\/v2\/pages\/700\/revisions"}],"wp:attachment":[{"href":"https:\/\/www.gioconaturalmente.com\/en\/wp-json\/wp\/v2\/media?parent=700"}],"curies":[{"name":"wp","href":"https:\/\/api.w.org\/{rel}","templated":true}]}}