{"id":699,"date":"2015-07-02T19:32:35","date_gmt":"2015-07-02T17:32:35","guid":{"rendered":"https:\/\/www.gioconaturalmente.com\/ama\/ama\/termini-e-condizioni-2\/"},"modified":"2017-03-28T18:49:12","modified_gmt":"2017-03-28T16:49:12","slug":"termini-e-condizioni","status":"publish","type":"page","link":"https:\/\/www.gioconaturalmente.com\/en\/termini-e-condizioni\/","title":{"rendered":"Termini e Condizioni"},"content":{"rendered":"<p><strong>Condizioni generali di vendita e termini di utilizzo dei siti per il commercio online di Ama srl.<\/strong><\/p>\n<p><strong>PREZZI VENDITA E MODALITA&#8217; ACQUISTO<\/strong><\/p>\n<p>Tutti i prezzi di vendita dei prodotti presenti nel sito internet costituiscono offerta al pubblico ai sensi dell&#8217;art. 1336 c.c.e Decreto legislativo 9 aprile 2003, n. 70, sono comprensivi di I.V.A. e di ogni altra imposta. Le spese di spedizione e imballo sono comprensivi di I.V.A. ed altre eventuali imposte e i relativi costi sono sempre compilazione dell&#8217;ordine oltre che nel riepilogo finale della proposta di acquisto. Qualora intervengano tra il momento dell&#8217;acquisto e la effettiva spedizione della merce variazioni sui costi di spedizione o delle merci ordinate, Ama srl si impegna a darne tempestiva comunicazione al Cliente. In caso di mancato accordo consensuale di entrambe le parti in merito alle eventuali variazioni da pattuirsi rispetto alla originaria proposta di acquisto, Ama srl riterr\u00e0 l&#8217;ordine nullo e restituir\u00e0 per intero l&#8217;importo ricevuto in pagamento senza addebito di alcuna spesa.<br \/>\nLe condizioni di recesso e le modalit\u00e0 di restituzione della merce sono pubblicate e sempre consultabili sul questo sito e sono state redatte con esplicito e diretto riferimento al Decreto Legislativo 6 settembre 2005, n. 206&#8243;Codice del consumo, a norma dell&#8217;articolo 7 della legge 29 luglio 2003, n. 229&#8243;<\/p>\n<p>Ama srl non si assume responsabilit\u00e0 per i ritardi di consegna dovuti a fattori esterni all&#8217;azienda, o a indisponibilit\u00e0 dei vettori nel ritiro delle merci dovuti a tipicamente a congestione nel periodo natalizio e in occasione di calamit\u00e0 naturali o condizioni meteorologiche e fatti di carattere eccezionale.<br \/>\nIl cliente pu\u00f2 pagare la merce ordinata mediante i servizi di pagamento attivi indicati on line all&#8217;atto dell&#8217;acquisto.<br \/>\nL&#8217;effettuazione di ordini sui siti on line di Ama srl \u00e8 impegnativa per il Cliente che si impegna a:<\/p>\n<p>\u2022 Comunicare all&#8217;atto dell&#8217;ordine o del pagamento la richiesta di eventuale fatturazione comunicando tramite E-mail a: <a href=\"mailto:ordini@gioconaturalmente.com\">ordini@gioconaturalmente.com<\/a> i relativi dati ed autocertificando contestualmente la veridicit\u00e0 degli stessi.<br \/>\n\u2022 Collaborare attivamente per la ricezione delle merci acquistate e a lui spedite avendo preso visione, compreso ed accettato le regole di spedizione di seguito descritte.<br \/>\n\u2022 Evitare di registrarsi con pseudonimi o dati di fantasia che potrebbero causare intralcio all&#8217;evasione degli ordinativi sapendo comunque di essere tutelato dalle regole per il trattamento dei dati personali di seguito riportate.<\/p>\n<p><strong>REGOLE DI SPEDIZIONE<\/strong><\/p>\n<p><strong>Tempi di spedizione <\/strong><br \/>\nAma srl srl provveder\u00e0 alla spedizione rapida delle merci acquistate secondo le modalit\u00e0 e i descritte nei suoi siti per il commercio on line o pattuite direttamente col Cliente. Qualora la merce non fosse disponibile per spedizione pronta Ama srl contatter\u00e0 tempestivamente il Cliente che potr\u00e0 liberamente:<\/p>\n<p>\u2022 Recedere dall&#8217;acquisto ricevendo il rimborso del pagamento effettuato senza oneri<br \/>\n\u2022 Proporre o accettare nuovi tempi di consegna<br \/>\n\u2022 Variare l&#8217;ordine per l&#8217;acquisto di beni diversi integrando il pagamento o ricevendo a rimborso l&#8217;eventuale plusvalenza ove vi fosse differenza di prezzo rispetto all&#8217;iniziale proposta<\/p>\n<p><strong>Tempi di Consegna <\/strong><\/p>\n<p><strong>Le consegne avverranno nell&#8217;arco di 2\/3 giorni lavorativi a partire dalla ricezione del pagamento.<\/strong><br \/>\nAma srl ha stipulato contratti per la fornitura di servizi con i vettori per avere il rispetto dei tempi di consegna proposti e tracciabilit\u00e0 del servizio consultabile on line; si adoperer\u00e0 nell&#8217;interesse comune perch\u00e8 tali condizioni siano rispettate.<br \/>\nPer massima chiarezza si specifica e definisce che per tempi di consegna, nel caso di assenza del destinatario o rifiuto a ritirare la merce, si intende l&#8217;intervallo di tempo che intercorre tra la presa in consegna delle merci da parte del vettore incaricato e il primo tentativo di consegna al cliente all&#8217;indirizzo proposto come recapito per la spedizione all&#8217;atto dell&#8217;ordine, inteso come raggiungimento del numero civico (porta di accesso sulla pubblica via, non l&#8217;accesso alla abitazione privata se non possibile) con affissione \/ rilascio di documento scritto attestante il tentativo di consegna e contestuale pubblicazione su internet della operazione svolta.<br \/>\nIl Cliente ha sempre facolt\u00e0 di richiedere l&#8217;ID della sua spedizione a: <a href=\"mailto:ordini@gioconaturalmente.com\">ordini@gioconaturalmente.com<\/a> poich\u00e8 le spedizioni sono sempre tracciabili in tempo reale.<br \/>\nAl fine di garantire nel comune interesse il buon fine del servizio il cliente ha l&#8217;obbligo di:<\/p>\n<p>\u2022 Verificare che i propri dati relativi alla destinazione delle merci registrati sul sito o comunicati diversamente siano sempre aggiornati ed esatti e completi di ogni indicazione utile a garantire che l&#8217;indirizzo indicato possa essere raggiunto con facilit\u00e0.<br \/>\n\u2022 Comunicare un numero telefonico di sicura reperibilit\u00e0 per potere essere contattato dall&#8217;incaricato alla consegna quando dovesse rendersi necessario<br \/>\n\u2022 Rendersi sempre reperibile per il ricevimento della spedizione all&#8217;indirizzo richiesto o se impossibilitato avere comunicato prima della spedizione un indirizzo alternativo e\/o persona delegata al ritiro (esempio: in caso di mia assenza lasciare al dirimpettaio Sig. Rossi&#8230;&#8230;..lasciare in Portineria, etc.)<br \/>\n\u2022 Conoscere ed accettare la normale prassi di consegna adottata dal vettore incaricato che viene registrata e resa disponibile per consultazione on line sul sito del vettore di seguito descritta.<\/p>\n<p><strong>Prassi di consegna adottata dal vettore<\/strong><br \/>\n\u2022 Presa in consegna entro 24 ore dalla prenotazione.<br \/>\n\u2022 Inoltro alla sede pi\u00f9 vicina all&#8217;indirizzo indicato come Destinatario .<br \/>\n\u2022 Primo tentativo di consegna con rilascio \/ affissione di avviso, salvo buon fine.<br \/>\n\u2022 Secondo tentativo di consegna con rilascio \/ affissione di avviso, salvo buon fine.<\/p>\n<p><strong>Pacco in giacenza: (Il Cliente pu\u00f2 contattare personalmente la sede locale del vettore per accordi).<\/strong><br \/>\n\u2022 Pu\u00f2 essere ritirato dal Cliente ordinatario della spedizione gratuitamente entro 24 ore dal rilascio dell&#8217;avviso di giacenza e\/o della sua pubblicazione su internet , recandosi personalmente munito di documento di identit\u00e0 valido, o mandando persona di fiducia incaricata con delega scritta e documenti di identit\u00e0 propri e del delegante .<br \/>\n\u2022 Rimarr\u00e0 in giacenza per un massimo di 5 giorni e potr\u00e0 essere ritirato liquidando al vettore le relative spese.<br \/>\n\u2022 Trascorsi 5 giorni sar\u00e0 inderogabilmente reso al mittente con addebito di tutte le spese.<\/p>\n<p><strong>RITORNO DELLA SPEDIZIONE AL MITTENTE<\/strong><\/p>\n<p>In caso di ritorno al mittente la merce rimarr\u00e0 a disposizione del Cliente presso il magazzino di Ama srl per 2 mesi dall&#8217;inizio della giacenza. Il Cliente potr\u00e0 ritirare la merce personalmente o tramite persona incaricata tramite comunicazione scritta, come pure richiedere una nuova spedizione, previo rimborso di tutte le spese extra sostenute da Ama srl che saranno documentate.<\/p>\n<p><strong>DIRITTO DI RITENZIONE<\/strong><\/p>\n<p>Trascorsi 2 mesi e un giorno dall&#8217;inizio della giacenza, in mancanza di interessamento da parte del cliente, verr\u00e0 esercitato il diritto di ritenzione relativamente alle merci e agli importi versati dal Cliente dall&#8217;atto dell&#8217;acquisto. La controversia potr\u00e0 considerarsi conclusa senza che le parti possano altro pretendere.<\/p>\n<p><strong>TRATTAMENTO DATI PERSONALI<\/strong><\/p>\n<p>I dati personali sono raccolti con la finalit\u00e0 necessarie per l&#8217;invio degli articoli acquistati; tali dati sono trattati elettronicamente nel rispetto delle leggi vigenti e potranno essere esibiti soltanto su richiesta della autorit\u00e0 giudiziaria.<br \/>\nI dati personali saranno comunicati a soggetti delegati all&#8217;espletamento delle attivit\u00e0 necessarie per l&#8217;esecuzione del contratto stipulato e diffusi esclusivamente nell&#8217;ambito di tale finalit\u00e0.<br \/>\nIl trattamento si svolge, anche con l&#8217;ausilio di mezzi elettronici, nel rispetto delle modalit\u00e0 che l&#8217;art. 11 del D.Lgs. 30 giugno 2003, n. 196 che si pone a garanzia dell\u2019utente e, in generale, tutelando i suoi diritti, libert\u00e0 fondamentali e dignit\u00e0, con particolare riferimento alla riservatezza e all&#8217;identit\u00e0 personale.<br \/>\nIl trattamento si svolger\u00e0 per un periodo di tempo non superiore a quello strettamente necessario all&#8217;adempimento delle sopra descritte finalit\u00e0. I dati personali non sono comunicati a soggetti terzi. L&#8217;ottenimento della cancellazione dei propri dati personali \u00e8 subordinato all&#8217;invio di una comunicazione scritta inviata tramite posta elettronica all&#8217;email: <a href=\"mailto:ordini@gioconaturalmente.com\">ordini@gioconaturalmente.com<\/a><\/p>\n<p><strong>FORO COMPETENZA<\/strong><\/p>\n<p>Per ogni controversia che coinvolga Ama srl relativamente al commercio elettronico effettuato attraverso questo sito, si individua la competenza nel foro di Lucca.<\/p>\n","protected":false},"excerpt":{"rendered":"<p>Condizioni generali di vendita e termini di utilizzo dei siti per il commercio online di Ama srl. PREZZI VENDITA E MODALITA&#8217; ACQUISTO Tutti i prezzi di vendita dei prodotti presenti nel sito internet costituiscono offerta al pubblico ai sensi dell&#8217;art. 1336 c.c.e Decreto legislativo 9 aprile 2003, n. 70, sono comprensivi di I.V.A. e di [&hellip;]<\/p>\n","protected":false},"author":1,"featured_media":0,"parent":0,"menu_order":0,"comment_status":"closed","ping_status":"open","template":"fullwidth-template.php","meta":{"_crdt_document":"","footnotes":""},"class_list":["post-699","page","type-page","status-publish","hentry"],"_links":{"self":[{"href":"https:\/\/www.gioconaturalmente.com\/en\/wp-json\/wp\/v2\/pages\/699","targetHints":{"allow":["GET"]}}],"collection":[{"href":"https:\/\/www.gioconaturalmente.com\/en\/wp-json\/wp\/v2\/pages"}],"about":[{"href":"https:\/\/www.gioconaturalmente.com\/en\/wp-json\/wp\/v2\/types\/page"}],"author":[{"embeddable":true,"href":"https:\/\/www.gioconaturalmente.com\/en\/wp-json\/wp\/v2\/users\/1"}],"replies":[{"embeddable":true,"href":"https:\/\/www.gioconaturalmente.com\/en\/wp-json\/wp\/v2\/comments?post=699"}],"version-history":[{"count":0,"href":"https:\/\/www.gioconaturalmente.com\/en\/wp-json\/wp\/v2\/pages\/699\/revisions"}],"wp:attachment":[{"href":"https:\/\/www.gioconaturalmente.com\/en\/wp-json\/wp\/v2\/media?parent=699"}],"curies":[{"name":"wp","href":"https:\/\/api.w.org\/{rel}","templated":true}]}}