{"id":4406,"date":"2017-11-02T14:54:58","date_gmt":"2017-11-02T13:54:58","guid":{"rendered":"https:\/\/www.gioconaturalmente.com\/ama\/?page_id=4406"},"modified":"2017-11-06T12:07:01","modified_gmt":"2017-11-06T11:07:01","slug":"poppik","status":"publish","type":"page","link":"https:\/\/www.gioconaturalmente.com\/en\/poppik\/","title":{"rendered":"POPPIK"},"content":{"rendered":"<div class=\"row\"><div class=\"col-lg-6 col-md-6 col-sm-6\"> <img loading=\"lazy\" decoding=\"async\" class=\"aligncenter wp-image-3579 size-full\" src=\"\" alt=\"poppik\" width=\"228\" height=\"92\" \/> <iframe loading=\"lazy\" src=\"https:\/\/player.vimeo.com\/video\/194800988\" width=\"640\" height=\"360\" frameborder=\"0\" allowfullscreen=\"allowfullscreen\"><\/iframe><\/p>\n<p style=\"text-align: center;\"><img loading=\"lazy\" decoding=\"async\" class=\"size-full wp-image-4357 alignnone\" src=\"\" alt=\"PEFC\" width=\"98\" height=\"98\" \/><img loading=\"lazy\" decoding=\"async\" class=\"size-full wp-image-4356 alignnone\" src=\"\" alt=\"FSC\" width=\"98\" height=\"98\" \/><\/p>\n<p><\/div><div class=\"col-lg-6 col-md-6 col-sm-6\"> Il marchio parigino Poppik \u00e8 stato creato nel 2016 da due specialiste di prodotti educativo &#8211; culturali Delphine Badreddine e Francoise Baglin. Le due creative progettano i loro prodotti come un viaggio culturale attraverso le immagini, i colori e come apertura alle diverse arti grafiche. In Poppik credono che la creativit\u00e0 sia fonte di gioia, di soddisfazione, di emozioni e di condivisione. Nei bambini essa \u00e8 istintiva e naturale, negli adulti merita di essere incoraggiata a fiorire. Poppik vuole risvegliare il piacere di creare a tutte le et\u00e0 della vita. Il loro concetto esclusivo di divertimento creativo unisce la facilit\u00e0 di esecuzione con la bellezza del risultato.<\/p>\n<p>Delphine e Francoise ci invitano a giocare allegramente con i colori e a lavoro ultimato ad incollarlo sui nostri muri per allietare le nostre giornate. Poppik si pone al confine fra diversi tipi di giochi creativi: colorazione gigante, pittura in base ai numeri, puzzle e mosaico. I suoi benefici sono molteplici. Esercita alla pazienza, alla calma e alla concentrazione. Sviluppa la motricit\u00e0 fine e il riconoscimento visivo. E\u2019 coinvolgente: quando uno comincia, non si fermerebbe pi\u00f9! E\u2019 un\u2019attivit\u00e0 condivisibile per dei momenti di complicit\u00e0. Da grande soddisfazione a lavoro finito ed infine Poppik \u00e8 decorativo, offre un viaggio attraverso le culture del mondo.<\/p>\n<p>Convinti che dalle collaborazioni con creativi diversi possano nascere prodotti davvero originali, Francoise e Delphine hanno dato carta bianca a Marcel &amp; Joachim, una casa editrice parigina fondata nel 2013, per la creazione di due nuovi Poppik. Con loro, noi di Poppik, condividiamo la stessa passione per le belle immagini, ed abbiamo voluto attraverso i nostri prodotti fare eco a dei libri splendidamente illustrati da Marcel &amp; Joachim.<\/p>\n<p>Da Poppik prestano molta attenzione al processo di produzione dei loro prodotti. I loro articoli sono tutti realizzati in Europa, certificati FSC e PEFC. \u00a0 <\/div><\/div>\n<p style=\"text-align: center;\"><img decoding=\"async\" src=\"\" alt=\"sticker-poppik-1\" width=\"460\" height=\"auto\" \/><img loading=\"lazy\" decoding=\"async\" class=\"src= alignnone wp-image-4359 size-full\" src=\"\" alt=\"sticker-poppik-2\" width=\"485\" height=\"235\" \/><\/p>\n<p>&nbsp;<\/p>\n","protected":false},"excerpt":{"rendered":"<p>&nbsp;<\/p>\n","protected":false},"author":722,"featured_media":0,"parent":0,"menu_order":0,"comment_status":"closed","ping_status":"closed","template":"fullwidth-template.php","meta":{"_crdt_document":"","footnotes":""},"class_list":["post-4406","page","type-page","status-publish","hentry"],"_links":{"self":[{"href":"https:\/\/www.gioconaturalmente.com\/en\/wp-json\/wp\/v2\/pages\/4406","targetHints":{"allow":["GET"]}}],"collection":[{"href":"https:\/\/www.gioconaturalmente.com\/en\/wp-json\/wp\/v2\/pages"}],"about":[{"href":"https:\/\/www.gioconaturalmente.com\/en\/wp-json\/wp\/v2\/types\/page"}],"author":[{"embeddable":true,"href":"https:\/\/www.gioconaturalmente.com\/en\/wp-json\/wp\/v2\/users\/722"}],"replies":[{"embeddable":true,"href":"https:\/\/www.gioconaturalmente.com\/en\/wp-json\/wp\/v2\/comments?post=4406"}],"version-history":[{"count":0,"href":"https:\/\/www.gioconaturalmente.com\/en\/wp-json\/wp\/v2\/pages\/4406\/revisions"}],"wp:attachment":[{"href":"https:\/\/www.gioconaturalmente.com\/en\/wp-json\/wp\/v2\/media?parent=4406"}],"curies":[{"name":"wp","href":"https:\/\/api.w.org\/{rel}","templated":true}]}}